

{"id":10166,"date":"2025-06-05T12:54:08","date_gmt":"2025-06-05T10:54:08","guid":{"rendered":"https:\/\/www.naturalcastello.com\/?page_id=10166"},"modified":"2025-06-05T12:55:18","modified_gmt":"2025-06-05T10:55:18","slug":"zahlungsarten","status":"publish","type":"page","link":"https:\/\/www.naturalcastello.com\/de\/zahlungsarten\/","title":{"rendered":"Zahlungsarten"},"content":{"rendered":"<div class=\"wpb-content-wrapper\"><p>[vc_row][vc_column][vc_column_text css=&#8221;&#8221;]<\/p>\n<h3>Kreditkarte<\/h3>\n<p>Bei Natural Castell\u00f3 verwenden wir ein <strong>vollst\u00e4ndig sicheres<\/strong> Zahlungssystem mit Kreditkarte, um die Vertraulichkeit der Daten unserer Kunden zu gew\u00e4hrleisten und m\u00f6gliche betr\u00fcgerische K\u00e4ufe zu vermeiden. Vertrauliche Daten werden direkt und verschl\u00fcsselt (SSL) an das zust\u00e4ndige Finanzinstitut \u00fcbermittelt. Das SSL-Verschl\u00fcsselungssystem garantiert vollst\u00e4ndige Sicherheit bei der Daten\u00fcbertragung \u00fcber das Netzwerk. Die Daten der Kreditkarten werden in keiner Datenbank von Natural Castell\u00f3 gespeichert. Sie werden ausschlie\u00dflich im virtuellen POS-Terminal (Point of Sale) unseres Finanzinstituts \u00fcber dessen sichere Zahlungsplattform verwendet. Um bei Natural Castell\u00f3 zu bezahlen, k\u00f6nnen Sie Visa-, Mastercard- und Maestro-Karten verwenden. F\u00fcr die Bezahlung der Bestellung fordert das Finanzinstitut die Kartendaten (Nummer, Karteninhaber und CVV-Code) sowie eine Sicherheits\u00fcberpr\u00fcfung an. Sobald die Zahlung best\u00e4tigt ist, wird die Bestellung zur sp\u00e4teren Auslieferung vorbereitet.[\/vc_column_text][\/vc_column][\/vc_row]<\/p>\n<\/div>","protected":false},"excerpt":{"rendered":"<p>[vc_row][vc_column][vc_column_text css=&#8221;&#8221;] Kreditkarte Bei Natural Castell\u00f3 verwenden wir ein vollst\u00e4ndig sicheres Zahlungssystem mit Kreditkarte, um die Vertraulichkeit der Daten unserer Kunden zu gew\u00e4hrleisten und m\u00f6gliche betr\u00fcgerische K\u00e4ufe zu vermeiden. Vertrauliche Daten werden direkt und verschl\u00fcsselt (SSL) an das zust\u00e4ndige Finanzinstitut \u00fcbermittelt. Das SSL-Verschl\u00fcsselungssystem garantiert vollst\u00e4ndige Sicherheit bei der Daten\u00fcbertragung \u00fcber das Netzwerk. Die Daten der [&hellip;]<\/p>\n","protected":false},"author":1,"featured_media":0,"parent":0,"menu_order":0,"comment_status":"closed","ping_status":"closed","template":"","meta":{"_seopress_robots_primary_cat":"","_seopress_titles_title":"","_seopress_titles_desc":"","_seopress_robots_index":"","inline_featured_image":false,"footnotes":""},"class_list":["post-10166","page","type-page","status-publish","hentry"],"_links":{"self":[{"href":"https:\/\/www.naturalcastello.com\/de\/wp-json\/wp\/v2\/pages\/10166","targetHints":{"allow":["GET"]}}],"collection":[{"href":"https:\/\/www.naturalcastello.com\/de\/wp-json\/wp\/v2\/pages"}],"about":[{"href":"https:\/\/www.naturalcastello.com\/de\/wp-json\/wp\/v2\/types\/page"}],"author":[{"embeddable":true,"href":"https:\/\/www.naturalcastello.com\/de\/wp-json\/wp\/v2\/users\/1"}],"replies":[{"embeddable":true,"href":"https:\/\/www.naturalcastello.com\/de\/wp-json\/wp\/v2\/comments?post=10166"}],"version-history":[{"count":2,"href":"https:\/\/www.naturalcastello.com\/de\/wp-json\/wp\/v2\/pages\/10166\/revisions"}],"predecessor-version":[{"id":10176,"href":"https:\/\/www.naturalcastello.com\/de\/wp-json\/wp\/v2\/pages\/10166\/revisions\/10176"}],"wp:attachment":[{"href":"https:\/\/www.naturalcastello.com\/de\/wp-json\/wp\/v2\/media?parent=10166"}],"curies":[{"name":"wp","href":"https:\/\/api.w.org\/{rel}","templated":true}]}}