

{"id":10513,"date":"2024-06-19T10:40:09","date_gmt":"2025-06-06T17:26:08","guid":{"rendered":"https:\/\/www.naturalcastello.com\/?post_type=product&#038;p=10513"},"modified":"2025-06-12T17:36:03","modified_gmt":"2025-06-12T15:36:03","slug":"bonsweet-flussigtropfen","status":"publish","type":"product","link":"https:\/\/www.naturalcastello.com\/de\/product\/bonsweet-flussigtropfen\/","title":{"rendered":"BonSweet Fl\u00fcssigtropfen"},"content":{"rendered":"","protected":false},"excerpt":{"rendered":"<p><strong>Sie suchen einen kalorienfreien S\u00fc\u00dfstoff, der Zucker ersetzt, ohne auf nat\u00fcrlichen Geschmack zu verzichten<\/strong>? \ud83d\udc9a Probieren Sie <strong>BonSweet Fl\u00fcssigs\u00fc\u00dfstoff<\/strong> mit <strong>Cyclamat und Saccharin<\/strong>. Er ist <strong>perfekt f\u00fcr hei\u00dfe und kalte Getr\u00e4nke<\/strong> sowie zum <strong>Backen und Kochen<\/strong>: Kaffee, Tee, Proteinshakes, Aufg\u00fcsse, Porridge, Joghurt, Smoothies, Kuchen, Kekse und vieles mehr \u2615\ud83c\udf70.<\/p>\n<p>Der <strong>BonSweet S\u00fc\u00dfstoff auf Basis von Cyclamat und Saccharin<\/strong> ist eine <strong>kalorienfreie, glutenfreie und aspartamfreie Zuckeralternative<\/strong> \u2013 und das <strong>ohne Nachgeschmack<\/strong> \ud83c\udf3f. Er <strong>beeinflusst weder den Blutzucker-, Insulin-, Cholesterin- noch Triglyzerid- oder Elektrolythaushalt<\/strong> \ud83e\ude7a, dank seines <strong>glyk\u00e4mischen Index von 0<\/strong>.<\/p>\n<p>Es handelt sich um einen <strong>kalorien- und kohlenhydratfreien S\u00fc\u00dfstoff<\/strong> \ud83d\udd25. <strong>Enth\u00e4lt weder Laktose, Gluten noch k\u00fcnstliche Aromen<\/strong> \u274c.<\/p>\n<p><strong>Ideal f\u00fcr spezielle Ern\u00e4hrungsweisen<\/strong>, darunter <strong>ketogene Di\u00e4ten, Candida-Di\u00e4ten und Sportlerern\u00e4hrung<\/strong> \ud83c\udfcb\ufe0f\u200d\u2642\ufe0f\ud83e\udd51.<\/p>\n<p><strong>8 Tropfen entsprechen 1 Teel\u00f6ffel Zucker (4 g)<\/strong> \ud83c\udf6d. Eine <strong>200-ml-Flasche reicht f\u00fcr ca. 750 Portionen<\/strong> \u2192 <strong>entspricht 750 Teel\u00f6ffeln Zucker<\/strong> \u2705.<\/p>\n","protected":false},"featured_media":8758,"template":"","meta":{"_seopress_robots_primary_cat":"none","_seopress_titles_title":"","_seopress_titles_desc":"","_seopress_robots_index":"","inline_featured_image":false},"product_brand":[],"product_cat":[699,687],"product_tag":[],"class_list":{"0":"post-10513","1":"product","2":"type-product","3":"status-publish","4":"has-post-thumbnail","6":"product_cat-produkte","7":"product_cat-suessstoffe-auf-saccharinbasis","9":"first","10":"instock","11":"taxable","12":"shipping-taxable","13":"purchasable","14":"product-type-simple"},"_links":{"self":[{"href":"https:\/\/www.naturalcastello.com\/de\/wp-json\/wp\/v2\/product\/10513","targetHints":{"allow":["GET"]}}],"collection":[{"href":"https:\/\/www.naturalcastello.com\/de\/wp-json\/wp\/v2\/product"}],"about":[{"href":"https:\/\/www.naturalcastello.com\/de\/wp-json\/wp\/v2\/types\/product"}],"wp:featuredmedia":[{"embeddable":true,"href":"https:\/\/www.naturalcastello.com\/de\/wp-json\/wp\/v2\/media\/8758"}],"wp:attachment":[{"href":"https:\/\/www.naturalcastello.com\/de\/wp-json\/wp\/v2\/media?parent=10513"}],"wp:term":[{"taxonomy":"product_brand","embeddable":true,"href":"https:\/\/www.naturalcastello.com\/de\/wp-json\/wp\/v2\/product_brand?post=10513"},{"taxonomy":"product_cat","embeddable":true,"href":"https:\/\/www.naturalcastello.com\/de\/wp-json\/wp\/v2\/product_cat?post=10513"},{"taxonomy":"product_tag","embeddable":true,"href":"https:\/\/www.naturalcastello.com\/de\/wp-json\/wp\/v2\/product_tag?post=10513"}],"curies":[{"name":"wp","href":"https:\/\/api.w.org\/{rel}","templated":true}]}}