

{"id":10516,"date":"2024-06-18T10:06:26","date_gmt":"2025-06-06T17:26:16","guid":{"rendered":"https:\/\/www.naturalcastello.com\/?post_type=product&#038;p=10516"},"modified":"2025-06-12T11:10:54","modified_gmt":"2025-06-12T09:10:54","slug":"stevia-suessstofftabletten-150","status":"publish","type":"product","link":"https:\/\/www.naturalcastello.com\/de\/product\/stevia-suessstofftabletten-150\/","title":{"rendered":"Stevia S\u00fc\u00dfstofftabletten"},"content":{"rendered":"","protected":false},"excerpt":{"rendered":"<p>Sie suchen nach einem <strong>kalorienfreien S\u00fc\u00dfstoff<\/strong>, um <strong>Zucker zu ersetzen, ohne auf nat\u00fcrliche S\u00fc\u00dfe zu verzichten<\/strong> \ud83d\udc9a? Probieren Sie die <strong>Stevia-S\u00fc\u00dfstofftabletten von Castello seit 1907<\/strong>. F\u00fcgen Sie diesen S\u00fc\u00dfstoff zu Ihrem <strong>Lieblingshei\u00dfgetr\u00e4nk<\/strong> hinzu \u2615. Er <strong>l\u00f6st sich perfekt in hei\u00dfem Kaffee oder Tee auf<\/strong>.<\/p>\n<p>Die <strong>Stevia-S\u00fc\u00dfstofftabletten von Castello seit 1907<\/strong> sind eine <strong>nat\u00fcrliche und gesunde Alternative zu Zucker<\/strong>, die <strong>keinen Einfluss auf Ihren Blutzucker, Insulinspiegel, Cholesterin, Triglyzeride oder Elektrolyte<\/strong> hat \ud83e\ude7a \u2013 dank ihres <strong>glyk\u00e4mischen Index\u2019 von nahezu null<\/strong>.<\/p>\n<p>Es handelt sich um einen <strong>kalorien- und kohlenhydratfreien S\u00fc\u00dfstoff<\/strong> \ud83e\uddd8.<\/p>\n<p>Ideal f\u00fcr <strong>besondere Ern\u00e4hrungsweisen<\/strong> wie die <strong>ketogene Ern\u00e4hrung, Candida-Di\u00e4t oder Sportlerern\u00e4hrung<\/strong> \ud83e\udd51\ud83c\udfcb\ufe0f\u200d\u2642\ufe0f.<\/p>\n<p><strong>1 Tablette entspricht 1 Teel\u00f6ffel Zucker (4\u202fg)<\/strong> \ud83c\udf6d. <strong>Ein Spender enth\u00e4lt 150 Tabletten<\/strong> \u2192 <strong>entspricht 150 Teel\u00f6ffeln Zucker<\/strong> \u2705.<\/p>\n","protected":false},"featured_media":8724,"template":"","meta":{"_seopress_robots_primary_cat":"none","_seopress_titles_title":"","_seopress_titles_desc":"","_seopress_robots_index":"","inline_featured_image":false},"product_brand":[],"product_cat":[235,647,246],"product_tag":[],"class_list":{"0":"post-10516","1":"product","2":"type-product","3":"status-publish","4":"has-post-thumbnail","6":"product_cat-products","7":"product_cat-stevia-tablets","8":"product_cat-stevia-erythritol","10":"first","11":"instock","12":"taxable","13":"shipping-taxable","14":"purchasable","15":"product-type-simple"},"_links":{"self":[{"href":"https:\/\/www.naturalcastello.com\/de\/wp-json\/wp\/v2\/product\/10516","targetHints":{"allow":["GET"]}}],"collection":[{"href":"https:\/\/www.naturalcastello.com\/de\/wp-json\/wp\/v2\/product"}],"about":[{"href":"https:\/\/www.naturalcastello.com\/de\/wp-json\/wp\/v2\/types\/product"}],"wp:featuredmedia":[{"embeddable":true,"href":"https:\/\/www.naturalcastello.com\/de\/wp-json\/wp\/v2\/media\/8724"}],"wp:attachment":[{"href":"https:\/\/www.naturalcastello.com\/de\/wp-json\/wp\/v2\/media?parent=10516"}],"wp:term":[{"taxonomy":"product_brand","embeddable":true,"href":"https:\/\/www.naturalcastello.com\/de\/wp-json\/wp\/v2\/product_brand?post=10516"},{"taxonomy":"product_cat","embeddable":true,"href":"https:\/\/www.naturalcastello.com\/de\/wp-json\/wp\/v2\/product_cat?post=10516"},{"taxonomy":"product_tag","embeddable":true,"href":"https:\/\/www.naturalcastello.com\/de\/wp-json\/wp\/v2\/product_tag?post=10516"}],"curies":[{"name":"wp","href":"https:\/\/api.w.org\/{rel}","templated":true}]}}