

{"id":10520,"date":"2024-06-10T12:56:05","date_gmt":"2025-06-06T17:26:26","guid":{"rendered":"https:\/\/www.naturalcastello.com\/?post_type=product&#038;p=10520"},"modified":"2025-06-12T11:50:29","modified_gmt":"2025-06-12T09:50:29","slug":"erythrit-biologisch-144sticks","status":"publish","type":"product","link":"https:\/\/www.naturalcastello.com\/de\/product\/erythrit-biologisch-144sticks\/","title":{"rendered":"Erythrit \u2013 biologisch, \u00f6kologisch, naturrein"},"content":{"rendered":"","protected":false},"excerpt":{"rendered":"<p>Wenn Sie auf der Suche nach einem <strong>gesunden und nat\u00fcrlichen Zuckerersatz<\/strong> \ud83d\udc9a sind, ist das <strong>Bio-Erythrit von Castello since 1907<\/strong> eine <strong>ausgezeichnete Wahl<\/strong>. Dieses S\u00fc\u00dfungsmittel kommt <strong>nat\u00fcrlich in Fr\u00fcchten und fermentierten Lebensmitteln<\/strong> \ud83c\udf47\ud83c\udf4f vor und ist <strong>als biologisch, \u00f6kologisch und umweltfreundlich zertifiziert<\/strong> \ud83c\udf31, was seine <strong>Qualit\u00e4t und Reinheit<\/strong> garantiert. Mit dieser Wahl tun Sie Ihrem K\u00f6rper etwas Gutes \u2013 dank eines <strong>sicheren und gesunden Produkts<\/strong> \ud83e\ude7a.<\/p>\n<p>Das <strong>Bio-Erythrit von Castello since 1907<\/strong> wird aus <strong>100\u202f% zertifiziertem, gentechnikfreiem Mais<\/strong> \ud83c\udf3d hergestellt und ist damit eine <strong>sichere und gesunde Wahl<\/strong> f\u00fcr alle, die <strong>eine ausgewogene Ern\u00e4hrung<\/strong> anstreben. Als <strong>nat\u00fcrlicher und biologischer S\u00fc\u00dfstoff<\/strong> aus Fr\u00fcchten und fermentierten Lebensmitteln stellt es eine <strong>ges\u00fcndere Alternative zu herk\u00f6mmlichem Zucker<\/strong> \ud83c\udf6c dar. Die <strong>Gentechnikfreiheit<\/strong> garantiert, dass <strong>keine gentechnisch ver\u00e4nderten Organismen<\/strong> in der Herstellung verwendet werden \ud83d\udd2c.<\/p>\n<p>Dieser S\u00fc\u00dfstoff ist <strong>ideal f\u00fcr spezielle Ern\u00e4hrungsformen<\/strong> wie <strong>die Keto-Di\u00e4t, die Pal\u00e4o-Di\u00e4t, f\u00fcr Menschen mit Diabetes, Candida oder f\u00fcr Sportler<\/strong> \ud83c\udfcb\ufe0f\u200d\u2642\ufe0f\ud83e\udd51. Sein Verzehr <strong>beeinflusst weder den Blutzucker- noch den Insulin-, Cholesterin-, Triglyzerid- oder Elektrolythaushalt<\/strong> \ud83e\ude78. Au\u00dferdem hat <strong>Erythrit einen glyk\u00e4mischen Index von 0<\/strong>, was es zu einer <strong>sicheren Option f\u00fcr Diabetiker<\/strong> macht \u2705.<\/p>\n<p>Das <strong>Bio-Erythrit von Castello since 1907<\/strong> enth\u00e4lt <strong>0 Kalorien und 0 verwertbare Kohlenhydrate<\/strong>, da <strong>die enthaltenen Kohlenhydrate vom menschlichen K\u00f6rper nicht verstoffwechselt werden<\/strong>. Es ist die <strong>perfekte Alternative zur Reduzierung des Zuckerkonsums und der Kalorienzufuhr<\/strong> \ud83d\udd25. Zudem <strong>l\u00f6st es sich leicht in Fl\u00fcssigkeiten auf<\/strong> und eignet sich <strong>sowohl f\u00fcr hei\u00dfe und kalte Getr\u00e4nke<\/strong> als auch zum <strong>Backen und f\u00fcr Desserts<\/strong> wie Kuchen, Baiser oder Eis \ud83c\udf70\ud83c\udf66.<\/p>\n<p>Ein <strong>5-Gramm-Beutel Bio- und \u00d6ko-Erythrit<\/strong> von Castello since 1907 <strong>s\u00fc\u00dft etwa so stark wie 4 Gramm Zucker<\/strong> \ud83c\udf6d. Sein <strong>Geschmack und seine Textur \u00e4hneln dem von Zucker<\/strong>, was ihn zu einer <strong>hervorragenden Wahl macht, um S\u00fc\u00dfe zu genie\u00dfen, ohne die Gesundheit zu gef\u00e4hrden<\/strong> \ud83d\udcaa. Deshalb <strong>gewinnt Erythrit weltweit immer mehr an Beliebtheit<\/strong> \ud83c\udf0d \u2013 als <strong>gesunde und nat\u00fcrliche Zuckeralternative<\/strong>.<\/p>\n","protected":false},"featured_media":8681,"template":"","meta":{"_seopress_robots_primary_cat":"none","_seopress_titles_title":"","_seopress_titles_desc":"","_seopress_robots_index":"","inline_featured_image":false},"product_brand":[],"product_cat":[628,671,236],"product_tag":[],"class_list":{"0":"post-10520","1":"product","2":"type-product","3":"status-publish","4":"has-post-thumbnail","6":"product_cat-eritritol","7":"product_cat-eritritol-organico","8":"product_cat-productos","10":"first","11":"instock","12":"taxable","13":"shipping-taxable","14":"purchasable","15":"product-type-simple"},"_links":{"self":[{"href":"https:\/\/www.naturalcastello.com\/de\/wp-json\/wp\/v2\/product\/10520","targetHints":{"allow":["GET"]}}],"collection":[{"href":"https:\/\/www.naturalcastello.com\/de\/wp-json\/wp\/v2\/product"}],"about":[{"href":"https:\/\/www.naturalcastello.com\/de\/wp-json\/wp\/v2\/types\/product"}],"wp:featuredmedia":[{"embeddable":true,"href":"https:\/\/www.naturalcastello.com\/de\/wp-json\/wp\/v2\/media\/8681"}],"wp:attachment":[{"href":"https:\/\/www.naturalcastello.com\/de\/wp-json\/wp\/v2\/media?parent=10520"}],"wp:term":[{"taxonomy":"product_brand","embeddable":true,"href":"https:\/\/www.naturalcastello.com\/de\/wp-json\/wp\/v2\/product_brand?post=10520"},{"taxonomy":"product_cat","embeddable":true,"href":"https:\/\/www.naturalcastello.com\/de\/wp-json\/wp\/v2\/product_cat?post=10520"},{"taxonomy":"product_tag","embeddable":true,"href":"https:\/\/www.naturalcastello.com\/de\/wp-json\/wp\/v2\/product_tag?post=10520"}],"curies":[{"name":"wp","href":"https:\/\/api.w.org\/{rel}","templated":true}]}}