

{"id":10525,"date":"2022-06-01T17:06:12","date_gmt":"2025-06-06T17:26:41","guid":{"rendered":"https:\/\/www.naturalcastello.com\/?post_type=product&#038;p=10525"},"modified":"2025-06-12T12:41:04","modified_gmt":"2025-06-12T10:41:04","slug":"erythrit-pulver-850g","status":"publish","type":"product","link":"https:\/\/www.naturalcastello.com\/de\/product\/erythrit-pulver-850g\/","title":{"rendered":"Erythrit-Pulver"},"content":{"rendered":"","protected":false},"excerpt":{"rendered":"<p>Entdecken Sie das <strong>Castello since 1907 Erythrit-Pulver<\/strong> \u2013 ein <strong>100\u202f% nat\u00fcrlicher S\u00fc\u00dfstoff<\/strong>, der auf nat\u00fcrliche Weise in Fr\u00fcchten und fermentierten Lebensmitteln vorkommt \ud83c\udf3f. Dieser <strong>gesunde und kalorienfreie S\u00fc\u00dfstoff<\/strong> ist ideal f\u00fcr alle, die <strong>ihren Zuckerkonsum reduzieren m\u00f6chten, ohne auf guten Geschmack zu verzichten<\/strong> \ud83d\udc9a. Mit einer <strong>viel feineren Textur als kristallines Erythrit<\/strong> <strong>l\u00f6st es sich schnell in Fl\u00fcssigkeiten auf<\/strong> und <strong>vermischt sich besonders gut mit Teigen und Cremes<\/strong>. Es ist die <strong>beste Wahl f\u00fcr eine glatte, kl\u00fcmpchenfreie Konsistenz<\/strong> \u2728. Probieren Sie es aus und <strong>genie\u00dfen Sie s\u00fc\u00dfen Genuss ohne Reue<\/strong> \u2705!<\/p>\n<p>Das <strong>Erythrit-Pulver von Castello since 1907<\/strong> wird <strong>h\u00e4ufig zum Dekorieren von Desserts und Backwaren verwendet<\/strong> \ud83c\udf70. Dank seiner <strong>feinen K\u00f6rnung<\/strong> <strong>haftet es m\u00fchelos auf der Oberfl\u00e4che von Speisen<\/strong> und sorgt f\u00fcr eine <strong>attraktive Optik und eine Extraportion S\u00fc\u00dfe<\/strong> \ud83c\udf69. Oft wird es <strong>\u00fcber Pfannkuchen, Waffeln oder Nachspeisen gestreut<\/strong>, um diesen den letzten Schliff zu verleihen \ud83e\udd5e. Es ist <strong>perfekt f\u00fcr Rezepte<\/strong> wie <strong>Glasuren, Toppings oder Saucen<\/strong>, bei denen eine <strong>schnelle Aufl\u00f6sung des S\u00fc\u00dfstoffs<\/strong> erforderlich ist. <strong>Veredeln Sie Ihre Kreationen<\/strong> mit diesem vielseitigen und eleganten Produkt \ud83c\udf7d\ufe0f.<\/p>\n<p>Dieser S\u00fc\u00dfstoff ist <strong>ideal f\u00fcr spezielle Ern\u00e4hrungsformen<\/strong> wie <strong>Keto, Paleo, bei Diabetes, Candida<\/strong> und f\u00fcr <strong>Sportler<\/strong> \ud83c\udfcb\ufe0f\u200d\u2640\ufe0f\ud83e\udd51. Sein Verzehr <strong>beeinflusst weder den Blutzucker, noch Insulin, Cholesterin, Triglyzeride oder Elektrolyte<\/strong> \ud83e\ude7a. Zudem hat <strong>Erythrit einen glyk\u00e4mischen Index von 0<\/strong>, was es zu einer <strong>sicheren Option f\u00fcr Menschen macht, die keinen Zucker vertragen<\/strong>.<\/p>\n<p>Das <strong>pulverisierte Erythrit von Castello since 1907<\/strong> enth\u00e4lt <strong>0 Kalorien und 0 Netto-Kohlenhydrate<\/strong>, da <strong>seine Kohlenhydrate vom menschlichen K\u00f6rper nicht verstoffwechselt werden<\/strong>. Es ist somit eine <strong>ideale Alternative f\u00fcr alle, die Zucker reduzieren und ihre Kalorienzufuhr kontrollieren m\u00f6chten<\/strong> \ud83d\udd25. Zus\u00e4tzlich <strong>l\u00f6st es sich m\u00fchelos in Fl\u00fcssigkeiten<\/strong> \u2013 perfekt f\u00fcr <strong>warme und kalte Getr\u00e4nke<\/strong>, ebenso wie f\u00fcr <strong>Backwaren und S\u00fc\u00dfspeisen<\/strong> wie <strong>Kuchen, Baiser oder Eiscreme<\/strong> \ud83c\udf66.<\/p>\n<p>Bereits mit <strong>10\u202fGramm des Erythrit-Pulvers von Castello since 1907<\/strong> erreichen Sie die <strong>gleiche S\u00fc\u00dfkraft wie mit 7\u202fGramm Zucker<\/strong> \ud83c\udf6d. Geschmack und Konsistenz \u00e4hneln stark dem Puderzucker, was es zu einer <strong>hervorragenden Wahl f\u00fcr alle macht, die s\u00fc\u00dfen Genuss ohne Gesundheitsrisiken suchen<\/strong> \ud83d\udcaa. Deshalb wird <strong>Erythrit weltweit immer beliebter<\/strong> \ud83c\udf0d \u2013 als <strong>gesunde und nat\u00fcrliche Alternative zu Zucker<\/strong>.<\/p>\n","protected":false},"featured_media":8351,"template":"","meta":{"_seopress_robots_primary_cat":"none","_seopress_titles_title":"","_seopress_titles_desc":"","_seopress_robots_index":"","inline_featured_image":false},"product_brand":[],"product_cat":[628,236,238],"product_tag":[],"class_list":{"0":"post-10525","1":"product","2":"type-product","3":"status-publish","4":"has-post-thumbnail","6":"product_cat-eritritol","7":"product_cat-productos","8":"product_cat-stevia-eritritol","10":"first","11":"instock","12":"taxable","13":"shipping-taxable","14":"purchasable","15":"product-type-simple"},"_links":{"self":[{"href":"https:\/\/www.naturalcastello.com\/de\/wp-json\/wp\/v2\/product\/10525","targetHints":{"allow":["GET"]}}],"collection":[{"href":"https:\/\/www.naturalcastello.com\/de\/wp-json\/wp\/v2\/product"}],"about":[{"href":"https:\/\/www.naturalcastello.com\/de\/wp-json\/wp\/v2\/types\/product"}],"wp:featuredmedia":[{"embeddable":true,"href":"https:\/\/www.naturalcastello.com\/de\/wp-json\/wp\/v2\/media\/8351"}],"wp:attachment":[{"href":"https:\/\/www.naturalcastello.com\/de\/wp-json\/wp\/v2\/media?parent=10525"}],"wp:term":[{"taxonomy":"product_brand","embeddable":true,"href":"https:\/\/www.naturalcastello.com\/de\/wp-json\/wp\/v2\/product_brand?post=10525"},{"taxonomy":"product_cat","embeddable":true,"href":"https:\/\/www.naturalcastello.com\/de\/wp-json\/wp\/v2\/product_cat?post=10525"},{"taxonomy":"product_tag","embeddable":true,"href":"https:\/\/www.naturalcastello.com\/de\/wp-json\/wp\/v2\/product_tag?post=10525"}],"curies":[{"name":"wp","href":"https:\/\/api.w.org\/{rel}","templated":true}]}}