

{"id":10541,"date":"2021-12-14T16:26:18","date_gmt":"2025-06-06T17:29:31","guid":{"rendered":"https:\/\/www.naturalcastello.com\/?post_type=product&#038;p=10541"},"modified":"2025-06-12T13:39:08","modified_gmt":"2025-06-12T11:39:08","slug":"bio-backpulver-12x68g","status":"publish","type":"product","link":"https:\/\/www.naturalcastello.com\/de\/product\/bio-backpulver-12x68g\/","title":{"rendered":"Bio-Backpulver"},"content":{"rendered":"","protected":false},"excerpt":{"rendered":"<p><strong>Hergestellt aus zertifizierten Bio-Zutaten<\/strong>, ist dieses Backpulver die ideale Wahl f\u00fcr alle, die ges\u00fcndere und nachhaltigere Backprodukte suchen. \ud83c\udf31<\/p>\n<p><strong>Frei von Gluten, Phosphaten, Aluminium und gentechnisch ver\u00e4nderten Organismen (GVO-frei)<\/strong> \u2013 perfekt f\u00fcr spezielle Ern\u00e4hrungsweisen und gesundheitsbewusste Verbraucher. \ud83d\udeab<\/p>\n<p><strong>Doppelt wirkendes Backpulver<\/strong> sorgt f\u00fcr eine gleichm\u00e4\u00dfige und anhaltende Gasfreisetzung \u2013 f\u00fcr perfekte Lockerheit bei jedem Geb\u00e4ck. \ud83c\udf82<\/p>\n<p>Es verleiht Kuchen, Muffins und allen Backwaren ein <strong>hervorragendes Volumen und eine ideale Textur<\/strong>, ohne den urspr\u00fcnglichen Geschmack zu ver\u00e4ndern. \ud83e\uddc1<\/p>\n<p><strong>Bio-Backpulver online kaufen<\/strong> ist eine kluge Entscheidung: Qualit\u00e4t, Sicherheit und professionelle Ergebnisse \u2013 ganz einfach. \u2705<\/p>\n","protected":false},"featured_media":8244,"template":"","meta":{"_seopress_robots_primary_cat":"none","_seopress_titles_title":"","_seopress_titles_desc":"","_seopress_robots_index":"","inline_featured_image":false},"product_brand":[],"product_cat":[699,678],"product_tag":[],"class_list":{"0":"post-10541","1":"product","2":"type-product","3":"status-publish","4":"has-post-thumbnail","6":"product_cat-produkte","7":"product_cat-weinstein","9":"first","10":"instock","11":"taxable","12":"shipping-taxable","13":"purchasable","14":"product-type-simple"},"_links":{"self":[{"href":"https:\/\/www.naturalcastello.com\/de\/wp-json\/wp\/v2\/product\/10541","targetHints":{"allow":["GET"]}}],"collection":[{"href":"https:\/\/www.naturalcastello.com\/de\/wp-json\/wp\/v2\/product"}],"about":[{"href":"https:\/\/www.naturalcastello.com\/de\/wp-json\/wp\/v2\/types\/product"}],"wp:featuredmedia":[{"embeddable":true,"href":"https:\/\/www.naturalcastello.com\/de\/wp-json\/wp\/v2\/media\/8244"}],"wp:attachment":[{"href":"https:\/\/www.naturalcastello.com\/de\/wp-json\/wp\/v2\/media?parent=10541"}],"wp:term":[{"taxonomy":"product_brand","embeddable":true,"href":"https:\/\/www.naturalcastello.com\/de\/wp-json\/wp\/v2\/product_brand?post=10541"},{"taxonomy":"product_cat","embeddable":true,"href":"https:\/\/www.naturalcastello.com\/de\/wp-json\/wp\/v2\/product_cat?post=10541"},{"taxonomy":"product_tag","embeddable":true,"href":"https:\/\/www.naturalcastello.com\/de\/wp-json\/wp\/v2\/product_tag?post=10541"}],"curies":[{"name":"wp","href":"https:\/\/api.w.org\/{rel}","templated":true}]}}