

{"id":10543,"date":"2019-11-12T08:36:05","date_gmt":"2025-06-06T17:29:38","guid":{"rendered":"https:\/\/www.naturalcastello.com\/?post_type=product&#038;p=10543"},"modified":"2025-06-12T12:41:06","modified_gmt":"2025-06-12T10:41:06","slug":"granuliertes-erythrit-1kg","status":"publish","type":"product","link":"https:\/\/www.naturalcastello.com\/de\/product\/granuliertes-erythrit-1kg\/","title":{"rendered":"Granuliertes Erythrit"},"content":{"rendered":"","protected":false},"excerpt":{"rendered":"<p>Entdecken Sie das <strong>Erythrit von Castello since 1907<\/strong> \u2013 ein <strong>100\u202f% nat\u00fcrlicher S\u00fc\u00dfstoff<\/strong>, der auf nat\u00fcrliche Weise in Fr\u00fcchten und fermentierten Lebensmitteln vorkommt \ud83c\udf3f. Dieser <strong>gesunde und kalorienfreie S\u00fc\u00dfstoff<\/strong> ist ideal f\u00fcr alle, die <strong>ihren Zuckerkonsum reduzieren m\u00f6chten, ohne auf Geschmack zu verzichten<\/strong> \ud83d\udc9a. Dank seines <strong>nat\u00fcrlichen Ursprungs<\/strong> und seiner <strong>angenehmen S\u00fc\u00dfe<\/strong> ist Erythrit eine <strong>beliebte Wahl zum S\u00fc\u00dfen von Getr\u00e4nken und Speisen<\/strong>. Genie\u00dfen Sie den Geschmack <strong>ohne Reue \u2013 und ganz ohne zus\u00e4tzliche Kalorien<\/strong> \u2705.<\/p>\n<p>Das <strong>Erythrit von Castello since 1907<\/strong> wird aus <strong>100\u202f% zertifiziertem, gentechnikfreiem Mais<\/strong> \ud83c\udf3d hergestellt \u2013 eine <strong>sichere und gesunde Wahl<\/strong> f\u00fcr alle, die <strong>eine ausgewogene Ern\u00e4hrung beibehalten m\u00f6chten<\/strong>. Als <strong>nat\u00fcrlicher S\u00fc\u00dfstoff<\/strong> aus Fr\u00fcchten und fermentierten Lebensmitteln bietet es eine <strong>ges\u00fcndere Alternative zu herk\u00f6mmlichem Zucker<\/strong> \ud83c\udf6c. Die <strong>Non-GMO-Zertifizierung<\/strong> garantiert, dass <strong>keine genetisch ver\u00e4nderten Organismen<\/strong> im Herstellungsprozess verwendet wurden \ud83d\udd2c.<\/p>\n<p>Dieser S\u00fc\u00dfstoff ist <strong>ideal f\u00fcr spezielle Ern\u00e4hrungsformen<\/strong> wie die <strong>Keto-Di\u00e4t, Paleo-Di\u00e4t, f\u00fcr Diabetiker, Menschen mit Candida und Sportler<\/strong> \ud83c\udfcb\ufe0f\u200d\u2642\ufe0f\ud83e\udd51. Sein Verzehr <strong>beeinflusst weder Blutzucker noch Insulin, Cholesterin, Triglyzeride oder Elektrolyte<\/strong> \ud83e\ude7a. Zudem hat <strong>Erythrit einen glyk\u00e4mischen Index von 0<\/strong> \u2013 eine <strong>sichere Option f\u00fcr Menschen, die keinen Zucker vertragen<\/strong>.<\/p>\n<p>Das <strong>Erythrit von Castello since 1907<\/strong> enth\u00e4lt <strong>0 Kalorien und 0 verwertbare Kohlenhydrate<\/strong>, da <strong>diese vom menschlichen K\u00f6rper nicht verstoffwechselt werden<\/strong>. Es ist daher eine <strong>perfekte Alternative zur Reduzierung des Zuckerkonsums und zur Kontrolle der Kalorienaufnahme<\/strong> \ud83d\udd25. Zudem <strong>l\u00f6st es sich leicht in Fl\u00fcssigkeiten<\/strong> \u2013 ideal f\u00fcr <strong>hei\u00dfe und kalte Getr\u00e4nke<\/strong> sowie f\u00fcr <strong>Backwaren und S\u00fc\u00dfspeisen<\/strong> \ud83c\udf70 wie Kuchen, Baiser oder Eiscreme \ud83c\udf66.<\/p>\n<p><strong>10 Gramm Erythrit von Castello since 1907<\/strong> <strong>s\u00fc\u00dfen etwa so stark wie 7 Gramm Zucker<\/strong> \ud83c\udf6d. Geschmack und Textur \u00e4hneln denen von Zucker, was es zu einer <strong>ausgezeichneten Wahl macht, um S\u00fc\u00dfe zu genie\u00dfen, ohne die Gesundheit zu gef\u00e4hrden<\/strong> \ud83d\udcaa. Aus all diesen Gr\u00fcnden ist <strong>Erythrit eine gesunde und nat\u00fcrliche Zuckeralternative<\/strong>, die <strong>weltweit immer mehr Anh\u00e4nger findet<\/strong> \ud83c\udf0d.<\/p>\n","protected":false},"featured_media":8722,"template":"","meta":{"_seopress_robots_primary_cat":"none","_seopress_titles_title":"","_seopress_titles_desc":"","_seopress_robots_index":"","inline_featured_image":false},"product_brand":[],"product_cat":[709,699,684],"product_tag":[],"class_list":{"0":"post-10543","1":"product","2":"type-product","3":"status-publish","4":"has-post-thumbnail","6":"product_cat-erythrit","7":"product_cat-produkte","8":"product_cat-suessstoffe-stevia-erythrit","10":"first","11":"instock","12":"taxable","13":"shipping-taxable","14":"purchasable","15":"product-type-simple"},"_links":{"self":[{"href":"https:\/\/www.naturalcastello.com\/de\/wp-json\/wp\/v2\/product\/10543","targetHints":{"allow":["GET"]}}],"collection":[{"href":"https:\/\/www.naturalcastello.com\/de\/wp-json\/wp\/v2\/product"}],"about":[{"href":"https:\/\/www.naturalcastello.com\/de\/wp-json\/wp\/v2\/types\/product"}],"wp:featuredmedia":[{"embeddable":true,"href":"https:\/\/www.naturalcastello.com\/de\/wp-json\/wp\/v2\/media\/8722"}],"wp:attachment":[{"href":"https:\/\/www.naturalcastello.com\/de\/wp-json\/wp\/v2\/media?parent=10543"}],"wp:term":[{"taxonomy":"product_brand","embeddable":true,"href":"https:\/\/www.naturalcastello.com\/de\/wp-json\/wp\/v2\/product_brand?post=10543"},{"taxonomy":"product_cat","embeddable":true,"href":"https:\/\/www.naturalcastello.com\/de\/wp-json\/wp\/v2\/product_cat?post=10543"},{"taxonomy":"product_tag","embeddable":true,"href":"https:\/\/www.naturalcastello.com\/de\/wp-json\/wp\/v2\/product_tag?post=10543"}],"curies":[{"name":"wp","href":"https:\/\/api.w.org\/{rel}","templated":true}]}}