

{"id":10554,"date":"2019-10-01T09:08:08","date_gmt":"2025-06-06T17:30:07","guid":{"rendered":"https:\/\/www.naturalcastello.com\/?post_type=product&#038;p=10554"},"modified":"2025-06-13T17:12:36","modified_gmt":"2025-06-13T15:12:36","slug":"weinstein-12x60g","status":"publish","type":"product","link":"https:\/\/www.naturalcastello.com\/de\/product\/weinstein-12x60g\/","title":{"rendered":"Weinstein"},"content":{"rendered":"","protected":false},"excerpt":{"rendered":"<p><strong>Entdecken Sie die Weinsteincreme von Castello seit 1907<\/strong>, den <strong>nat\u00fcrlichen Ersatz f\u00fcr Backpulver<\/strong> \ud83c\udf5e. Sie bietet eine <strong>gesunde, zusatzfreie Alternative<\/strong>. Mit ihrer <strong>100\u202f% nat\u00fcrlichen Zusammensetzung<\/strong>, <strong>ohne Farb- und Konservierungsstoffe<\/strong>, ist sie ideal f\u00fcr alle, die beim Backen eine <strong>nat\u00fcrlichere L\u00f6sung<\/strong> suchen. <strong>Veredeln Sie Ihre Rezepte<\/strong> mit dieser bewussten Wahl \ud83e\uddc1.<\/p>\n<p>Wussten Sie, dass Sie mit der Weinsteincreme von Castello seit 1907 <strong>Ihr eigenes Backpulver herstellen k\u00f6nnen<\/strong>? Sie ist <strong>100\u202f% nat\u00fcrlich<\/strong>, <strong>nicht genmanipuliert (Non-GMO)<\/strong> und <strong>frei von Gluten, Phosphaten, Aluminium und Allergenen<\/strong> \ud83d\udeab. So k\u00f6nnen Sie <strong>selbstgebackenes Brot und Geb\u00e4ck<\/strong> ganz ohne unerw\u00fcnschte Zusatzstoffe genie\u00dfen. <strong>Erleben Sie eine bewusste und gesunde Backweise \u2013 mit gutem Gef\u00fchl<\/strong> \ud83c\udf70.<\/p>\n<p><strong>Die Weinsteincreme von Castello seit 1907 wirkt als nat\u00fcrliches Backtriebmittel<\/strong> \u2013 perfekt f\u00fcr <strong>Baiser, Kuchen, Kekse, Macarons, Schlagsahne, Marshmallows, Souffl\u00e9s<\/strong> und vieles mehr \ud83c\udf65\ud83c\udf82. Ihre F\u00e4higkeit, <strong>lockere und luftige Texturen<\/strong> zu erzeugen, macht sie zu einer <strong>unverzichtbaren Zutat beim Backen<\/strong>. <strong>Verleihen Sie Ihren Kreationen den letzten Schliff<\/strong> mit Castellos Weinsteincreme und genie\u00dfen Sie <strong>k\u00f6stliche Leckereien mit Perfektion<\/strong> \u2728.<\/p>\n<p>Neben ihren kulinarischen Eigenschaften wird <strong>die Weinsteincreme von Castello seit 1907 auch als nat\u00fcrliche Kaliumquelle empfohlen<\/strong> \ud83d\udc8a. Besonders geeignet ist sie f\u00fcr Menschen, die sich nach <strong>Keto-, Paleo- oder Candida-Di\u00e4ten<\/strong> ern\u00e4hren \ud83e\udd51. Da sie <strong>glutenfrei<\/strong> ist, stellt sie auch eine <strong>sichere Option f\u00fcr Menschen mit Glutenunvertr\u00e4glichkeit<\/strong> dar \ud83c\udf3e\u274c. <strong>Nutzen Sie die gesundheitlichen Vorteile<\/strong> der Weinsteincreme von Castello und unterst\u00fctzen Sie dabei Ihre Ern\u00e4hrung und Ihre Rezepte.<\/p>\n<p><strong>Die Weinsteincreme von Castello seit 1907 hat viele Anwendungsm\u00f6glichkeiten \u00fcber die K\u00fcche hinaus<\/strong> \ud83e\uddfc. Sie kann als <strong>Reinigungsmittel f\u00fcr Metall und Silber<\/strong>, Zutat f\u00fcr <strong>essbaren hausgemachten Knetgummi<\/strong> (kindersicher) \ud83e\uddf8, zur Herstellung von <strong>Badekugeln<\/strong>, als <strong>nat\u00fcrliches Putzmittel<\/strong>, f\u00fcr <strong>die W\u00e4schepflege<\/strong> und vieles mehr verwendet werden. Ihre <strong>Vielseitigkeit<\/strong> macht sie zu einem <strong>wahren Alltagshelfer<\/strong>. <strong>Entdecken Sie die unz\u00e4hligen Einsatzm\u00f6glichkeiten<\/strong> der Castello-Weinsteincreme und <strong>bereichern Sie Ihren Alltag<\/strong> \ud83c\udfe1.<\/p>\n","protected":false},"featured_media":6354,"template":"","meta":{"_seopress_robots_primary_cat":"none","_seopress_titles_title":"","_seopress_titles_desc":"","_seopress_robots_index":"","inline_featured_image":false},"product_brand":[],"product_cat":[236,237],"product_tag":[],"class_list":{"0":"post-10554","1":"product","2":"type-product","3":"status-publish","4":"has-post-thumbnail","6":"product_cat-productos","7":"product_cat-cremor-tartaro-y-levadura","9":"first","10":"instock","11":"taxable","12":"shipping-taxable","13":"purchasable","14":"product-type-simple"},"_links":{"self":[{"href":"https:\/\/www.naturalcastello.com\/de\/wp-json\/wp\/v2\/product\/10554","targetHints":{"allow":["GET"]}}],"collection":[{"href":"https:\/\/www.naturalcastello.com\/de\/wp-json\/wp\/v2\/product"}],"about":[{"href":"https:\/\/www.naturalcastello.com\/de\/wp-json\/wp\/v2\/types\/product"}],"wp:featuredmedia":[{"embeddable":true,"href":"https:\/\/www.naturalcastello.com\/de\/wp-json\/wp\/v2\/media\/6354"}],"wp:attachment":[{"href":"https:\/\/www.naturalcastello.com\/de\/wp-json\/wp\/v2\/media?parent=10554"}],"wp:term":[{"taxonomy":"product_brand","embeddable":true,"href":"https:\/\/www.naturalcastello.com\/de\/wp-json\/wp\/v2\/product_brand?post=10554"},{"taxonomy":"product_cat","embeddable":true,"href":"https:\/\/www.naturalcastello.com\/de\/wp-json\/wp\/v2\/product_cat?post=10554"},{"taxonomy":"product_tag","embeddable":true,"href":"https:\/\/www.naturalcastello.com\/de\/wp-json\/wp\/v2\/product_tag?post=10554"}],"curies":[{"name":"wp","href":"https:\/\/api.w.org\/{rel}","templated":true}]}}