

{"id":10555,"date":"2019-10-01T08:59:51","date_gmt":"2025-06-06T17:30:10","guid":{"rendered":"https:\/\/www.naturalcastello.com\/?post_type=product&#038;p=10555"},"modified":"2025-06-11T18:44:29","modified_gmt":"2025-06-11T16:44:29","slug":"stevia-erythritol-18-10x60beuteln","status":"publish","type":"product","link":"https:\/\/www.naturalcastello.com\/de\/product\/stevia-erythritol-18-10x60beuteln\/","title":{"rendered":"Stevia + Erythrit 1:8"},"content":{"rendered":"","protected":false},"excerpt":{"rendered":"<p>Suchen Sie einen <strong>nat\u00fcrlichen S\u00fc\u00dfstoff<\/strong> als Zuckerersatz? <strong>Castello seit 1907<\/strong> bietet einen <strong>100\u202f% nat\u00fcrlichen S\u00fc\u00dfstoff aus Stevia und Erythrit<\/strong> \ud83c\udf3f. Dieser S\u00fc\u00dfstoff ist ideal f\u00fcr alle, die <strong>Zucker ersetzen m\u00f6chten, ohne auf nat\u00fcrliche S\u00fc\u00dfe zu verzichten<\/strong> \ud83d\udc9a. Das <strong>einzigartige Herstellungsverfahren<\/strong> erm\u00f6glicht es den Zutaten, <strong>im selben Kristall zu kristallisieren<\/strong>, wodurch jedes K\u00f6rnchen eine <strong>gleichm\u00e4\u00dfige S\u00fc\u00dfe<\/strong> aufweist. So entsteht ein <strong>nat\u00fcrlicher Geschmack ohne Zusatzstoffe<\/strong> \u2728. Probieren Sie noch heute unseren <strong>nat\u00fcrlichen S\u00fc\u00dfstoff aus Stevia und Erythrit<\/strong>!<\/p>\n<p>Der <strong>Castello seit 1907 Stevia + Erythrit 1:8 S\u00fc\u00dfstoff<\/strong> ist der <strong>perfekte Zuckerersatz<\/strong> f\u00fcr alle, die <strong>einen gesunden Lebensstil pflegen m\u00f6chten<\/strong> \ud83c\udfc3\u200d\u2640\ufe0f. Er ist <strong>100\u202f% nat\u00fcrlich<\/strong> und enth\u00e4lt <strong>keine Kalorien oder Kohlenhydrate<\/strong> \ud83e\uddd8\u200d\u2642\ufe0f \u2013 somit <strong>f\u00fcr jede Di\u00e4t geeignet<\/strong>. Die <strong>zucker\u00e4hnliche Textur<\/strong> l\u00f6st sich leicht in hei\u00dfen und kalten Getr\u00e4nken sowie beim <strong>Backen und Kochen<\/strong> \ud83c\udf70. Dieser S\u00fc\u00dfstoff ist geeignet f\u00fcr die <strong>ganze Familie<\/strong>, <strong>Veganer und Vegetarier<\/strong> und sogar <strong>haustierfreundlich<\/strong> \ud83d\udc36\ud83d\udc31.<\/p>\n<p>Unser <strong>Stevia + Erythrit S\u00fc\u00dfstoff<\/strong> ist eine <strong>nat\u00fcrliche Alternative zu Zucker und k\u00fcnstlichen S\u00fc\u00dfstoffen<\/strong>. Im Gegensatz zu anderen Produkten enth\u00e4lt er <strong>keinen Dextrose, keine k\u00fcnstlichen Aromen oder S\u00fc\u00dfstoffe wie Acesulfam-K<\/strong> \ud83d\udeab. Das <strong>kristallisierte Produkt von Castello seit 1907<\/strong> besteht ausschlie\u00dflich aus <strong>100\u202f% nat\u00fcrlichem Erythrit<\/strong> aus <strong>100\u202f% gentechnikfreiem Mais<\/strong> \ud83c\udf3d sowie <strong>Steviolglykosiden<\/strong>, einem <strong>reinen Stevia-Extrakt, der 200-mal s\u00fc\u00dfer ist als Zucker<\/strong> \ud83c\udf6c.<\/p>\n<p><strong>Castello seit 1907&#8217;s Stevia + Erythrit S\u00fc\u00dfstoff<\/strong> ist eine <strong>gesunde und nat\u00fcrliche Alternative zu Zucker<\/strong>, die sich <strong>nicht auf Glukose-, Insulin-, Cholesterin-, Triglyzerid- oder Elektrolytwerte auswirkt<\/strong> \ud83e\ude7a \u2013 dank <strong>glyk\u00e4mischem Index 0<\/strong>. Die enthaltenen Kohlenhydrate <strong>werden vom K\u00f6rper nicht verstoffwechselt<\/strong>, wodurch es ein <strong>kalorienfreier, kohlenhydratfreier S\u00fc\u00dfstoff<\/strong> ist. Perfekt geeignet f\u00fcr <strong>Spezialdi\u00e4ten<\/strong> wie <strong>ketogene, paleo, candida- oder Sportern\u00e4hrung<\/strong> \ud83e\udd51\ud83c\udfcb\ufe0f\u200d\u2642\ufe0f.<\/p>\n<p>Unser <strong>Stevia + Erythrit S\u00fc\u00dfstoff<\/strong> hat ein <strong>1:8-Verh\u00e4ltnis zu Zucker<\/strong>, was bedeutet, dass <strong>1\u202fg Produkt = 8\u202fg Zucker<\/strong> ist. Dieser S\u00fc\u00dfstoff ist eine <strong>gesunde und nat\u00fcrliche Option<\/strong>, um Getr\u00e4nke und Speisen zu s\u00fc\u00dfen, ohne auf Geschmack zu verzichten. <strong>Hergestellt in Spanien<\/strong> \ud83c\uddea\ud83c\uddf8 unter <strong>h\u00f6chsten Qualit\u00e4tsstandards (IFS Food)<\/strong>, ist dieses Produkt die <strong>ideale Wahl f\u00fcr alle, die ihre Gesundheit erhalten und eine ausgewogene Ern\u00e4hrung pflegen m\u00f6chten<\/strong> \u2705.<\/p>\n","protected":false},"featured_media":6345,"template":"","meta":{"_seopress_robots_primary_cat":"none","_seopress_titles_title":"","_seopress_titles_desc":"","_seopress_robots_index":"","inline_featured_image":false},"product_brand":[],"product_cat":[697,694,682],"product_tag":[],"class_list":{"0":"post-10555","1":"product","2":"type-product","3":"status-publish","4":"has-post-thumbnail","6":"product_cat-prodotti","7":"product_cat-stevia-eritritolo-1-8","8":"product_cat-dolcificanti-stevia-eritritolo","10":"first","11":"instock","12":"taxable","13":"shipping-taxable","14":"purchasable","15":"product-type-simple"},"_links":{"self":[{"href":"https:\/\/www.naturalcastello.com\/de\/wp-json\/wp\/v2\/product\/10555","targetHints":{"allow":["GET"]}}],"collection":[{"href":"https:\/\/www.naturalcastello.com\/de\/wp-json\/wp\/v2\/product"}],"about":[{"href":"https:\/\/www.naturalcastello.com\/de\/wp-json\/wp\/v2\/types\/product"}],"wp:featuredmedia":[{"embeddable":true,"href":"https:\/\/www.naturalcastello.com\/de\/wp-json\/wp\/v2\/media\/6345"}],"wp:attachment":[{"href":"https:\/\/www.naturalcastello.com\/de\/wp-json\/wp\/v2\/media?parent=10555"}],"wp:term":[{"taxonomy":"product_brand","embeddable":true,"href":"https:\/\/www.naturalcastello.com\/de\/wp-json\/wp\/v2\/product_brand?post=10555"},{"taxonomy":"product_cat","embeddable":true,"href":"https:\/\/www.naturalcastello.com\/de\/wp-json\/wp\/v2\/product_cat?post=10555"},{"taxonomy":"product_tag","embeddable":true,"href":"https:\/\/www.naturalcastello.com\/de\/wp-json\/wp\/v2\/product_tag?post=10555"}],"curies":[{"name":"wp","href":"https:\/\/api.w.org\/{rel}","templated":true}]}}