

{"id":10583,"date":"2019-09-16T09:13:44","date_gmt":"2025-06-06T17:34:39","guid":{"rendered":"https:\/\/www.naturalcastello.com\/?post_type=product&#038;p=10583"},"modified":"2025-06-12T17:55:35","modified_gmt":"2025-06-12T15:55:35","slug":"bonsweet-ohne-cyclamat-display-500beuteln","status":"publish","type":"product","link":"https:\/\/www.naturalcastello.com\/de\/product\/bonsweet-ohne-cyclamat-display-500beuteln\/","title":{"rendered":"BonSweet ohne Cyclamat"},"content":{"rendered":"","protected":false},"excerpt":{"rendered":"<p>\u2728 Entdecke unser <strong>cyclamatfreies S\u00fc\u00dfungsmittel<\/strong> in praktischen <strong>Einzeldosis-Beuteln<\/strong>. Hergestellt aus <strong>Dextrose, Natriumsaccharin, 100 % nat\u00fcrlicher Weinsteins\u00e4ure<\/strong> und <strong>Kiesels\u00e4ure<\/strong>, bietet es eine <strong>zucker\u00e4hnliche Konsistenz und Geschmack<\/strong>.<\/p>\n<p>\ud83c\udf43 <strong>Weniger als 3 kcal pro Beutel<\/strong>. Eine leichte und gesunde Option f\u00fcr alle, die Kalorien sparen m\u00f6chten, ohne auf S\u00fc\u00dfe zu verzichten. <strong>Glutenfrei, laktosefrei und ohne k\u00fcnstliche Aromen<\/strong>.<\/p>\n<p>\ud83c\udf31 Geeignet f\u00fcr <strong>Veganer und Vegetarier<\/strong>. Zertifiziert <strong>KOSCHER und HALAL<\/strong> und <strong>hergestellt in Spanien<\/strong> nach h\u00f6chsten Qualit\u00e4tsstandards.<\/p>\n<p>\u2615 <strong>L\u00f6st sich schnell<\/strong> in hei\u00dfen und kalten Getr\u00e4nken auf \u2013 ohne Kl\u00fcmpchen oder R\u00fcckst\u00e4nde. Ideal f\u00fcr Kaffee, Tee, Kr\u00e4uteraufg\u00fcsse, Smoothies und mehr.<\/p>\n<p>\ud83d\udccf Jeder Beutel hat die <strong>gleiche S\u00fc\u00dfkraft wie 8 g Zucker<\/strong> und hilft dir dabei, <strong>deine Zufuhr zu kontrollieren<\/strong>, ohne auf Geschmack zu verzichten.<\/p>\n","protected":false},"featured_media":6365,"template":"","meta":{"_seopress_robots_primary_cat":"none","_seopress_titles_title":"","_seopress_titles_desc":"","_seopress_robots_index":"","inline_featured_image":false},"product_brand":[],"product_cat":[236,347],"product_tag":[],"class_list":{"0":"post-10583","1":"product","2":"type-product","3":"status-publish","4":"has-post-thumbnail","6":"product_cat-productos","7":"product_cat-edulcorantes-sacarina","9":"first","10":"instock","11":"taxable","12":"shipping-taxable","13":"purchasable","14":"product-type-simple"},"_links":{"self":[{"href":"https:\/\/www.naturalcastello.com\/de\/wp-json\/wp\/v2\/product\/10583","targetHints":{"allow":["GET"]}}],"collection":[{"href":"https:\/\/www.naturalcastello.com\/de\/wp-json\/wp\/v2\/product"}],"about":[{"href":"https:\/\/www.naturalcastello.com\/de\/wp-json\/wp\/v2\/types\/product"}],"wp:featuredmedia":[{"embeddable":true,"href":"https:\/\/www.naturalcastello.com\/de\/wp-json\/wp\/v2\/media\/6365"}],"wp:attachment":[{"href":"https:\/\/www.naturalcastello.com\/de\/wp-json\/wp\/v2\/media?parent=10583"}],"wp:term":[{"taxonomy":"product_brand","embeddable":true,"href":"https:\/\/www.naturalcastello.com\/de\/wp-json\/wp\/v2\/product_brand?post=10583"},{"taxonomy":"product_cat","embeddable":true,"href":"https:\/\/www.naturalcastello.com\/de\/wp-json\/wp\/v2\/product_cat?post=10583"},{"taxonomy":"product_tag","embeddable":true,"href":"https:\/\/www.naturalcastello.com\/de\/wp-json\/wp\/v2\/product_tag?post=10583"}],"curies":[{"name":"wp","href":"https:\/\/api.w.org\/{rel}","templated":true}]}}