

{"id":10595,"date":"2019-09-12T16:33:28","date_gmt":"2025-06-06T17:35:13","guid":{"rendered":"https:\/\/www.naturalcastello.com\/?post_type=product&#038;p=10595"},"modified":"2025-06-12T20:19:35","modified_gmt":"2025-06-12T18:19:35","slug":"bonsalt-salzersatz-0-natrium-350g","status":"publish","type":"product","link":"https:\/\/www.naturalcastello.com\/de\/product\/bonsalt-salzersatz-0-natrium-350g\/","title":{"rendered":"Bonsalt Salzersatz 0\u202f% Natrium"},"content":{"rendered":"","protected":false},"excerpt":{"rendered":"<p>F\u00fcr alle, die aus gesundheitlichen Gr\u00fcnden oder aufgrund ihrer Ern\u00e4hrung keinen Salz konsumieren k\u00f6nnen, ist unser <strong>Bonsalt 0\u202f% Natrium<\/strong> eine der <strong>besten Alternativen zu herk\u00f6mmlichem Salz<\/strong> \ud83e\uddc2. Mit unserem <strong>salzfreien Ersatzprodukt<\/strong> k\u00f6nnen Sie <strong>Ihre t\u00e4gliche Natriumaufnahme deutlich reduzieren<\/strong>, ohne auf den salzigen Geschmack Ihrer Lieblingsgerichte verzichten zu m\u00fcssen. <strong>Entdecken Sie, wie Sie k\u00f6stliche und gesunde Aromen genie\u00dfen k\u00f6nnen, ohne Ihre Gesundheit zu gef\u00e4hrden<\/strong> \ud83d\udc9a.<\/p>\n<p>Au\u00dferdem ist unser <strong>Bonsalt 0\u202f% Natrium<\/strong> <strong>kalorienarm<\/strong> und somit eine <strong>ideale Option f\u00fcr alle, die auf ihr Gewicht achten<\/strong> \u2696\ufe0f. Wenn Sie nach einer M\u00f6glichkeit suchen, <strong>Ihre Salzzufuhr zu reduzieren, ohne auf Geschmack zu verzichten<\/strong>, probieren Sie <strong>Bonsalt 0\u202f% Natrium<\/strong>.<\/p>\n<p><strong>Verarbeitete und konservierte Lebensmittel enthalten oft gro\u00dfe Mengen an Natrium<\/strong>, und der zus\u00e4tzliche Gebrauch von normalem Salz kann es erschweren, eine <strong>natriumarme Ern\u00e4hrung<\/strong> einzuhalten. Mit <strong>Bonsalt 0\u202f% Natrium<\/strong> k\u00f6nnen Sie <strong>Ihre Mahlzeiten genie\u00dfen<\/strong>, ohne Ihre Natriumzufuhr zu erh\u00f6hen. <strong>Erfahren Sie, wie Sie Ihre Gesundheit sch\u00fctzen<\/strong> und sich <strong>ausgewogen ern\u00e4hren k\u00f6nnen, ohne auf Geschmack zu verzichten<\/strong> \ud83e\udd57.<\/p>\n<p>Mit <strong>0\u202f% Natrium auf 100\u202fg<\/strong> ist <strong>Bonsalt 0\u202f% Natrium<\/strong> eine <strong>ges\u00fcndere Alternative aus nat\u00fcrlichen Zutaten<\/strong> \ud83c\udf31. Es hat zudem <strong>positive Auswirkungen auf die Regulierung der K\u00f6rperfl\u00fcssigkeiten<\/strong> und ist daher eine <strong>ausgezeichnete Wahl<\/strong>. Wenn Sie den <strong>Salzgeschmack ohne gesundheitliche Risiken genie\u00dfen m\u00f6chten<\/strong>, probieren Sie <strong>Bonsalt 0\u202f% Natrium<\/strong>.<\/p>\n<p>Der <strong>Bonsalt 0\u202f% Natrium<\/strong> Salzersatz ist <strong>ideal f\u00fcr Menschen mit besonderen Ern\u00e4hrungsbed\u00fcrfnissen<\/strong>, denn er ist <strong>glutenfrei<\/strong> und <strong>geeignet f\u00fcr Personen mit Z\u00f6liakie<\/strong> \ud83c\udf3e\ud83d\udeab. Er ist au\u00dferdem eine <strong>hervorragende Wahl f\u00fcr Veganer und Vegetarier<\/strong>, da er <strong>keine tierischen Inhaltsstoffe enth\u00e4lt<\/strong> \ud83e\udd6c. Zus\u00e4tzlich ist unser Produkt f\u00fcr Menschen mit religi\u00f6sen Ern\u00e4hrungsvorgaben <strong>koscher- und halal-zertifiziert<\/strong> \u2721\ufe0f\u262a\ufe0f. <strong>Unabh\u00e4ngig von Ihren Ern\u00e4hrungsbed\u00fcrfnissen<\/strong> k\u00f6nnen Sie <strong>unser Produkt mit gutem Gewissen genie\u00dfen<\/strong> \u2705.<\/p>\n","protected":false},"featured_media":6806,"template":"","meta":{"_seopress_robots_primary_cat":"none","_seopress_titles_title":"","_seopress_titles_desc":"","_seopress_robots_index":"","inline_featured_image":false},"product_brand":[],"product_cat":[699,681],"product_tag":[],"class_list":{"0":"post-10595","1":"product","2":"type-product","3":"status-publish","4":"has-post-thumbnail","6":"product_cat-produkte","7":"product_cat-salzersatz","9":"first","10":"outofstock","11":"taxable","12":"shipping-taxable","13":"purchasable","14":"product-type-simple"},"_links":{"self":[{"href":"https:\/\/www.naturalcastello.com\/de\/wp-json\/wp\/v2\/product\/10595","targetHints":{"allow":["GET"]}}],"collection":[{"href":"https:\/\/www.naturalcastello.com\/de\/wp-json\/wp\/v2\/product"}],"about":[{"href":"https:\/\/www.naturalcastello.com\/de\/wp-json\/wp\/v2\/types\/product"}],"wp:featuredmedia":[{"embeddable":true,"href":"https:\/\/www.naturalcastello.com\/de\/wp-json\/wp\/v2\/media\/6806"}],"wp:attachment":[{"href":"https:\/\/www.naturalcastello.com\/de\/wp-json\/wp\/v2\/media?parent=10595"}],"wp:term":[{"taxonomy":"product_brand","embeddable":true,"href":"https:\/\/www.naturalcastello.com\/de\/wp-json\/wp\/v2\/product_brand?post=10595"},{"taxonomy":"product_cat","embeddable":true,"href":"https:\/\/www.naturalcastello.com\/de\/wp-json\/wp\/v2\/product_cat?post=10595"},{"taxonomy":"product_tag","embeddable":true,"href":"https:\/\/www.naturalcastello.com\/de\/wp-json\/wp\/v2\/product_tag?post=10595"}],"curies":[{"name":"wp","href":"https:\/\/api.w.org\/{rel}","templated":true}]}}