

{"id":6117,"date":"2019-09-20T15:17:40","date_gmt":"2019-09-20T13:17:40","guid":{"rendered":"https:\/\/www.naturalcastello.com\/?page_id=6117"},"modified":"2025-05-23T16:35:20","modified_gmt":"2025-05-23T14:35:20","slug":"politica-de-privacidad","status":"publish","type":"page","link":"https:\/\/www.naturalcastello.com\/es\/politica-de-privacidad\/","title":{"rendered":"Pol\u00edtica de privacidad"},"content":{"rendered":"<div class=\"wpb-content-wrapper\"><p>[vc_row][vc_column][vc_column_text css=&#8221;&#8221;]<\/p>\n<h1>Pol\u00edtica de privacidad<\/h1>\n<p>[\/vc_column_text][vc_column_text css=&#8221;&#8221;]Esta pol\u00edtica de privacidad establece la forma en que se van a gestionar los datos personales en esta web. Es imprescindible que la leas y aceptes antes de seguir navegando.<\/p>\n<p>&nbsp;<\/p>\n<p><a href=\"https:\/\/www.naturalcastello.com\/es\">Naturalcastello.com<\/a> es un proyecto de T\u00e1rtaros Gonzalo Castell\u00f3, cuya raz\u00f3n social es T\u00e1rtaros Gonzalo Castell\u00f3, S.L.U. y su CIF: B03528916.<br \/>\nEntre los valores con los que nos identificamos est\u00e1 la transparencia, por eso deseamos que conozcas desde el inicio, que la privacidad de tus datos muy es importante para nosotros. En esta declaraci\u00f3n de privacidad se explica qu\u00e9 datos personales recopilamos de nuestros usuarios y c\u00f3mo los utilizamos. Te invitamos a leer detenidamente estos t\u00e9rminos antes de facilitar tus datos personales en esta web. Los mayores de trece a\u00f1os podr\u00e1n registrarse en <a href=\"https:\/\/www.naturalcastello.com\/es\">naturalcastello.com<\/a> como usuarios sin el previo consentimiento de sus padres o tutores.<br \/>\nEn el caso de los menores de trece a\u00f1os se requiere el consentimiento de los padres o tutores para el tratamiento de sus datos personales.<\/p>\n<p>&nbsp;<\/p>\n<p>En ning\u00fan caso se recabar\u00e1n del menor de edad datos relativos a la situaci\u00f3n profesional, econ\u00f3mica o a la intimidad de los otros miembros de la familia, sin el consentimiento de \u00e9stos.<\/p>\n<p>&nbsp;<\/p>\n<p>Si eres menor de trece a\u00f1os y has accedido a este sitio web sin avisar a tus padres no debes registrarte como usuario.<\/p>\n<p>&nbsp;<\/p>\n<p>En esta web se respetan y cuidan los datos personales de los usuarios. Como usuario debes saber que tus derechos est\u00e1n garantizados.<\/p>\n<p>&nbsp;<\/p>\n<p>Nos hemos esforzado en crear un espacio seguro y confiable y por eso queremos compartir nuestros principios respecto a tu privacidad:<\/p>\n<ul>\n<li>Nunca solicitamos informaci\u00f3n personal a menos que realmente sea necesaria para prestarte los servicios que nos requieras.<\/li>\n<li>Nunca compartimos informaci\u00f3n personal de nuestros usuarios con nadie, excepto para cumplir con la ley o en caso que contemos con tu autorizaci\u00f3n expresa.<\/li>\n<li>Nunca utilizaremos tus datos personales con una finalidad diferente a la expresada en esta pol\u00edtica de privacidad.<\/li>\n<\/ul>\n<p>&nbsp;<\/p>\n<p>Es preciso advertir que esta Pol\u00edtica de Privacidad podr\u00eda variar en funci\u00f3n de exigencias legislativas o de autorregulaci\u00f3n, por lo que se aconseja a los usuarios que la visiten peri\u00f3dicamente. Ser\u00e1 aplicable en caso de que los usuarios decidan rellenar alg\u00fan formulario de cualquiera de sus formularios de contacto donde se recaben datos de car\u00e1cter personal.<\/p>\n<p>&nbsp;<\/p>\n<p>T\u00e1rtaros Gonzalo Castell\u00f3 ha adecuado esta web a las exigencias de la Ley Org\u00e1nica 15\/1999, de 13 de diciembre, de Protecci\u00f3n de Datos de Car\u00e1cter Personal (LOPD), y al Real Decreto 1720\/2007, de 21 de diciembre, conocido como el Reglamento de desarrollo de la LOPD. Cumple tambi\u00e9n con el Reglamento (UE) 2016\/679 del Parlamento Europeo y del Consejo de 27 de abril de 2016 relativo a la protecci\u00f3n de las personas f\u00edsicas (RGPD), as\u00ed como con la Ley 34\/2002, de 11 de julio, de Servicios de la Sociedad de la Informaci\u00f3n y Comercio Electr\u00f3nico (LSSICE o LSSI).[\/vc_column_text][vc_column_text css=&#8221;&#8221;]<\/p>\n<h2>Responsable del tratamiento de tus datos personales<\/h2>\n<p>[\/vc_column_text][vc_column_text css=&#8221;&#8221;]<\/p>\n<ul>\n<li><strong>Identidad del Responsable:<\/strong> T\u00e1rtaros Gonzalo Castell\u00f3, S.L.U.<\/li>\n<li><strong>Nombre comercial:<\/strong> T\u00e1rtaros Gonzalo Castell\u00f3<\/li>\n<li><strong>NIF\/CIF:<\/strong> B03528916<\/li>\n<li><strong>Direcci\u00f3n:<\/strong> C\/ Concepci\u00f3n Arenal, 32, Novelda (Alicante) &#8211; Espa\u00f1a<\/li>\n<li><strong>Correo electr\u00f3nico:<\/strong> <a href=\"mailto:itdepartment@tartaric.com\">itdepartment@tartaric.com<\/a><\/li>\n<li><strong>Actividad:<\/strong> Producci\u00f3n y comercializaci\u00f3n de productos tart\u00e1ricos, levaduras, edulcorantes y sales bajas en sodio y sin sodio.<\/li>\n<li><strong>Inscrita en el Registro Mercantil<\/strong> de Alicante, en el tomo 1202, folio 197) y hoja A-2188, inscripci\u00f3n 1\u00aa.<\/li>\n<\/ul>\n<p>&nbsp;<\/p>\n<p>A efectos de lo previsto en el Reglamento General de Protecci\u00f3n de Datos antes citado, los datos personales que nos env\u00edes a trav\u00e9s de los formularios de la web, recibir\u00e1n el tratamiento de datos de \u201cUsuarios de la web y suscriptores\u201d.<\/p>\n<p>&nbsp;<\/p>\n<p>Para el tratamiento de datos de nuestros usuarios, implementamos todas las medidas t\u00e9cnicas y organizativas de seguridad establecidas en la legislaci\u00f3n vigente.[\/vc_column_text][vc_column_text css=&#8221;&#8221;]<\/p>\n<h2>Principios que aplicaremos a tu informaci\u00f3n personal<\/h2>\n<p>[\/vc_column_text][vc_column_text css=&#8221;&#8221;]En el tratamiento de tus datos personales, aplicaremos los siguientes principios que se ajustan a las exigencias del nuevo reglamento europeo de protecci\u00f3n de datos:<\/p>\n<p>&nbsp;<\/p>\n<ul>\n<li><strong>Principio de licitud, lealtad y transparencia:<\/strong> Siempre vamos a requerir tu consentimiento para el tratamiento de tus datos personales para uno o varios fines espec\u00edficos que te informaremos previamente con absoluta transparencia.<\/li>\n<li><strong>Principio de minimizaci\u00f3n de datos:<\/strong> Solo vamos a solicitar datos estrictamente necesarios en relaci\u00f3n con los fines para los que los requerimos. Los m\u00ednimos posibles.<\/li>\n<li><strong>Principio de limitaci\u00f3n del plazo de conservaci\u00f3n:<\/strong> los datos ser\u00e1n mantenidos durante no m\u00e1s tiempo del necesario para los fines del tratamiento, en funci\u00f3n a la finalidad, te informaremos del plazo de conservaci\u00f3n correspondiente, en el caso de suscripciones, peri\u00f3dicamente revisaremos nuestras listas y eliminaremos aquellos registros inactivos durante un tiempo considerable.<\/li>\n<li><strong>Principio de integridad y confidencialidad:<\/strong> Tus datos ser\u00e1n tratados de tal manera que se garantice una seguridad adecuada de los datos personales y se garantice confidencialidad. Debes saber que tomamos todas las precauciones necesarias para evitar el acceso no autorizado o uso indebido de los datos de nuestros usuarios por parte de terceros.<\/li>\n<\/ul>\n<p>[\/vc_column_text][vc_column_text css=&#8221;&#8221;]<\/p>\n<h2>\u00bfC\u00f3mo hemos obtenido tus datos?<\/h2>\n<p>[\/vc_column_text][vc_column_text css=&#8221;&#8221;]Los datos personales que tratamos en T\u00e1rtaros Gonzalo Castell\u00f3 proceden de:<\/p>\n<ul>\n<li>Formulario de contacto<\/li>\n<li>Formulario de subscripci\u00f3n<\/li>\n<li>Correspondencia previa mediante correo electr\u00f3nico<\/li>\n<\/ul>\n<p>[\/vc_column_text][vc_column_text css=&#8221;&#8221;]<\/p>\n<h2>\u00bfCu\u00e1les son tus derechos cuando nos facilitas tus datos?<\/h2>\n<p>[\/vc_column_text][vc_column_text css=&#8221;&#8221;]Cualquier persona tiene derecho a obtener confirmaci\u00f3n sobre si en T\u00e1rtaros Gonzalo Castell\u00f3 estamos tratando datos personales que me concierne, o no.<\/p>\n<p>&nbsp;<\/p>\n<p>Las personas interesadas tienen derecho a:<\/p>\n<ul>\n<li>Solicitar el acceso a los datos personales relativos al interesado<\/li>\n<li>Solicitar su rectificaci\u00f3n o supresi\u00f3n<\/li>\n<li>Solicitar la limitaci\u00f3n de su tratamiento<\/li>\n<li>Oponerse al tratamiento<\/li>\n<li>Solicitar la portabilidad de los datos<\/li>\n<\/ul>\n<p>&nbsp;<\/p>\n<p>Los interesados podr\u00e1n <strong>acceder<\/strong> a sus datos personales, as\u00ed como a solicitar la <strong>rectificaci\u00f3n<\/strong> de los datos inexactos o, en su caso, solicitar su <strong>supresi\u00f3n<\/strong> cuando, entre otros motivos, los datos ya no sean necesarios para los fines que fueron recogidos. En determinadas circunstancias, los interesados podr\u00e1n solicitar la <strong>limitaci\u00f3n<\/strong> del tratamiento de sus datos, en cuyo caso \u00fanicamente los conservar\u00e9 para el ejercicio o la defensa de reclamaciones.<\/p>\n<p>En determinadas circunstancias y por motivos relacionados con su situaci\u00f3n particular, los interesados podr\u00e1n <strong>oponerse<\/strong> al tratamiento de sus datos. T\u00e1rtaros Gonzalo Castell\u00f3, S.L.U. dejar\u00e1 de tratar los datos, salvo por motivos leg\u00edtimos imperiosos, o el ejercicio o la defensa de posibles reclamaciones. C\u00f3mo interesado, tienes derecho a recibir los datos personales que te incumban, que nos hayas facilitado y en un formato estructurado, de uso com\u00fan y lectura mec\u00e1nica, y a transmitirlos a otro responsable del tratamiento cuando:<\/p>\n<ul>\n<li>El tratamiento est\u00e9 basado en el consentimiento<\/li>\n<li>Los datos hayan sido facilitados por la persona interesada.<\/li>\n<li>El tratamiento se efect\u00fae por medios automatizados.<\/li>\n<\/ul>\n<p>&nbsp;<\/p>\n<p>Al ejercer tu derecho a la portabilidad de los datos, tendr\u00e1s derecho a que los datos personales se transmitan directamente de responsable a responsable cuando sea t\u00e9cnicamente posible.<\/p>\n<p>&nbsp;<\/p>\n<p>Los interesados tambi\u00e9n tendr\u00e1n derecho a la tutela judicial efectiva y a presentar una reclamaci\u00f3n ante la autoridad de control, en este caso, la Agencia Espa\u00f1ola de Protecci\u00f3n de Datos, si consideran que el tratamiento de datos personales que le conciernen infringe el Reglamento.[\/vc_column_text][vc_column_text css=&#8221;&#8221;]<\/p>\n<h2>\u00bfCon qu\u00e9 finalidad tratamos tus datos personales?<\/h2>\n<p>[\/vc_column_text][vc_column_text css=&#8221;&#8221;]Cuando un usuario se conecta con esta web por ejemplo para comentar un post, mandar un correo al titular o suscribirse, est\u00e1 facilitando informaci\u00f3n de car\u00e1cter personal de la que es responsable T\u00e1rtaros Gonzalo Castell\u00f3. Esa informaci\u00f3n puede incluir datos de car\u00e1cter personal como pueden ser tu direcci\u00f3n IP, nombre, direcci\u00f3n f\u00edsica, direcci\u00f3n de correo electr\u00f3nico, n\u00famero de tel\u00e9fono, y otra informaci\u00f3n. Al facilitar esta informaci\u00f3n, el usuario da su consentimiento para que su informaci\u00f3n sea recopilada, utilizada, gestionada y almacenada por <a href=\"https:\/\/www.naturalcastello.com\/es\">naturalcastello.com<\/a>, s\u00f3lo como se describe en el Aviso Legal y en la presente Pol\u00edtica de Privacidad.<\/p>\n<p>&nbsp;<\/p>\n<p>De acuerdo a lo establecido en el reglamento general de protecci\u00f3n de datos europeo (RGPD) 2016\/679, T\u00e1rtaros Gonzalo Castell\u00f3 S.L.U. con domicilio en C\/ Concepci\u00f3n Arenal, 32. 03660 Novelda (Alicante) &#8211; Espa\u00f1a, ser\u00e1 responsable del tratamiento de los datos correspondientes a Usuarios de la web y suscriptores.<\/p>\n<p>&nbsp;<\/p>\n<p>T\u00e1rtaros Gonzalo Castell\u00f3, no vende, alquila ni cede datos de car\u00e1cter personal que puedan identificar al usuario, ni lo har\u00e1 en el futuro, a terceros sin el consentimiento previo.[\/vc_column_text][vc_column_text css=&#8221;&#8221;]<\/p>\n<h2>Remarketing<\/h2>\n<p>[\/vc_column_text][vc_column_text css=&#8221;&#8221;]La funci\u00f3n de remarketing nos permite llegar a las personas que hayan visitado <a href=\"https:\/\/www.naturalcastello.com\/es\">naturalcastello.com<\/a> o se hayan puesto en contacto con nosotros mediante correo electr\u00f3nico anteriormente y asociar una audiencia determinada a un mensaje concreto. El remarketing es un m\u00e9todo para conseguir que los usuarios que han visitado nuestro sitio vuelvan a hacerlo.[\/vc_column_text][vc_column_text css=&#8221;&#8221;]<\/p>\n<h2>Legitimaci\u00f3n para el tratamiento de tus datos<\/h2>\n<p>[\/vc_column_text][vc_column_text css=&#8221;&#8221;]La base legal para el tratamiento de sus datos es: el consentimiento.<\/p>\n<p>&nbsp;<\/p>\n<p>Para contactar o realizar comentarios en esta web se requiere el consentimiento con esta pol\u00edtica de privacidad.<\/p>\n<p>&nbsp;<\/p>\n<p>La oferta prospectiva o comercial de productos y servicios est\u00e1 basada en el consentimiento que se le solicita, sin que en ning\u00fan caso la retirada de este consentimiento condicione la ejecuci\u00f3n del contrato de suscripci\u00f3n.<\/p>\n<p>&nbsp;<\/p>\n<p><strong>Categor\u00eda de datos<\/strong><\/p>\n<p>Las categor\u00edas de datos que se tratan son datos identificativos.<\/p>\n<p>&nbsp;<\/p>\n<p>No se tratan categor\u00edas de datos especialmente protegidos.<\/p>\n<p>[\/vc_column_text][vc_column_text css=&#8221;&#8221;]<\/p>\n<h2>\u00bfPor cu\u00e1nto tiempo conservaremos tus datos?<\/h2>\n<p>[\/vc_column_text][vc_column_text css=&#8221;&#8221;]<strong>Los datos personales proporcionados se conservar\u00e1n:<\/strong><\/p>\n<ul>\n<li>Mientras se mantenga la relaci\u00f3n mercantil.<\/li>\n<li>Hasta que no se solicite su supresi\u00f3n por el interesado.<\/li>\n<li>Periodo a partir de la \u00faltima confirmaci\u00f3n de inter\u00e9s: 1 a\u00f1os.<\/li>\n<\/ul>\n<p>[\/vc_column_text][vc_column_text css=&#8221;&#8221;]<\/p>\n<h2>\u00bfA qu\u00e9 destinatarios se comunicar\u00e1n tus datos?<\/h2>\n<p>[\/vc_column_text][vc_column_text css=&#8221;&#8221;]Muchas herramientas que utilizamos para gestionar tus datos son contratados por terceros.<\/p>\n<p>&nbsp;<\/p>\n<p>Para prestar servicios estrictamente necesarios para el desarrollo de la actividad, <a href=\"https:\/\/www.naturalcastello.com\/es\">naturalcastello.com<\/a>, comparte datos con los siguientes prestadores bajo sus correspondientes condiciones de privacidad:<\/p>\n<p>Este sitio web utiliza <strong>Google Analytics<\/strong>, un servicio de an\u00e1lisis web proporcionado para el Espacio Econ\u00f3mico Europeo y Suiza por Google Ireland Limited, con sede en Irlanda. Google Analytics nos ayuda a analizar el uso que los usuarios hacen del sitio. La informaci\u00f3n recopilada puede ser transferida y procesada por Google LLC en Estados Unidos, cuya adhesi\u00f3n al Marco de Privacidad de Datos UE-EE. UU. garantiza un nivel adecuado de protecci\u00f3n de los datos personales transferidos. Para m\u00e1s detalles sobre c\u00f3mo Google trata los datos, puede consultar la Pol\u00edtica de Privacidad de Google y los t\u00e9rminos de su adhesi\u00f3n al Marco de Privacidad de Datos.<\/p>\n<p><strong>Hosting:<\/strong> Raiola Networks, S.L., con domicilio en Espa\u00f1a. M\u00e1s informaci\u00f3n en: <a href=\"https:\/\/raiolanetworks.es\">https:\/\/raiolanetworks.es<\/a> (Raiola Networks, S.L.). Raiola Networks, S.L. trata los datos con la finalidad de realizar sus servicios de hosting a Luz Soluciones TIC, S.L.<\/p>\n<p><strong>Email marketing:<\/strong> Mailjet The Rocket Science Group LLC d\/b\/a , con domicilio en Francia. M\u00e1s informaci\u00f3n en: <a href=\"https:\/\/es.mailjet.com\/\">https:\/\/es.mailjet.com\/<\/a>. Mailjet SAS trata los datos con la finalidad de realizar sus servicios de email marketing a T\u00e1rtaros Gonzalo Castell\u00f3 S.L.U.[\/vc_column_text][vc_column_text css=&#8221;&#8221;]<\/p>\n<h2>Navegaci\u00f3n<\/h2>\n<p>[\/vc_column_text][vc_column_text css=&#8221;&#8221;]Al navegar por <a href=\"https:\/\/www.naturalcastello.com\/es\">naturalcastello.com<\/a> se pueden recoger datos no identificables, que pueden incluir, direcciones IP, ubicaci\u00f3n geogr\u00e1fica (aproximadamente), un registro de c\u00f3mo se utilizan los servicios y sitios, y otros datos que no pueden ser utilizados para identificar al usuario. Entre los datos no identificativos est\u00e1n tambi\u00e9n los relacionados a tus h\u00e1bitos de navegaci\u00f3n a trav\u00e9s de servicios de terceros. Esta web utiliza los siguientes servicios de an\u00e1lisis de terceros:<\/p>\n<ul>\n<li>Google Analytics<\/li>\n<\/ul>\n<p>Utilizamos esta informaci\u00f3n para analizar tendencias, administrar el sitio, rastrear los movimientos de los usuarios alrededor del sitio y para recopilar informaci\u00f3n demogr\u00e1fica sobre nuestra base de usuarios en su conjunto.[\/vc_column_text][vc_column_text css=&#8221;&#8221;]<\/p>\n<h2>Secreto y seguridad de los datos<\/h2>\n<p>[\/vc_column_text][vc_column_text css=&#8221;&#8221;]<a href=\"https:\/\/www.naturalcastello.com\/es\">Naturalcastello.com<\/a> se compromete en el uso y tratamiento de los datos incluidos personales de los usuarios, respetando su confidencialidad y a utilizarlos de acuerdo con la finalidad del mismo, as\u00ed como a dar cumplimiento a su obligaci\u00f3n de guardarlos y adaptar todas las medidas para evitar la alteraci\u00f3n, p\u00e9rdida, tratamiento o acceso no autorizado, de conformidad con lo establecido en la normativa vigente de protecci\u00f3n de datos.<\/p>\n<p>&nbsp;<\/p>\n<p>Esta web incluye un certificado SSL. Se trata de un protocolo de seguridad que hace que tus datos viajen de manera \u00edntegra y segura, es decir, la transmisi\u00f3n de los datos entre un servidor y usuario web, y en retroalimentaci\u00f3n, es totalmente cifrada o encriptada.<\/p>\n<p>&nbsp;<\/p>\n<p><a href=\"https:\/\/www.naturalcastello.com\/es\">Naturalcastello.com<\/a> no puede garantizar la absoluta inexpugnabilidad de la red Internet y por tanto la violaci\u00f3n de los datos mediante accesos fraudulentos a ellos por parte de terceros.<br \/>\nCon respecto a la confidencialidad del procesamiento, T\u00e1rtaros Gonzalo Castell\u00f3 S.L.U. se asegurar\u00e1 de que cualquier persona que est\u00e9 autorizada por <a href=\"https:\/\/www.naturalcastello.com\/es\">naturalcastello.com<\/a> para procesar los datos del cliente (incluido su personal, colaboradores y prestadores), estar\u00e1 bajo la obligaci\u00f3n apropiada de confidencialidad (ya sea un deber contractual o legal).<\/p>\n<p>&nbsp;<\/p>\n<p>Cuando se presente alg\u00fan incidente de seguridad, al darse cuenta <a href=\"https:\/\/www.naturalcastello.com\/es\">naturalcastello.com<\/a>, deber\u00e1 notificar al Cliente sin demoras indebidas y deber\u00e1 proporcionar informaci\u00f3n oportuna relacionada con el Incidente de Seguridad tal como se conozca o cuando el Cliente lo solicite razonablemente.[\/vc_column_text][vc_column_text css=&#8221;&#8221;]<\/p>\n<h2>Exactitud y veracidad de los datos<\/h2>\n<p>[\/vc_column_text][vc_column_text css=&#8221;&#8221;]Como usuario, eres el \u00fanico responsable de la veracidad y correcci\u00f3n de los datos que remitas a <a href=\"https:\/\/www.naturalcastello.com\/es\">naturalcastello.com<\/a> exonerando a T\u00e1rtaros Gonzalo Castell\u00f3 S.L.U., de cualquier responsabilidad al respecto.<br \/>\nLos usuarios garantizan y responden, en cualquier caso, de la exactitud, vigencia y autenticidad de los datos personales facilitados, y se comprometen a mantenerlos debidamente actualizados. El usuario acepta proporcionar informaci\u00f3n completa y correcta en el formulario de contacto o suscripci\u00f3n.[\/vc_column_text][vc_column_text css=&#8221;&#8221;]<\/p>\n<h2>Aceptaci\u00f3n y consentimiento<\/h2>\n<p>[\/vc_column_text][vc_column_text css=&#8221;&#8221;]El usuario declara haber sido informado de las condiciones sobre protecci\u00f3n de datos de car\u00e1cter personal, aceptando y consintiendo el tratamiento de los mismos por parte de T\u00e1rtaros Gonzalo Castell\u00f3, S.L.U. en la forma y para las finalidades indicadas en esta pol\u00edtica de privacidad.[\/vc_column_text][vc_column_text css=&#8221;&#8221;]<\/p>\n<h2>Revocabilidad<\/h2>\n<p>[\/vc_column_text][vc_column_text css=&#8221;&#8221;]El consentimiento prestado, tanto para el tratamiento como para la cesi\u00f3n de los datos de los interesados, es revocable en cualquier momento comunic\u00e1ndolo a T\u00e1rtaros Gonzalo Castell\u00f3 S.L.U. en los t\u00e9rminos establecidos en esta Pol\u00edtica para el ejercicio de los derechos ARCO. Esta revocaci\u00f3n en ning\u00fan caso tendr\u00e1 car\u00e1cter retroactivo.[\/vc_column_text][vc_column_text css=&#8221;&#8221;]<\/p>\n<h2>Cambios en la pol\u00edtica de privacidad<\/h2>\n<p>[\/vc_column_text][vc_column_text css=&#8221;&#8221;]T\u00e1rtaros Gonzalo Castell\u00f3 S.L.U. se reserva el derecho a modificar la presente pol\u00edtica para adaptarla a novedades legislativas o jurisprudenciales, as\u00ed como a pr\u00e1cticas de la industria. En dichos supuestos, T\u00e1rtaros Gonzalo Castell\u00f3 S.L.U. anunciar\u00e1 en esta p\u00e1gina los cambios introducidos con razonable antelaci\u00f3n a su puesta en pr\u00e1ctica.[\/vc_column_text][vc_column_text css=&#8221;&#8221;]<\/p>\n<h2>Correos comerciales<\/h2>\n<p>[\/vc_column_text][vc_column_text css=&#8221;&#8221;]De acuerdo con la LSSICE, <a href=\"https:\/\/www.naturalcastello.com\/es\">naturalcastello.com<\/a> no realiza pr\u00e1cticas de SPAM, por lo que no env\u00eda correos comerciales por v\u00eda electr\u00f3nica que no hayan sido previamente solicitados o autorizados por el usuario. En consecuencia, en cada uno de los formularios habidos en la web, el usuario tiene la posibilidad de dar su consentimiento expreso para recibir el bolet\u00edn, con independencia de la informaci\u00f3n comercial puntualmente solicitada.<br \/>\nConforme a lo dispuesto en la Ley 34\/2002 de Servicios de la Sociedad de la Informaci\u00f3n y de comercio electr\u00f3nico, <a href=\"https:\/\/www.naturalcastello.com\/es\">naturalcastello.com<\/a> se compromete a no enviar comunicaciones de car\u00e1cter comercial sin identificarlas debidamente.<br \/>\nDocumento revisado el 24-05-2018.<\/p>\n<p>&nbsp;<\/p>\n<p>De parte del equipo que formamos T\u00e1rtaros Gonzalo Castell\u00f3 te agradecemos el tiempo dedicado en leer esta pol\u00edtica de privacidad.[\/vc_column_text][\/vc_column][\/vc_row]<\/p>\n<\/div>","protected":false},"excerpt":{"rendered":"<p>[vc_row][vc_column][vc_column_text css=&#8221;&#8221;] Pol\u00edtica de privacidad [\/vc_column_text][vc_column_text css=&#8221;&#8221;]Esta pol\u00edtica de privacidad establece la forma en que se van a gestionar los datos personales en esta web. Es imprescindible que la leas y aceptes antes de seguir navegando. &nbsp; Naturalcastello.com es un proyecto de T\u00e1rtaros Gonzalo Castell\u00f3, cuya raz\u00f3n social es T\u00e1rtaros Gonzalo Castell\u00f3, S.L.U. y su [&hellip;]<\/p>\n","protected":false},"author":1,"featured_media":0,"parent":0,"menu_order":0,"comment_status":"closed","ping_status":"open","template":"","meta":{"_seopress_robots_primary_cat":"","_seopress_titles_title":"","_seopress_titles_desc":"","_seopress_robots_index":"","inline_featured_image":false,"footnotes":""},"class_list":["post-6117","page","type-page","status-publish","hentry"],"_links":{"self":[{"href":"https:\/\/www.naturalcastello.com\/es\/wp-json\/wp\/v2\/pages\/6117","targetHints":{"allow":["GET"]}}],"collection":[{"href":"https:\/\/www.naturalcastello.com\/es\/wp-json\/wp\/v2\/pages"}],"about":[{"href":"https:\/\/www.naturalcastello.com\/es\/wp-json\/wp\/v2\/types\/page"}],"author":[{"embeddable":true,"href":"https:\/\/www.naturalcastello.com\/es\/wp-json\/wp\/v2\/users\/1"}],"replies":[{"embeddable":true,"href":"https:\/\/www.naturalcastello.com\/es\/wp-json\/wp\/v2\/comments?post=6117"}],"version-history":[{"count":3,"href":"https:\/\/www.naturalcastello.com\/es\/wp-json\/wp\/v2\/pages\/6117\/revisions"}],"predecessor-version":[{"id":8997,"href":"https:\/\/www.naturalcastello.com\/es\/wp-json\/wp\/v2\/pages\/6117\/revisions\/8997"}],"wp:attachment":[{"href":"https:\/\/www.naturalcastello.com\/es\/wp-json\/wp\/v2\/media?parent=6117"}],"curies":[{"name":"wp","href":"https:\/\/api.w.org\/{rel}","templated":true}]}}