

{"id":6124,"date":"2019-09-20T15:33:04","date_gmt":"2019-09-20T13:33:04","guid":{"rendered":"https:\/\/www.naturalcastello.com\/?page_id=6124"},"modified":"2019-12-20T09:02:09","modified_gmt":"2019-12-20T08:02:09","slug":"formas-de-pago","status":"publish","type":"page","link":"https:\/\/www.naturalcastello.com\/es\/formas-de-pago\/","title":{"rendered":"Formas de pago"},"content":{"rendered":"<h3>Tarjeta de cr\u00e9dito<\/h3>\n<p>En Natural Castell\u00f3, utilizamos un sistema de pago con tarjeta de cr\u00e9dito <strong>totalmente seguro<\/strong>, para asegurarnos la confidencialidad de los datos de nuestros clientes y evitar posibles compras fraudulentas. Los datos confidenciales son transmitidos directamente y de forma encriptada (SSL) a la entidad financiera correspondiente. El sistema de encriptaci\u00f3n SSL confiere total seguridad a la transmisi\u00f3n de datos a trav\u00e9s de la red. Los datos sobre las tarjetas de cr\u00e9dito no quedan registrados en ninguna base de datos de Natural Castell\u00f3. S\u00f3lo se utilizan en el TPV (Terminal Punto de Venta) virtual de nuestra entidad financiera, a trav\u00e9s de su pasarela de pago seguro. Para proceder al pago en\u00a0Natural Castell\u00f3, puede utilizar tarjetas Visa, Mastercard y Maestro. Para pagar el pedido la entidad financiera le solicitar\u00e1 los datos de su tarjeta (n\u00famero, titular y el c\u00f3digo CVV de la tarjeta), adem\u00e1s de una verificaci\u00f3n de seguridad. Una vez confirmado el pago se proceder\u00e1 a preparar el pedido, para su posterior expedici\u00f3n.<\/p>\n","protected":false},"excerpt":{"rendered":"<p>Tarjeta de cr\u00e9dito En Natural Castell\u00f3, utilizamos un sistema de pago con tarjeta de cr\u00e9dito totalmente seguro, para asegurarnos la confidencialidad de los datos de nuestros clientes y evitar posibles compras fraudulentas. Los datos confidenciales son transmitidos directamente y de forma encriptada (SSL) a la entidad financiera correspondiente. El sistema de encriptaci\u00f3n SSL confiere total [&hellip;]<\/p>\n","protected":false},"author":1,"featured_media":0,"parent":0,"menu_order":0,"comment_status":"closed","ping_status":"closed","template":"","meta":{"_seopress_robots_primary_cat":"","_seopress_titles_title":"","_seopress_titles_desc":"","_seopress_robots_index":"","inline_featured_image":false,"footnotes":""},"class_list":["post-6124","page","type-page","status-publish","hentry"],"_links":{"self":[{"href":"https:\/\/www.naturalcastello.com\/es\/wp-json\/wp\/v2\/pages\/6124","targetHints":{"allow":["GET"]}}],"collection":[{"href":"https:\/\/www.naturalcastello.com\/es\/wp-json\/wp\/v2\/pages"}],"about":[{"href":"https:\/\/www.naturalcastello.com\/es\/wp-json\/wp\/v2\/types\/page"}],"author":[{"embeddable":true,"href":"https:\/\/www.naturalcastello.com\/es\/wp-json\/wp\/v2\/users\/1"}],"replies":[{"embeddable":true,"href":"https:\/\/www.naturalcastello.com\/es\/wp-json\/wp\/v2\/comments?post=6124"}],"version-history":[{"count":2,"href":"https:\/\/www.naturalcastello.com\/es\/wp-json\/wp\/v2\/pages\/6124\/revisions"}],"predecessor-version":[{"id":6573,"href":"https:\/\/www.naturalcastello.com\/es\/wp-json\/wp\/v2\/pages\/6124\/revisions\/6573"}],"wp:attachment":[{"href":"https:\/\/www.naturalcastello.com\/es\/wp-json\/wp\/v2\/media?parent=6124"}],"curies":[{"name":"wp","href":"https:\/\/api.w.org\/{rel}","templated":true}]}}