

{"id":6128,"date":"2019-09-20T15:36:54","date_gmt":"2019-09-20T13:36:54","guid":{"rendered":"https:\/\/www.naturalcastello.com\/?page_id=6128"},"modified":"2025-06-04T17:44:17","modified_gmt":"2025-06-04T15:44:17","slug":"condiciones-de-entrega","status":"publish","type":"page","link":"https:\/\/www.naturalcastello.com\/es\/condiciones-de-entrega\/","title":{"rendered":"Condiciones de entrega"},"content":{"rendered":"<h2>Tiempos de env\u00edo y entrega<\/h2>\n<h3>1.- Plazos de entrega<\/h3>\n<p>Para todos los pedidos realizados antes de las 13:00, Natural Castell\u00f3 se asegurar\u00e1 de que los productos salgan de nuestro almac\u00e9n el mismo d\u00eda y se entreguen el siguiente d\u00eda laborable. En algunos casos, el pedido podr\u00eda retrasarse hasta un m\u00e1ximo de 3 d\u00edas. Si por alg\u00fan motivo, como la falta de stock en el almac\u00e9n, el plazo de entrega debe superar las 72 horas, Natural Castell\u00f3 lo comunicar\u00e1 previamente, ofreciendo al cliente la opci\u00f3n de cancelar el pedido o modificar los productos solicitados.<\/p>\n<h3>2.- Gastos de env\u00edo<\/h3>\n<p>Los gastos de env\u00edo depender\u00e1n de la direcci\u00f3n de entrega y de la compra realizada; se calcular\u00e1n en la secci\u00f3n del carrito.<\/p>\n","protected":false},"excerpt":{"rendered":"<p>Tiempos de env\u00edo y entrega 1.- Plazos de entrega Para todos los pedidos realizados antes de las 13:00, Natural Castell\u00f3 se asegurar\u00e1 de que los productos salgan de nuestro almac\u00e9n el mismo d\u00eda y se entreguen el siguiente d\u00eda laborable. En algunos casos, el pedido podr\u00eda retrasarse hasta un m\u00e1ximo de 3 d\u00edas. Si por [&hellip;]<\/p>\n","protected":false},"author":1,"featured_media":0,"parent":0,"menu_order":0,"comment_status":"closed","ping_status":"closed","template":"","meta":{"_seopress_robots_primary_cat":"","_seopress_titles_title":"","_seopress_titles_desc":"","_seopress_robots_index":"","inline_featured_image":false,"footnotes":""},"class_list":["post-6128","page","type-page","status-publish","hentry"],"_links":{"self":[{"href":"https:\/\/www.naturalcastello.com\/es\/wp-json\/wp\/v2\/pages\/6128","targetHints":{"allow":["GET"]}}],"collection":[{"href":"https:\/\/www.naturalcastello.com\/es\/wp-json\/wp\/v2\/pages"}],"about":[{"href":"https:\/\/www.naturalcastello.com\/es\/wp-json\/wp\/v2\/types\/page"}],"author":[{"embeddable":true,"href":"https:\/\/www.naturalcastello.com\/es\/wp-json\/wp\/v2\/users\/1"}],"replies":[{"embeddable":true,"href":"https:\/\/www.naturalcastello.com\/es\/wp-json\/wp\/v2\/comments?post=6128"}],"version-history":[{"count":6,"href":"https:\/\/www.naturalcastello.com\/es\/wp-json\/wp\/v2\/pages\/6128\/revisions"}],"predecessor-version":[{"id":10058,"href":"https:\/\/www.naturalcastello.com\/es\/wp-json\/wp\/v2\/pages\/6128\/revisions\/10058"}],"wp:attachment":[{"href":"https:\/\/www.naturalcastello.com\/es\/wp-json\/wp\/v2\/media?parent=6128"}],"curies":[{"name":"wp","href":"https:\/\/api.w.org\/{rel}","templated":true}]}}