

{"id":5919,"date":"2019-09-13T10:11:26","date_gmt":"2019-09-17T09:29:39","guid":{"rendered":"https:\/\/www.naturalcastello.com\/?post_type=product&#038;p=5919"},"modified":"2025-06-11T17:19:52","modified_gmt":"2025-06-11T15:19:52","slug":"stevia-eritritol-11-300g","status":"publish","type":"product","link":"https:\/\/www.naturalcastello.com\/es\/product\/stevia-eritritol-11-300g\/","title":{"rendered":"Stevia + Eritritol 1:1"},"content":{"rendered":"","protected":false},"excerpt":{"rendered":"<p>\u00bfBuscas un <strong>edulcorante natural<\/strong> para sustituir el az\u00facar? <strong>Castello desde 1907<\/strong> ofrece un <strong>edulcorante 100% natural hecho con Stevia y Eritritol<\/strong> \ud83c\udf3f. Este edulcorante es perfecto para quienes desean <strong>reemplazar el az\u00facar sin renunciar a la dulzura natural<\/strong> \ud83d\udc9a. Su <strong>proceso de fabricaci\u00f3n \u00fanico<\/strong> permite que los ingredientes <strong>cristalicen en el mismo cristal<\/strong>, asegurando que cada grano tenga una <strong>dulzura homog\u00e9nea<\/strong>. As\u00ed se logra un <strong>sabor natural sin ning\u00fan aditivo<\/strong> \u2728. \u00a1Prueba hoy nuestro <strong>edulcorante natural de Stevia y Eritritol<\/strong>!<\/p>\n<p>El <strong>edulcorante Stevia + Eritritol 1:1 de Castello desde 1907<\/strong> es el <strong>sustituto perfecto del az\u00facar<\/strong> para quienes buscan <strong>mantener un estilo de vida saludable<\/strong> \ud83c\udfc3\u200d\u2640\ufe0f. Es <strong>100% natural<\/strong> y tiene <strong>cero calor\u00edas y carbohidratos<\/strong> \ud83e\uddd8\u200d\u2642\ufe0f, por lo que es <strong>apto para cualquier dieta<\/strong>. Su <strong>textura similar al az\u00facar<\/strong> lo hace f\u00e1cil de disolver en bebidas calientes y fr\u00edas, as\u00ed como ideal para la <strong>reposter\u00eda y la cocina<\/strong> \ud83c\udf70. Este edulcorante es apto para <strong>toda la familia<\/strong>, <strong>veganos y vegetarianos<\/strong>, e incluso es <strong>seguro para las mascotas<\/strong> \ud83d\udc36\ud83d\udc31.<\/p>\n<p>Nuestro <strong>edulcorante de Stevia y Eritritol<\/strong> es una <strong>alternativa natural al az\u00facar y a los edulcorantes artificiales<\/strong>. A diferencia de otros, <strong>no contiene dextrosa, aromas artificiales ni edulcorantes como Acesulfame-K<\/strong> \ud83d\udeab. El <strong>producto cristalizado de Castello desde 1907<\/strong> est\u00e1 elaborado \u00fanicamente con <strong>eritritol 100% natural<\/strong>, obtenido a partir de <strong>ma\u00edz 100% libre de OGM<\/strong> \ud83c\udf3d, y <strong>glic\u00f3sidos de esteviol<\/strong>, un <strong>extracto puro de stevia 200 veces m\u00e1s dulce que el az\u00facar<\/strong> \ud83c\udf6c.<\/p>\n<p>El <strong>edulcorante Stevia + Eritritol de Castello desde 1907<\/strong> es una <strong>alternativa natural y saludable al az\u00facar<\/strong> que <strong>no afecta los niveles de glucosa, insulina, colesterol, triglic\u00e9ridos ni electrolitos<\/strong> \ud83e\ude7a, gracias a su <strong>\u00edndice gluc\u00e9mico 0<\/strong>. Los carbohidratos que contiene <strong>no son metabolizados por el cuerpo humano<\/strong>, por lo que es un <strong>edulcorante sin calor\u00edas ni carbohidratos<\/strong>. Es perfecto para <strong>dieta cetog\u00e9nica, paleo, antic\u00e1ndida<\/strong> y <strong>deportiva<\/strong> \ud83e\udd51\ud83c\udfcb\ufe0f\u200d\u2642\ufe0f.<\/p>\n<p>Nuestro <strong>edulcorante Stevia + Eritritol<\/strong> tiene una <strong>proporci\u00f3n 1:1 con el az\u00facar<\/strong>, lo que significa que <strong>1 gramo del producto equivale a 1 gramo de az\u00facar<\/strong>. Este edulcorante es una <strong>opci\u00f3n sana y natural<\/strong> para endulzar bebidas y alimentos sin perder dulzor. <strong>Fabricado en Espa\u00f1a<\/strong> \ud83c\uddea\ud83c\uddf8 bajo los <strong>m\u00e1s altos est\u00e1ndares de calidad (IFS Food)<\/strong>, este producto es la <strong>elecci\u00f3n perfecta para quienes desean cuidar su salud y mantener una alimentaci\u00f3n sana y equilibrada<\/strong> \u2705.<\/p>\n","protected":false},"featured_media":6379,"template":"","meta":{"_seopress_robots_primary_cat":"none","_seopress_titles_title":"","_seopress_titles_desc":"","_seopress_robots_index":"","inline_featured_image":false},"product_brand":[],"product_cat":[246,235,443],"product_tag":[],"class_list":{"0":"post-5919","1":"product","2":"type-product","3":"status-publish","4":"has-post-thumbnail","6":"product_cat-stevia-erythritol","7":"product_cat-products","8":"product_cat-stevia-erythritol-1-1","10":"first","11":"instock","12":"taxable","13":"shipping-taxable","14":"purchasable","15":"product-type-simple"},"_links":{"self":[{"href":"https:\/\/www.naturalcastello.com\/es\/wp-json\/wp\/v2\/product\/5919","targetHints":{"allow":["GET"]}}],"collection":[{"href":"https:\/\/www.naturalcastello.com\/es\/wp-json\/wp\/v2\/product"}],"about":[{"href":"https:\/\/www.naturalcastello.com\/es\/wp-json\/wp\/v2\/types\/product"}],"wp:featuredmedia":[{"embeddable":true,"href":"https:\/\/www.naturalcastello.com\/es\/wp-json\/wp\/v2\/media\/6379"}],"wp:attachment":[{"href":"https:\/\/www.naturalcastello.com\/es\/wp-json\/wp\/v2\/media?parent=5919"}],"wp:term":[{"taxonomy":"product_brand","embeddable":true,"href":"https:\/\/www.naturalcastello.com\/es\/wp-json\/wp\/v2\/product_brand?post=5919"},{"taxonomy":"product_cat","embeddable":true,"href":"https:\/\/www.naturalcastello.com\/es\/wp-json\/wp\/v2\/product_cat?post=5919"},{"taxonomy":"product_tag","embeddable":true,"href":"https:\/\/www.naturalcastello.com\/es\/wp-json\/wp\/v2\/product_tag?post=5919"}],"curies":[{"name":"wp","href":"https:\/\/api.w.org\/{rel}","templated":true}]}}