

{"id":6283,"date":"2019-10-01T08:56:31","date_gmt":"2019-10-01T08:16:01","guid":{"rendered":"https:\/\/www.naturalcastello.com\/?post_type=product&#038;p=6283"},"modified":"2025-06-11T18:46:48","modified_gmt":"2025-06-11T16:46:48","slug":"stevia-eritritol-18-8x300g","status":"publish","type":"product","link":"https:\/\/www.naturalcastello.com\/es\/product\/stevia-eritritol-18-8x300g\/","title":{"rendered":"Stevia + Eritritol 1:8"},"content":{"rendered":"","protected":false},"excerpt":{"rendered":"<p><strong>Castello since 1907<\/strong> presenta un <strong>edulcorante 100% natural a base de Stevia y Eritritol<\/strong> \ud83c\udf3f. Este edulcorante es perfecto para quienes buscan <strong>sustituir el az\u00facar sin renunciar al dulzor natural<\/strong> \ud83d\udc9a. Su <strong>proceso de fabricaci\u00f3n \u00fanico<\/strong> permite que los ingredientes se <strong>cristalicen en el mismo cristal<\/strong>, garantizando que cada gr\u00e1nulo tenga el <strong>mismo dulzor homog\u00e9neo<\/strong>. As\u00ed, se logra un <strong>sabor natural sin ning\u00fan tipo de aditivos<\/strong> \u2728.<\/p>\n<p>El <strong>edulcorante Stevia + Eritritol 1:8<\/strong> es un <strong>sustituto del az\u00facar ideal para quienes buscan cuidar su salud<\/strong> \ud83c\udfc3\u200d\u2640\ufe0f. Adem\u00e1s de ser <strong>100% natural<\/strong>, <strong>no tiene calor\u00edas ni carbohidratos<\/strong> \ud83e\uddd8, lo que lo hace <strong>perfecto para cualquier tipo de dieta<\/strong>. Su <strong>textura similar al az\u00facar<\/strong> permite que se <strong>disuelva f\u00e1cilmente en bebidas fr\u00edas y calientes<\/strong>, y tambi\u00e9n es <strong>ideal para la pasteler\u00eda y reposter\u00eda<\/strong> \ud83c\udf70.<\/p>\n<p>A diferencia de otros edulcorantes, la <strong>Stevia + Eritritol de Castello since 1907<\/strong> <strong>no contiene dextrosa, aromas artificiales ni edulcorantes como el Acesulfamo-K<\/strong> \ud83d\udeab. Su <strong>producto cristalizado<\/strong> solo contiene <strong>Eritritol 100% natural elaborado con ma\u00edz 100% certificado No-GMO<\/strong> \ud83c\udf3d y <strong>Gluc\u00f3sidos de esteviol<\/strong>, un <strong>extracto puro de stevia 200 veces m\u00e1s dulce que el az\u00facar<\/strong> \ud83c\udf6c. Es <strong>apto para toda la familia, veganos y vegetarianos<\/strong>, y es incluso <strong>seguro para las mascotas<\/strong> \ud83d\udc3e.<\/p>\n<p>Este edulcorante <strong>no afecta los niveles de glucosa, insulina, colesterol, triglic\u00e9ridos ni electrolitos<\/strong> \ud83e\ude7a, ya que tiene un <strong>\u00edndice gluc\u00e9mico de 0<\/strong>. Los <strong>carbohidratos no son metabolizados por el cuerpo humano<\/strong>, por lo que se considera un <strong>edulcorante con 0 calor\u00edas y 0 carbohidratos<\/strong>. Es <strong>ideal para dietas especiales<\/strong> como la <strong>dieta cetog\u00e9nica, dieta paleo, dieta para la candidiasis y dietas para deportistas<\/strong> \ud83e\udd51\ud83d\udcaa.<\/p>\n<p><strong>1 gramo de Stevia + Eritritol 1:8 Castello since 1907 equivale a 8 gramos de az\u00facar<\/strong> \ud83c\udf6d. Este edulcorante es una <strong>opci\u00f3n saludable y natural para endulzar bebidas y alimentos sin renunciar al sabor dulce<\/strong>. <strong>Fabricado en Espa\u00f1a<\/strong> \ud83c\uddea\ud83c\uddf8 bajo los <strong>m\u00e1s altos est\u00e1ndares de calidad (IFS Food)<\/strong>, este producto es la <strong>elecci\u00f3n perfecta para quienes buscan cuidar su salud y mantener una alimentaci\u00f3n saludable y equilibrada<\/strong> \u2705.<\/p>\n","protected":false},"featured_media":6386,"template":"","meta":{"_seopress_robots_primary_cat":"none","_seopress_titles_title":"","_seopress_titles_desc":"","_seopress_robots_index":"","inline_featured_image":false},"product_brand":[],"product_cat":[246,235,446],"product_tag":[],"class_list":{"0":"post-6283","1":"product","2":"type-product","3":"status-publish","4":"has-post-thumbnail","6":"product_cat-stevia-erythritol","7":"product_cat-products","8":"product_cat-stevia-erythritol-1-8","10":"first","11":"instock","12":"taxable","13":"shipping-taxable","14":"purchasable","15":"product-type-simple"},"_links":{"self":[{"href":"https:\/\/www.naturalcastello.com\/es\/wp-json\/wp\/v2\/product\/6283","targetHints":{"allow":["GET"]}}],"collection":[{"href":"https:\/\/www.naturalcastello.com\/es\/wp-json\/wp\/v2\/product"}],"about":[{"href":"https:\/\/www.naturalcastello.com\/es\/wp-json\/wp\/v2\/types\/product"}],"wp:featuredmedia":[{"embeddable":true,"href":"https:\/\/www.naturalcastello.com\/es\/wp-json\/wp\/v2\/media\/6386"}],"wp:attachment":[{"href":"https:\/\/www.naturalcastello.com\/es\/wp-json\/wp\/v2\/media?parent=6283"}],"wp:term":[{"taxonomy":"product_brand","embeddable":true,"href":"https:\/\/www.naturalcastello.com\/es\/wp-json\/wp\/v2\/product_brand?post=6283"},{"taxonomy":"product_cat","embeddable":true,"href":"https:\/\/www.naturalcastello.com\/es\/wp-json\/wp\/v2\/product_cat?post=6283"},{"taxonomy":"product_tag","embeddable":true,"href":"https:\/\/www.naturalcastello.com\/es\/wp-json\/wp\/v2\/product_tag?post=6283"}],"curies":[{"name":"wp","href":"https:\/\/api.w.org\/{rel}","templated":true}]}}