

{"id":7813,"date":"2019-11-12T08:36:05","date_gmt":"2019-11-12T07:37:54","guid":{"rendered":"https:\/\/www.naturalcastello.com\/?post_type=product&#038;p=7813"},"modified":"2025-06-12T12:44:04","modified_gmt":"2025-06-12T10:44:04","slug":"eritritol-granulado-1kg","status":"publish","type":"product","link":"https:\/\/www.naturalcastello.com\/es\/product\/eritritol-granulado-1kg\/","title":{"rendered":"Eritritol Granulado"},"content":{"rendered":"","protected":false},"excerpt":{"rendered":"<p>Descubre el <strong>eritritol de Castello since 1907<\/strong>, un <strong>edulcorante 100% natural<\/strong> producido de forma natural en <strong>frutas y alimentos fermentados<\/strong> \ud83c\udf47\ud83c\udf4f. Este <strong>endulzante saludable y libre de calor\u00edas<\/strong> \ud83d\udc9a es perfecto para quienes buscan <strong>reducir su consumo de az\u00facar sin comprometer el sabor<\/strong>. Con su <strong>origen natural<\/strong> y su <strong>agradable dulzura<\/strong>, el eritritol se ha convertido en una <strong>opci\u00f3n popular para endulzar bebidas y alimentos<\/strong>. <strong>Disfruta de su sabor sin remordimientos<\/strong> y sin preocuparte por las calor\u00edas adicionales \u2705.<\/p>\n<p>El <strong>Eritritol Castello since 1907<\/strong> se produce a partir de <strong>ma\u00edz 100% certificado No-GMO<\/strong> \ud83c\udf3d, lo que lo convierte en una <strong>opci\u00f3n segura y saludable<\/strong> para quienes desean <strong>cuidar su alimentaci\u00f3n<\/strong>. Al ser un <strong>edulcorante natural<\/strong>, producido de forma natural en frutas y alimentos fermentados, es una <strong>alternativa m\u00e1s saludable al az\u00facar tradicional<\/strong> \ud83c\udf6c. Adem\u00e1s, el hecho de estar <strong>certificado como No-GMO<\/strong> garantiza que <strong>no se han utilizado organismos modificados gen\u00e9ticamente<\/strong> \ud83d\udd2c.<\/p>\n<p>Este edulcorante es <strong>ideal para dietas especiales<\/strong>, como la <strong>dieta Keto, la dieta Paleol\u00edtica, para personas con diabetes, candida y deportistas<\/strong> \ud83c\udfcb\ufe0f\u200d\u2640\ufe0f\ud83e\udd51. Su consumo <strong>no afecta los niveles de glucosa, insulina, colesterol, triglic\u00e9ridos o electrolitos<\/strong> \ud83e\ude7a. Adem\u00e1s, el <strong>\u00edndice gluc\u00e9mico del Eritritol es 0<\/strong>, lo que lo convierte en una <strong>opci\u00f3n segura para personas que no pueden tomar az\u00facar<\/strong>.<\/p>\n<p>El <strong>Eritritol Castello since 1907<\/strong> tiene <strong>0 calor\u00edas y 0 carbohidratos netos<\/strong>, ya que los <strong>carbohidratos no son metabolizados por el cuerpo humano<\/strong>. Por tanto, es una <strong>alternativa perfecta para quienes desean reducir su consumo de az\u00facar y controlar su ingesta cal\u00f3rica<\/strong> \ud83d\udd25. Adem\u00e1s, <strong>se disuelve f\u00e1cilmente en l\u00edquidos<\/strong>, lo que lo hace ideal para <strong>bebidas fr\u00edas y calientes<\/strong>, y tambi\u00e9n para <strong>pasteler\u00eda y reposter\u00eda<\/strong>, como <strong>bizcochos, merengues o helados<\/strong> \ud83c\udf70\ud83c\udf66.<\/p>\n<p><strong>10 gramos de Eritritol Castello since 1907<\/strong> endulza aproximadamente <strong>lo mismo que 7 gramos de az\u00facar<\/strong> \ud83c\udf6d. Su <strong>sabor y textura son similares al az\u00facar<\/strong>, lo que lo hace una <strong>excelente opci\u00f3n para disfrutar del dulzor sin comprometer la salud<\/strong> \ud83d\udcaa. Por todo ello, el <strong>Eritritol es una alternativa saludable y natural al az\u00facar<\/strong>, que <strong>cada vez gana m\u00e1s adeptos en todo el mundo<\/strong> \ud83c\udf0d.<\/p>\n","protected":false},"featured_media":8730,"template":"","meta":{"_seopress_robots_primary_cat":"none","_seopress_titles_title":"","_seopress_titles_desc":"","_seopress_robots_index":"","inline_featured_image":false},"product_brand":[],"product_cat":[238,628,236],"product_tag":[],"class_list":{"0":"post-7813","1":"product","2":"type-product","3":"status-publish","4":"has-post-thumbnail","6":"product_cat-stevia-eritritol","7":"product_cat-eritritol","8":"product_cat-productos","10":"first","11":"instock","12":"taxable","13":"shipping-taxable","14":"purchasable","15":"product-type-simple"},"_links":{"self":[{"href":"https:\/\/www.naturalcastello.com\/es\/wp-json\/wp\/v2\/product\/7813","targetHints":{"allow":["GET"]}}],"collection":[{"href":"https:\/\/www.naturalcastello.com\/es\/wp-json\/wp\/v2\/product"}],"about":[{"href":"https:\/\/www.naturalcastello.com\/es\/wp-json\/wp\/v2\/types\/product"}],"wp:featuredmedia":[{"embeddable":true,"href":"https:\/\/www.naturalcastello.com\/es\/wp-json\/wp\/v2\/media\/8730"}],"wp:attachment":[{"href":"https:\/\/www.naturalcastello.com\/es\/wp-json\/wp\/v2\/media?parent=7813"}],"wp:term":[{"taxonomy":"product_brand","embeddable":true,"href":"https:\/\/www.naturalcastello.com\/es\/wp-json\/wp\/v2\/product_brand?post=7813"},{"taxonomy":"product_cat","embeddable":true,"href":"https:\/\/www.naturalcastello.com\/es\/wp-json\/wp\/v2\/product_cat?post=7813"},{"taxonomy":"product_tag","embeddable":true,"href":"https:\/\/www.naturalcastello.com\/es\/wp-json\/wp\/v2\/product_tag?post=7813"}],"curies":[{"name":"wp","href":"https:\/\/api.w.org\/{rel}","templated":true}]}}