

{"id":8729,"date":"2024-06-18T10:01:21","date_gmt":"2024-06-18T12:00:26","guid":{"rendered":"https:\/\/www.naturalcastello.com\/?post_type=product&#038;p=8729"},"modified":"2025-06-12T11:06:40","modified_gmt":"2025-06-12T09:06:40","slug":"gotas-liquidas-stevia-125ml","status":"publish","type":"product","link":"https:\/\/www.naturalcastello.com\/es\/product\/gotas-liquidas-stevia-125ml\/","title":{"rendered":"Gotas l\u00edquidas de stevia"},"content":{"rendered":"","protected":false},"excerpt":{"rendered":"<p>\u00bfBuscas un <strong>edulcorante sin calor\u00edas<\/strong> para <strong>reemplazar el az\u00facar sin sacrificar la dulzura natural<\/strong> \ud83d\udc9a? Prueba la <strong>stevia l\u00edquida de Castello since 1907<\/strong> con <strong>gluc\u00f3sidos de esteviol provenientes de la Stevia<\/strong> \ud83c\udf3f. Es <strong>perfecto para bebidas fr\u00edas y calientes<\/strong>, as\u00ed como para <strong>hornear y cocinar<\/strong>: caf\u00e9, t\u00e9, batidos de prote\u00ednas, avena, yogur, smoothies, pasteles, galletas y mucho m\u00e1s \u2615\ud83c\udf70.<\/p>\n<p>El <strong>edulcorante Stevia L\u00edquida de Castello since 1907<\/strong> es una <strong>alternativa natural y saludable al az\u00facar<\/strong> que <strong>no afecta tus niveles de glucosa, insulina, colesterol, triglic\u00e9ridos o electrolitos<\/strong> \ud83e\ude7a, gracias a su <strong>\u00edndice gluc\u00e9mico de 0<\/strong>.<\/p>\n<p>Es un <strong>endulzante sin calor\u00edas y sin carbohidratos<\/strong> \ud83e\uddd8, ideal para quienes cuidan su alimentaci\u00f3n.<\/p>\n<p>Es <strong>perfecto para dietas especiales<\/strong> como la <strong>dieta cetog\u00e9nica, la dieta para la candidiasis y las dietas para deportistas<\/strong> \ud83c\udfcb\ufe0f\u200d\u2642\ufe0f\ud83e\udd51.<\/p>\n<p><strong>10 gotas<\/strong> de producto <strong>equivalen a 1 cucharadita de az\u00facar (4 g)<\/strong> \ud83c\udf6d. Una <strong>botella de 125 ml rinde aproximadamente 375 dosis<\/strong> \u2192 <strong>375 cucharaditas de az\u00facar<\/strong> \u2705.<\/p>\n","protected":false},"featured_media":8723,"template":"","meta":{"_seopress_robots_primary_cat":"none","_seopress_titles_title":"","_seopress_titles_desc":"","_seopress_robots_index":"","inline_featured_image":false},"product_brand":[],"product_cat":[238,236,649],"product_tag":[],"class_list":{"0":"post-8729","1":"product","2":"type-product","3":"status-publish","4":"has-post-thumbnail","6":"product_cat-stevia-eritritol","7":"product_cat-productos","8":"product_cat-stevia-liquida","10":"first","11":"instock","12":"taxable","13":"shipping-taxable","14":"purchasable","15":"product-type-simple"},"_links":{"self":[{"href":"https:\/\/www.naturalcastello.com\/es\/wp-json\/wp\/v2\/product\/8729","targetHints":{"allow":["GET"]}}],"collection":[{"href":"https:\/\/www.naturalcastello.com\/es\/wp-json\/wp\/v2\/product"}],"about":[{"href":"https:\/\/www.naturalcastello.com\/es\/wp-json\/wp\/v2\/types\/product"}],"wp:featuredmedia":[{"embeddable":true,"href":"https:\/\/www.naturalcastello.com\/es\/wp-json\/wp\/v2\/media\/8723"}],"wp:attachment":[{"href":"https:\/\/www.naturalcastello.com\/es\/wp-json\/wp\/v2\/media?parent=8729"}],"wp:term":[{"taxonomy":"product_brand","embeddable":true,"href":"https:\/\/www.naturalcastello.com\/es\/wp-json\/wp\/v2\/product_brand?post=8729"},{"taxonomy":"product_cat","embeddable":true,"href":"https:\/\/www.naturalcastello.com\/es\/wp-json\/wp\/v2\/product_cat?post=8729"},{"taxonomy":"product_tag","embeddable":true,"href":"https:\/\/www.naturalcastello.com\/es\/wp-json\/wp\/v2\/product_tag?post=8729"}],"curies":[{"name":"wp","href":"https:\/\/api.w.org\/{rel}","templated":true}]}}