

{"id":8741,"date":"2024-06-18T09:22:54","date_gmt":"2024-06-18T12:10:53","guid":{"rendered":"https:\/\/www.naturalcastello.com\/?post_type=product&#038;p=8741"},"modified":"2025-06-12T11:31:45","modified_gmt":"2025-06-12T09:31:45","slug":"edulcorante-eritritol-sucralosa-14","status":"publish","type":"product","link":"https:\/\/www.naturalcastello.com\/es\/product\/edulcorante-eritritol-sucralosa-14\/","title":{"rendered":"Edulcorante Eritritol + Sucralosa 1:4"},"content":{"rendered":"","protected":false},"excerpt":{"rendered":"<p>Nuestro <strong>Eritritol con Sucralosa 1:4<\/strong> ofrece una <strong>experiencia de sabor incre\u00edblemente similar al az\u00facar tradicional<\/strong> \ud83c\udf6c, con una ventaja adicional: <strong>\u00a1no contiene calor\u00edas!<\/strong> \ud83d\udc9a Esta potente combinaci\u00f3n de edulcorantes proporciona una <strong>dulzura intensa y aut\u00e9ntica<\/strong> sin dejar <strong>regusto amargo<\/strong>. Al combinar el eritritol con la <strong>suavidad de la sucralosa<\/strong>, se consigue una <strong>sensaci\u00f3n en boca muy parecida al az\u00facar com\u00fan<\/strong>.<\/p>\n<p>El <strong>Eritritol + Sucralosa 1:4 de Castello since 1907<\/strong> es la <strong>opci\u00f3n ideal para quienes buscan dulzura sin remordimientos<\/strong> \u2705. Con <strong>0 calor\u00edas y 0 carbohidratos netos<\/strong> \ud83d\udd25, es <strong>perfecto para dietas cetog\u00e9nicas y personas preocupadas por su salud<\/strong> \ud83e\uddd8\u200d\u2642\ufe0f. Adem\u00e1s, es <strong>100 % libre de OGM<\/strong> \ud83c\udf31. Gracias a nuestra mezcla \u00fanica, puedes <strong>endulzar tus bebidas y recetas favoritas<\/strong> sin preocuparte por las calor\u00edas o los carbohidratos, permiti\u00e9ndote <strong>disfrutar de una dulzura sin restricciones<\/strong>.<\/p>\n<p>Nuestro <strong>edulcorante Eritritol + Sucralosa 1:4<\/strong> es <strong>extraordinariamente dulce<\/strong>: es <strong>4 veces m\u00e1s dulce que el az\u00facar<\/strong> y <strong>6 veces m\u00e1s dulce que el eritritol solo<\/strong> \ud83d\udca5. Esta <strong>alt\u00edsima concentraci\u00f3n de dulzor<\/strong> permite una <strong>experiencia satisfactoria con cantidades mucho menores<\/strong>, lo que lo hace <strong>m\u00e1s econ\u00f3mico y duradero<\/strong> que el az\u00facar convencional o el eritritol \ud83d\udcb0.<\/p>\n<p>Este edulcorante <strong>no afecta a los niveles de glucosa, insulina, colesterol, triglic\u00e9ridos ni electrolitos<\/strong> \ud83e\ude7a, ya que tiene un <strong>\u00edndice gluc\u00e9mico de 0<\/strong>. Sus <strong>carbohidratos no son metabolizados por el cuerpo<\/strong>, por lo que aporta <strong>0 calor\u00edas y 0 carbohidratos<\/strong>. Es <strong>ideal para dietas especiales<\/strong> como la <strong>dieta cetog\u00e9nica o planes nutricionales para deportistas<\/strong> \ud83c\udfcb\ufe0f\u200d\u2640\ufe0f.<\/p>\n<p>Nuestro <strong>edulcorante de Eritritol + Sucralosa viene en un bote de 1 kg<\/strong>, con una <strong>proporci\u00f3n de 1:4 respecto al az\u00facar<\/strong>, lo que significa que <strong>1 gramo del producto equivale a 4 gramos de az\u00facar<\/strong> \ud83c\udf6d. Es una <strong>alternativa saludable para endulzar bebidas y alimentos sin renunciar al sabor dulce<\/strong>. <strong>Fabricado en Espa\u00f1a<\/strong> \ud83c\uddea\ud83c\uddf8 bajo los <strong>m\u00e1s altos est\u00e1ndares de calidad (FSSC 22000)<\/strong>, este producto es la <strong>elecci\u00f3n perfecta para quienes quieren cuidar su salud y mantener una dieta equilibrada<\/strong> \u2705.<\/p>\n","protected":false},"featured_media":8725,"template":"","meta":{"_seopress_robots_primary_cat":"none","_seopress_titles_title":"","_seopress_titles_desc":"","_seopress_robots_index":"","inline_featured_image":false},"product_brand":[],"product_cat":[246,627,653,235],"product_tag":[],"class_list":{"0":"post-8741","1":"product","2":"type-product","3":"status-publish","4":"has-post-thumbnail","6":"product_cat-stevia-erythritol","7":"product_cat-erythritol","8":"product_cat-erythritol-sucralose","9":"product_cat-products","11":"first","12":"instock","13":"taxable","14":"shipping-taxable","15":"purchasable","16":"product-type-simple"},"_links":{"self":[{"href":"https:\/\/www.naturalcastello.com\/es\/wp-json\/wp\/v2\/product\/8741","targetHints":{"allow":["GET"]}}],"collection":[{"href":"https:\/\/www.naturalcastello.com\/es\/wp-json\/wp\/v2\/product"}],"about":[{"href":"https:\/\/www.naturalcastello.com\/es\/wp-json\/wp\/v2\/types\/product"}],"wp:featuredmedia":[{"embeddable":true,"href":"https:\/\/www.naturalcastello.com\/es\/wp-json\/wp\/v2\/media\/8725"}],"wp:attachment":[{"href":"https:\/\/www.naturalcastello.com\/es\/wp-json\/wp\/v2\/media?parent=8741"}],"wp:term":[{"taxonomy":"product_brand","embeddable":true,"href":"https:\/\/www.naturalcastello.com\/es\/wp-json\/wp\/v2\/product_brand?post=8741"},{"taxonomy":"product_cat","embeddable":true,"href":"https:\/\/www.naturalcastello.com\/es\/wp-json\/wp\/v2\/product_cat?post=8741"},{"taxonomy":"product_tag","embeddable":true,"href":"https:\/\/www.naturalcastello.com\/es\/wp-json\/wp\/v2\/product_tag?post=8741"}],"curies":[{"name":"wp","href":"https:\/\/api.w.org\/{rel}","templated":true}]}}