

{"id":8746,"date":"2024-06-07T11:06:51","date_gmt":"2024-06-18T12:27:34","guid":{"rendered":"https:\/\/www.naturalcastello.com\/?post_type=product&#038;p=8746"},"modified":"2025-06-12T12:00:11","modified_gmt":"2025-06-12T10:00:11","slug":"eritritol-organico-bio-850g","status":"publish","type":"product","link":"https:\/\/www.naturalcastello.com\/es\/product\/eritritol-organico-bio-850g\/","title":{"rendered":"Eritritol Org\u00e1nico Bio"},"content":{"rendered":"","protected":false},"excerpt":{"rendered":"<p>Si est\u00e1s buscando un <strong>sustituto del az\u00facar saludable y natural<\/strong> \ud83d\udc9a, el <strong>Eritritol Org\u00e1nico Castello since 1907<\/strong> es una <strong>excelente opci\u00f3n<\/strong>. Este edulcorante es <strong>producido de forma natural en frutas y alimentos fermentados<\/strong> \ud83c\udf47 y est\u00e1 <strong>certificado como Bio &#8211; Org\u00e1nico &#8211; Ecol\u00f3gico<\/strong> \ud83c\udf31, lo que garantiza su <strong>calidad y pureza<\/strong>. Al elegirlo, puedes estar seguro de que <strong>est\u00e1s cuidando tu cuerpo con un producto seguro y saludable<\/strong> \ud83e\ude7a.<\/p>\n<p>El <strong>Eritritol Org\u00e1nico Castello since 1907<\/strong> se produce a partir de <strong>ma\u00edz 100% certificado No-GMO<\/strong> \ud83c\udf3d, lo que lo convierte en una <strong>opci\u00f3n segura y saludable<\/strong> para quienes buscan <strong>cuidar su alimentaci\u00f3n<\/strong>. Al ser un <strong>edulcorante natural y org\u00e1nico<\/strong>, producido de forma natural en frutas y alimentos fermentados, es una <strong>alternativa m\u00e1s saludable al az\u00facar tradicional<\/strong> \ud83c\udf6c. Adem\u00e1s, su <strong>certificaci\u00f3n No-GMO<\/strong> garantiza que <strong>no se han utilizado organismos modificados gen\u00e9ticamente<\/strong> \ud83d\udd2c.<\/p>\n<p>Este edulcorante es <strong>ideal para dietas especiales<\/strong>, como la <strong>dieta Keto, la dieta Paleol\u00edtica, para personas con diabetes, candida y deportistas<\/strong> \ud83c\udfcb\ufe0f\u200d\u2642\ufe0f\ud83e\udd51. Su consumo <strong>no afecta los niveles de glucosa, insulina, colesterol, triglic\u00e9ridos o electrolitos<\/strong> \ud83e\ude78. Adem\u00e1s, el <strong>\u00edndice gluc\u00e9mico del Eritritol es 0<\/strong>, lo que lo convierte en una <strong>opci\u00f3n segura para personas con diabetes<\/strong> \u2705.<\/p>\n<p>El <strong>Eritritol Org\u00e1nico Castello since 1907<\/strong> tiene <strong>0 calor\u00edas y 0 carbohidratos netos<\/strong>, ya que sus <strong>carbohidratos no son metabolizados por el cuerpo humano<\/strong>. Por tanto, es una <strong>alternativa perfecta para reducir el consumo de az\u00facar y controlar la ingesta cal\u00f3rica<\/strong> \ud83d\udd25. Adem\u00e1s, <strong>se disuelve f\u00e1cilmente en l\u00edquidos<\/strong>, lo que lo hace ideal para <strong>bebidas fr\u00edas y calientes<\/strong>, y para <strong>pasteler\u00eda y reposter\u00eda<\/strong> como <strong>bizcochos, merengues o helados<\/strong> \ud83c\udf70\ud83c\udf66.<\/p>\n<p><strong>10 gramos de Eritritol Bio &#8211; Org\u00e1nico &#8211; Ecol\u00f3gico Castello since 1907<\/strong> <strong>endulzan lo mismo que 7 gramos de az\u00facar<\/strong> \ud83c\udf6d. Su <strong>sabor y textura son similares al az\u00facar<\/strong>, por lo que es una <strong>excelente opci\u00f3n para disfrutar del dulzor sin comprometer la salud<\/strong> \ud83d\udcaa. Por todo ello, el <strong>Eritritol es una alternativa saludable y natural al az\u00facar<\/strong> que <strong>gana cada vez m\u00e1s adeptos en todo el mundo<\/strong> \ud83c\udf0d.<\/p>\n","protected":false},"featured_media":8638,"template":"","meta":{"_seopress_robots_primary_cat":"none","_seopress_titles_title":"","_seopress_titles_desc":"","_seopress_robots_index":"","inline_featured_image":false},"product_brand":[],"product_cat":[246,627,652,235],"product_tag":[],"class_list":{"0":"post-8746","1":"product","2":"type-product","3":"status-publish","4":"has-post-thumbnail","6":"product_cat-stevia-erythritol","7":"product_cat-erythritol","8":"product_cat-erythritol-organic","9":"product_cat-products","11":"first","12":"instock","13":"taxable","14":"shipping-taxable","15":"purchasable","16":"product-type-simple"},"_links":{"self":[{"href":"https:\/\/www.naturalcastello.com\/es\/wp-json\/wp\/v2\/product\/8746","targetHints":{"allow":["GET"]}}],"collection":[{"href":"https:\/\/www.naturalcastello.com\/es\/wp-json\/wp\/v2\/product"}],"about":[{"href":"https:\/\/www.naturalcastello.com\/es\/wp-json\/wp\/v2\/types\/product"}],"wp:featuredmedia":[{"embeddable":true,"href":"https:\/\/www.naturalcastello.com\/es\/wp-json\/wp\/v2\/media\/8638"}],"wp:attachment":[{"href":"https:\/\/www.naturalcastello.com\/es\/wp-json\/wp\/v2\/media?parent=8746"}],"wp:term":[{"taxonomy":"product_brand","embeddable":true,"href":"https:\/\/www.naturalcastello.com\/es\/wp-json\/wp\/v2\/product_brand?post=8746"},{"taxonomy":"product_cat","embeddable":true,"href":"https:\/\/www.naturalcastello.com\/es\/wp-json\/wp\/v2\/product_cat?post=8746"},{"taxonomy":"product_tag","embeddable":true,"href":"https:\/\/www.naturalcastello.com\/es\/wp-json\/wp\/v2\/product_tag?post=8746"}],"curies":[{"name":"wp","href":"https:\/\/api.w.org\/{rel}","templated":true}]}}