

{"id":10095,"date":"2025-06-04T20:10:32","date_gmt":"2025-06-04T18:10:32","guid":{"rendered":"https:\/\/www.naturalcastello.com\/?page_id=10095"},"modified":"2025-06-05T11:35:29","modified_gmt":"2025-06-05T09:35:29","slug":"accueil","status":"publish","type":"page","link":"https:\/\/www.naturalcastello.com\/fr\/","title":{"rendered":"Accueil"},"content":{"rendered":"<div class=\"wpb-content-wrapper\"><p>[vc_row full_width=&#8221;stretch_row_content_no_spaces&#8221; content_placement=&#8221;middle&#8221; parallax=&#8221;content-moving&#8221; parallax_image=&#8221;705&#8243; cms_row_class=&#8221;row-overlay&#8221; css=&#8221;.vc_custom_1569583093681{padding-top: 70px !important;padding-bottom: 70px !important;background-color: rgba(28,31,38,0.85) !important;*background-color: rgb(28,31,38) !important;}&#8221;][vc_column cms_column_class=&#8221;rm-padding-lg&#8221; cms_column_offset=&#8221;col-offset-left&#8221; css=&#8221;.vc_custom_1537323319523{padding-top: 35px !important;padding-right: 60px !important;padding-bottom: 35px !important;padding-left: 60px !important;}&#8221; offset=&#8221;vc_col-lg-4 vc_col-md-4&#8243;][cms_heading text=&#8221;Natural Castello &#8211; D\u00e9couvrez la vie saine&#8221; tag=&#8221;h1&#8243; align_sm=&#8221;align-center-sm&#8221; align_xs=&#8221;align-center-xs&#8221; font_size=&#8221;56&#8243; font_size_md=&#8221;56&#8243; font_size_sm=&#8221;56&#8243; font_size_xs=&#8221;30&#8243; text_color=&#8221;#ffffff&#8221; sub_title=&#8221;Essayez-vous \u00e0 la cuisine avec nos recettes incroyablement rapides et d\u00e9licieuses, adapt\u00e9es \u00e0 tous les r\u00e9gimes !&#8221; sub_title_position=&#8221;after-title&#8221;][cms_button button_text=&#8221;Toutes les recettes&#8221; button_link=&#8221;url:https%3A%2F%2Fwww.naturalcastello.com%2Ffr%2Frecettes%2F&#8221; align_sm=&#8221;align-center-sm&#8221; align_xs=&#8221;align-center-xs&#8221; padding_right=&#8221;59&#8243; padding_left=&#8221;59&#8243;][\/vc_column][vc_column cms_column_class=&#8221;rm-padding-md&#8221; css=&#8221;.vc_custom_1569583497083{padding-top: 0px !important;padding-right: 15px !important;padding-left: 15px !important;}&#8221; offset=&#8221;vc_col-lg-8 vc_col-md-8&#8243;][cms_heading text=&#8221;Recettes&#8221; tag=&#8221;h2&#8243; sub_title_position=&#8221;after-title&#8221; el_class=&#8221;custom-recipe-carousel-title&#8221;][cms_recipe_carousel orderby=&#8221;rand&#8221; limit=&#8221;3&#8243; col_xs=&#8221;1&#8243; col_sm=&#8221;2&#8243; col_md=&#8221;2&#8243; col_lg=&#8221;2&#8243; col_xl=&#8221;3&#8243; col_xxl=&#8221;3&#8243;][\/vc_column][\/vc_row][vc_row css=&#8221;.vc_custom_1569849625382{padding-top: 0px !important;padding-bottom: 0px !important;}&#8221;][vc_column offset=&#8221;vc_col-lg-4 vc_col-md-4&#8243; css=&#8221;.vc_custom_1569849688320{padding-top: 30px !important;padding-bottom: 30px !important;}&#8221;][cms_fancybox cms_template=&#8221;cms_fancybox&#8211;layout4.php&#8221; icon_type=&#8221;image&#8221; icon_image=&#8221;1211&#8243; title=&#8221;Livraison gratuite \u00e0 partir de :&#8221; description=&#8221;ES (P\u00e9ninsule) : 50 \u20ac<br \/>\nPT, ES (\u00celes Bal\u00e9ares) : 80 \u20ac<br \/>\nES (\u00celes Canaries) : 120 \u20ac<br \/>\nReste de l&#8217;Europe : 120 \u20ac<br \/>\nMalte et Chypre : 130 \u20ac&#8221; el_class=&#8221;fancybox-shipping&#8221;][\/vc_column][vc_column css=&#8221;.vc_custom_1569849713304{padding-top: 30px !important;padding-bottom: 30px !important;}&#8221; offset=&#8221;vc_col-lg-4 vc_col-md-4&#8243;][cms_fancybox cms_template=&#8221;cms_fancybox&#8211;layout4.php&#8221; icon_type=&#8221;image&#8221; icon_image=&#8221;822&#8243; title=&#8221;Points et R\u00e9compenses&#8221; description=&#8221;Gagnez des points pour chacun de vos achats. Vous b\u00e9n\u00e9ficierez d&#8217;une r\u00e9duction de 5 % sur vos achats suivants.&#8221; el_class=&#8221;fancybox-points-rewards&#8221;][\/vc_column][vc_column offset=&#8221;vc_col-lg-4 vc_col-md-4&#8243; css=&#8221;.vc_custom_1569849701312{padding-top: 30px !important;padding-bottom: 30px !important;}&#8221;][cms_fancybox cms_template=&#8221;cms_fancybox&#8211;layout4.php&#8221; icon_type=&#8221;image&#8221; icon_image=&#8221;1210&#8243; title=&#8221;Assistance gratuite&#8221; description=&#8221;Nous sommes toujours \u00e0 votre disposition pour r\u00e9pondre \u00e0 vos questions&#8221; el_class=&#8221;fancybox-customer-service&#8221;][\/vc_column][\/vc_row][vc_row full_width=&#8221;stretch_row&#8221; css=&#8221;.vc_custom_1536568407644{background-color: #ffffff !important;}&#8221;][vc_column css=&#8221;.vc_custom_1536569705469{padding-top: 35px !important;padding-bottom: 65px !important;}&#8221;][cms_heading text=&#8221;La boutique Natural Castello&#8221; tag=&#8221;h2&#8243; align_lg=&#8221;align-center&#8221; align_md=&#8221;align-center-md&#8221; align_sm=&#8221;align-center-sm&#8221; align_xs=&#8221;align-center-xs&#8221; font_size=&#8221;58&#8243; font_size_md=&#8221;58&#8243; font_size_sm=&#8221;58&#8243; font_size_xs=&#8221;32&#8243; letter_spacing=&#8221;-0.016em&#8221; custom_local_fonts=&#8221;true&#8221; icon_image=&#8221;yes&#8221; title_link=&#8221;|||&#8221; sub_title_position=&#8221;after-title&#8221;][vc_empty_space height=&#8221;20&#8243;][cms_product_grid orderby=&#8221;rand&#8221; limit=&#8221;4&#8243; col_xs=&#8221;1&#8243; col_sm=&#8221;1&#8243; col_md=&#8221;2&#8243; col_lg=&#8221;3&#8243; col_xl=&#8221;4&#8243; col_xxl=&#8221;4&#8243;][\/vc_column][\/vc_row][vc_row full_width=&#8221;stretch_row&#8221; css=&#8221;.vc_custom_1540871858730{border-top-width: 1px !important;border-bottom-width: 1px !important;background-color: #fcfcfc !important;border-top-color: #ebebef !important;border-top-style: solid !important;border-bottom-color: #ebebef !important;border-bottom-style: solid !important;}&#8221;][vc_column css=&#8221;.vc_custom_1537516771846{padding-top: 60px !important;padding-bottom: 67px !important;}&#8221;][cms_heading text=&#8221;Ce qu&#8217;ils en pensent&#8221; tag=&#8221;h2&#8243; align_lg=&#8221;align-center&#8221; align_md=&#8221;align-center-md&#8221; align_sm=&#8221;align-center-sm&#8221; align_xs=&#8221;align-center-xs&#8221; font_size=&#8221;58&#8243; font_size_md=&#8221;58&#8243; font_size_sm=&#8221;58&#8243; font_size_xs=&#8221;32&#8243; letter_spacing=&#8221;-0.016em&#8221; custom_local_fonts=&#8221;true&#8221; icon_image=&#8221;yes&#8221; title_link=&#8221;|||&#8221; sub_title=&#8221;Nos clients sont formidables !&#8221; sub_title_position=&#8221;after-title&#8221;][vc_empty_space height=&#8221;40px&#8221;][cms_testimonial_carousel testimonial_item=&#8221;%5B%7B%22title%22%3A%22Karim%22%2C%22position%22%3A%22Amazon%20Customer%22%2C%22content%22%3A%22My%20sister%20tends%20to%20bake%20quite%20a%20lot%20when%20she%20is%20in%20town%2C%20so%20thought%20I%20would%20buy%20her%20some%20of%20this%20premium%20Cream%20of%20Tartar.%5Cn%5CnSo%20far%20I%20she%20has%20been%20very%20impressed%20with%20the%20quality%20and%20I%20have%20been%20impressed%20with%20the%20cakes%20she%20has%20produced%20%3AP%5Cn%5CnWill%20definitely%20buy%20again%205%2F5%20%22%2C%22image%22%3A%226355%22%7D%2C%7B%22title%22%3A%22loxyloz%22%2C%22position%22%3A%22Amazon%20Customer%22%2C%22content%22%3A%22I%20use%20this%20for%20sweetening%20everything%20and%20baking.%20I%20have%20had%20many%20different%20brands%20of%20Stevia%20and%20there%20is%20a%20big%20difference%20in%20flavours%2C%20some%20are%20far%20more%20bitter%20than%20others.%20In%20my%20opinion%20this%20is%20the%20best%20out%20there%20with%20only%20a%20very%20slight%20aftertaste.%20It&#8217;s%20the%20only%20brand%20that%20I%20buy%20now.%20%22%2C%22image%22%3A%226334%22%7D%2C%7B%22title%22%3A%22Emma%20Williams%22%2C%22position%22%3A%22Amazon%20Customer%22%2C%22content%22%3A%22I%20started%20using%20this%20about%206%20months%20ago%20as%20I%20used%20to%20use%20a%20lot%20of%20regular%20salt%20and%20decided%20I%20needed%20to%20curb%20it.%20It%20took%20a%20couple%20of%20days%20to%20get%20used%20to%20it%2C%20it%E2%80%99s%20a%20slightly%20different%20flavour%20but%20I%20love%20it%20now!%22%2C%22image%22%3A%226330%22%7D%2C%7B%22title%22%3A%22Linda%20Margaret%20Tracy%20Harper%22%2C%22position%22%3A%22Amazon%20Customer%22%2C%22content%22%3A%22Love%20it%20thank%20u%20no%20complaint%20from%20my%20family%20x%22%2C%22image%22%3A%228324%22%7D%5D&#8221; col_xs=&#8221;1&#8243; col_sm=&#8221;1&#8243; col_md=&#8221;1&#8243; col_lg=&#8221;1&#8243; col_xl=&#8221;1&#8243; col_xxl=&#8221;1&#8243; loop=&#8221;true&#8221; autoplay=&#8221;true&#8221; center=&#8221;true&#8221; arrows=&#8221;true&#8221; bullets=&#8221;true&#8221;][\/vc_column][\/vc_row][vc_row full_width=&#8221;stretch_row&#8221; css=&#8221;.vc_custom_1540871962114{background-color: #ffffff !important;}&#8221;][vc_column css=&#8221;.vc_custom_1536631006710{padding-top: 82px !important;padding-bottom: 115px !important;}&#8221;][cms_heading text=&#8221;Articles sur l&#8217;alimentation&#8221; tag=&#8221;h2&#8243; align_lg=&#8221;align-center&#8221; align_md=&#8221;align-center-md&#8221; align_sm=&#8221;align-center-sm&#8221; align_xs=&#8221;align-center-xs&#8221; font_size=&#8221;58&#8243; font_size_md=&#8221;58&#8243; font_size_sm=&#8221;58&#8243; font_size_xs=&#8221;32&#8243; letter_spacing=&#8221;-0.016em&#8221; custom_local_fonts=&#8221;true&#8221; icon_image=&#8221;yes&#8221; title_link=&#8221;|||&#8221; sub_title_position=&#8221;after-title&#8221;][vc_empty_space height=&#8221;30px&#8221;][cms_blog_carousel orderby=&#8221;rand&#8221; limit=&#8221;4&#8243; col_xs=&#8221;1&#8243; col_sm=&#8221;1&#8243; col_md=&#8221;2&#8243; col_lg=&#8221;3&#8243; col_xl=&#8221;4&#8243; col_xxl=&#8221;4&#8243;][\/vc_column][\/vc_row][vc_row][vc_column][\/vc_column][\/vc_row]<\/p>\n<\/div>","protected":false},"excerpt":{"rendered":"<p>[vc_row full_width=&#8221;stretch_row_content_no_spaces&#8221; content_placement=&#8221;middle&#8221; parallax=&#8221;content-moving&#8221; parallax_image=&#8221;705&#8243; cms_row_class=&#8221;row-overlay&#8221; css=&#8221;.vc_custom_1569583093681{padding-top: 70px !important;padding-bottom: 70px !important;background-color: rgba(28,31,38,0.85) !important;*background-color: rgb(28,31,38) !important;}&#8221;][vc_column cms_column_class=&#8221;rm-padding-lg&#8221; cms_column_offset=&#8221;col-offset-left&#8221; css=&#8221;.vc_custom_1537323319523{padding-top: 35px !important;padding-right: 60px !important;padding-bottom: 35px !important;padding-left: 60px !important;}&#8221; offset=&#8221;vc_col-lg-4 vc_col-md-4&#8243;][cms_heading text=&#8221;Natural Castello &#8211; D\u00e9couvrez la vie saine&#8221; tag=&#8221;h1&#8243; align_sm=&#8221;align-center-sm&#8221; align_xs=&#8221;align-center-xs&#8221; font_size=&#8221;56&#8243; font_size_md=&#8221;56&#8243; font_size_sm=&#8221;56&#8243; font_size_xs=&#8221;30&#8243; text_color=&#8221;#ffffff&#8221; sub_title=&#8221;Essayez-vous \u00e0 la cuisine avec nos recettes incroyablement rapides et d\u00e9licieuses, adapt\u00e9es [&hellip;]<\/p>\n","protected":false},"author":1,"featured_media":0,"parent":0,"menu_order":0,"comment_status":"closed","ping_status":"closed","template":"","meta":{"_seopress_robots_primary_cat":"","_seopress_titles_title":"","_seopress_titles_desc":"","_seopress_robots_index":"","inline_featured_image":false,"footnotes":""},"class_list":["post-10095","page","type-page","status-publish","hentry"],"_links":{"self":[{"href":"https:\/\/www.naturalcastello.com\/fr\/wp-json\/wp\/v2\/pages\/10095","targetHints":{"allow":["GET"]}}],"collection":[{"href":"https:\/\/www.naturalcastello.com\/fr\/wp-json\/wp\/v2\/pages"}],"about":[{"href":"https:\/\/www.naturalcastello.com\/fr\/wp-json\/wp\/v2\/types\/page"}],"author":[{"embeddable":true,"href":"https:\/\/www.naturalcastello.com\/fr\/wp-json\/wp\/v2\/users\/1"}],"replies":[{"embeddable":true,"href":"https:\/\/www.naturalcastello.com\/fr\/wp-json\/wp\/v2\/comments?post=10095"}],"version-history":[{"count":2,"href":"https:\/\/www.naturalcastello.com\/fr\/wp-json\/wp\/v2\/pages\/10095\/revisions"}],"predecessor-version":[{"id":10130,"href":"https:\/\/www.naturalcastello.com\/fr\/wp-json\/wp\/v2\/pages\/10095\/revisions\/10130"}],"wp:attachment":[{"href":"https:\/\/www.naturalcastello.com\/fr\/wp-json\/wp\/v2\/media?parent=10095"}],"curies":[{"name":"wp","href":"https:\/\/api.w.org\/{rel}","templated":true}]}}