

{"id":11097,"date":"2025-06-18T11:33:25","date_gmt":"2025-06-18T09:33:25","guid":{"rendered":"https:\/\/www.naturalcastello.com\/?page_id=11097"},"modified":"2025-06-18T12:55:14","modified_gmt":"2025-06-18T10:55:14","slug":"paiement-annule","status":"publish","type":"page","link":"https:\/\/www.naturalcastello.com\/fr\/paiement-annule\/","title":{"rendered":"Paiement annule"},"content":{"rendered":"<div class=\"wpb-content-wrapper\"><p>[vc_row][vc_column][vc_column_text css=&#8221;&#8221;]<\/p>\n<div class=\"woocommerce-message woocommerce-error\" style=\"border: 1px solid #f00; padding: 20px; background-color: #fff4f4; border-radius: 8px;\">\n<h2>Votre paiement a \u00e9t\u00e9 annul\u00e9<\/h2>\n<p>Nous sommes d\u00e9sol\u00e9s, votre paiement n&#8217;a pas pu \u00eatre effectu\u00e9. Vous l&#8217;avez peut-\u00eatre annul\u00e9 ou une erreur est survenue avec la passerelle de paiement.<\/p>\n<ul>\n<li>\u2714\ufe0f Aucun d\u00e9bit n&#8217;a \u00e9t\u00e9 effectu\u00e9 sur votre carte.<\/li>\n<li>\u2714\ufe0f Votre commande n&#8217;a pas \u00e9t\u00e9 enregistr\u00e9e.<\/li>\n<\/ul>\n<p>Vous pouvez r\u00e9essayer en cliquant sur le bouton ci-dessous.<\/p>\n<p style=\"margin-top: 20px;\"><a class=\"button\" style=\"background-color: #0073aa; color: #fff; padding: 10px 20px; border-radius: 5px; text-decoration: none;\" href=\"\/fr\/paiement\"><br \/>\nRetour au paiement<br \/>\n<\/a><\/p>\n<\/div>\n<p>[\/vc_column_text][\/vc_column][\/vc_row]<\/p>\n<\/div>","protected":false},"excerpt":{"rendered":"<p>[vc_row][vc_column][vc_column_text css=&#8221;&#8221;] Votre paiement a \u00e9t\u00e9 annul\u00e9 Nous sommes d\u00e9sol\u00e9s, votre paiement n&#8217;a pas pu \u00eatre effectu\u00e9. Vous l&#8217;avez peut-\u00eatre annul\u00e9 ou une erreur est survenue avec la passerelle de paiement. \u2714\ufe0f Aucun d\u00e9bit n&#8217;a \u00e9t\u00e9 effectu\u00e9 sur votre carte. \u2714\ufe0f Votre commande n&#8217;a pas \u00e9t\u00e9 enregistr\u00e9e. Vous pouvez r\u00e9essayer en cliquant sur le bouton [&hellip;]<\/p>\n","protected":false},"author":1,"featured_media":0,"parent":0,"menu_order":0,"comment_status":"closed","ping_status":"closed","template":"","meta":{"_seopress_robots_primary_cat":"","_seopress_titles_title":"","_seopress_titles_desc":"","_seopress_robots_index":"","inline_featured_image":false,"footnotes":""},"class_list":["post-11097","page","type-page","status-publish","hentry"],"_links":{"self":[{"href":"https:\/\/www.naturalcastello.com\/fr\/wp-json\/wp\/v2\/pages\/11097","targetHints":{"allow":["GET"]}}],"collection":[{"href":"https:\/\/www.naturalcastello.com\/fr\/wp-json\/wp\/v2\/pages"}],"about":[{"href":"https:\/\/www.naturalcastello.com\/fr\/wp-json\/wp\/v2\/types\/page"}],"author":[{"embeddable":true,"href":"https:\/\/www.naturalcastello.com\/fr\/wp-json\/wp\/v2\/users\/1"}],"replies":[{"embeddable":true,"href":"https:\/\/www.naturalcastello.com\/fr\/wp-json\/wp\/v2\/comments?post=11097"}],"version-history":[{"count":5,"href":"https:\/\/www.naturalcastello.com\/fr\/wp-json\/wp\/v2\/pages\/11097\/revisions"}],"predecessor-version":[{"id":11111,"href":"https:\/\/www.naturalcastello.com\/fr\/wp-json\/wp\/v2\/pages\/11097\/revisions\/11111"}],"wp:attachment":[{"href":"https:\/\/www.naturalcastello.com\/fr\/wp-json\/wp\/v2\/media?parent=11097"}],"curies":[{"name":"wp","href":"https:\/\/api.w.org\/{rel}","templated":true}]}}