

{"id":10319,"date":"2024-06-18T09:22:54","date_gmt":"2025-06-06T16:45:19","guid":{"rendered":"https:\/\/www.naturalcastello.com\/?post_type=product&#038;p=10319"},"modified":"2025-06-12T11:29:14","modified_gmt":"2025-06-12T09:29:14","slug":"edulcorant-erythritol-sucralose-14","status":"publish","type":"product","link":"https:\/\/www.naturalcastello.com\/fr\/product\/edulcorant-erythritol-sucralose-14\/","title":{"rendered":"\u00c9dulcorant \u00c9rythritol + Sucralose 1:4"},"content":{"rendered":"","protected":false},"excerpt":{"rendered":"<p>Notre <strong>\u00c9rythritol avec Sucralose 1:4<\/strong> offre une <strong>exp\u00e9rience gustative incroyablement proche du sucre traditionnel<\/strong> \ud83c\udf6c, avec un avantage suppl\u00e9mentaire\u00a0: <strong>il est totalement exempt de calories<\/strong> \ud83d\udc9a\u00a0! Cette combinaison puissante d\u2019\u00e9dulcorants procure une <strong>douceur intense et authentique<\/strong> sans laisser de <strong>go\u00fbt amer en bouche<\/strong>. En associant l\u2019\u00e9rythritol \u00e0 la <strong>douceur d\u00e9licate de la sucralose<\/strong>, on obtient une <strong>texture en bouche remarquablement similaire \u00e0 celle du sucre classique<\/strong>.<\/p>\n<p>L\u2019<strong>\u00c9rythritol + Sucralose 1:4 de Castello depuis 1907<\/strong> est le <strong>choix id\u00e9al pour ceux qui recherchent une douceur sans culpabilit\u00e9<\/strong> \u2705. Avec <strong>0 calorie et 0 glucide net<\/strong> \ud83d\udd25, il est <strong>parfait pour les r\u00e9gimes c\u00e9tog\u00e8nes et les personnes soucieuses de leur sant\u00e9<\/strong> \ud83e\uddd8\u200d\u2642\ufe0f. De plus, il est <strong>enti\u00e8rement sans OGM<\/strong> \ud83c\udf31. Gr\u00e2ce \u00e0 notre m\u00e9lange unique, vous pouvez <strong>adoucir vos boissons et recettes pr\u00e9f\u00e9r\u00e9es<\/strong> sans vous soucier des calories ou des glucides, et ainsi <strong>profiter d\u2019une douceur sans compromis<\/strong>.<\/p>\n<p>Notre <strong>\u00e9dulcorant \u00c9rythritol + Sucralose 1:4<\/strong> est <strong>exceptionnellement sucr\u00e9<\/strong>\u00a0: il est <strong>4 fois plus sucr\u00e9 que le sucre<\/strong> et <strong>6 fois plus que l\u2019\u00e9rythritol seul<\/strong> \ud83d\udca5. Cette <strong>concentration incroyable en douceur<\/strong> permet une <strong>exp\u00e9rience gustative satisfaisante avec de tr\u00e8s petites quantit\u00e9s<\/strong>, ce qui en fait un produit <strong>plus \u00e9conomique et durable<\/strong> que le sucre classique ou l\u2019\u00e9rythritol \ud83d\udcb0.<\/p>\n<p>Cet \u00e9dulcorant <strong>n\u2019a aucun impact sur la glyc\u00e9mie, l\u2019insuline, le cholest\u00e9rol, les triglyc\u00e9rides ou les \u00e9lectrolytes<\/strong> \ud83e\ude7a, car son <strong>indice glyc\u00e9mique est de 0<\/strong>. Les <strong>glucides ne sont pas m\u00e9tabolis\u00e9s par l\u2019organisme<\/strong>, ce qui en fait un \u00e9dulcorant avec <strong>0 calorie et 0 glucide<\/strong>. Il est <strong>id\u00e9al pour les r\u00e9gimes sp\u00e9cifiques<\/strong> tels que le <strong>r\u00e9gime c\u00e9tog\u00e8ne ou les r\u00e9gimes pour sportifs<\/strong> \ud83c\udfcb\ufe0f\u200d\u2640\ufe0f.<\/p>\n<p>Notre <strong>\u00e9dulcorant \u00c9rythritol + Sucralose est propos\u00e9 en pot de 1 kg<\/strong>, avec un <strong>rapport de 1:4 par rapport au sucre<\/strong>, ce qui signifie que <strong>1 gramme de produit \u00e9quivaut \u00e0 4 grammes de sucre<\/strong> \ud83c\udf6d. Cet \u00e9dulcorant repr\u00e9sente un <strong>choix sain pour sucrer vos boissons et vos plats sans renoncer \u00e0 la douceur<\/strong>. <strong>Fabriqu\u00e9 en Espagne<\/strong> \ud83c\uddea\ud83c\uddf8 selon les <strong>normes de qualit\u00e9 les plus strictes (FSSC 22000)<\/strong>, ce produit est le <strong>choix parfait pour celles et ceux qui souhaitent prendre soin de leur sant\u00e9 tout en maintenant une alimentation \u00e9quilibr\u00e9e<\/strong> \u2705.<\/p>\n","protected":false},"featured_media":8725,"template":"","meta":{"_seopress_robots_primary_cat":"none","_seopress_titles_title":"","_seopress_titles_desc":"","_seopress_robots_index":"","inline_featured_image":false},"product_brand":[],"product_cat":[683,700,701,698],"product_tag":[],"class_list":{"0":"post-10319","1":"product","2":"type-product","3":"status-publish","4":"has-post-thumbnail","6":"product_cat-edulcorants-stevia-erythritol","7":"product_cat-erythritol-fr","8":"product_cat-erythritol-sucralose-fr","9":"product_cat-produits","11":"first","12":"instock","13":"taxable","14":"shipping-taxable","15":"purchasable","16":"product-type-simple"},"_links":{"self":[{"href":"https:\/\/www.naturalcastello.com\/fr\/wp-json\/wp\/v2\/product\/10319","targetHints":{"allow":["GET"]}}],"collection":[{"href":"https:\/\/www.naturalcastello.com\/fr\/wp-json\/wp\/v2\/product"}],"about":[{"href":"https:\/\/www.naturalcastello.com\/fr\/wp-json\/wp\/v2\/types\/product"}],"wp:featuredmedia":[{"embeddable":true,"href":"https:\/\/www.naturalcastello.com\/fr\/wp-json\/wp\/v2\/media\/8725"}],"wp:attachment":[{"href":"https:\/\/www.naturalcastello.com\/fr\/wp-json\/wp\/v2\/media?parent=10319"}],"wp:term":[{"taxonomy":"product_brand","embeddable":true,"href":"https:\/\/www.naturalcastello.com\/fr\/wp-json\/wp\/v2\/product_brand?post=10319"},{"taxonomy":"product_cat","embeddable":true,"href":"https:\/\/www.naturalcastello.com\/fr\/wp-json\/wp\/v2\/product_cat?post=10319"},{"taxonomy":"product_tag","embeddable":true,"href":"https:\/\/www.naturalcastello.com\/fr\/wp-json\/wp\/v2\/product_tag?post=10319"}],"curies":[{"name":"wp","href":"https:\/\/api.w.org\/{rel}","templated":true}]}}