

{"id":10323,"date":"2024-06-07T11:06:51","date_gmt":"2025-06-06T16:45:33","guid":{"rendered":"https:\/\/www.naturalcastello.com\/?post_type=product&#038;p=10323"},"modified":"2025-06-12T11:45:35","modified_gmt":"2025-06-12T09:45:35","slug":"erythritol-biologique-850g","status":"publish","type":"product","link":"https:\/\/www.naturalcastello.com\/fr\/product\/erythritol-biologique-850g\/","title":{"rendered":"\u00c9rythritol biologique certifi\u00e9 \u00e9co"},"content":{"rendered":"","protected":false},"excerpt":{"rendered":"<p>Si vous recherchez un <strong>substitut de sucre sain et naturel<\/strong> \ud83d\udc9a, l\u2019<strong>\u00c9rythritol Biologique de Castello since 1907<\/strong> est un <strong>excellent choix<\/strong>. Ce sucrant est <strong>naturellement pr\u00e9sent dans les fruits et les aliments ferment\u00e9s<\/strong> \ud83c\udf47\ud83c\udf4f, et il est <strong>certifi\u00e9 biologique, bio et respectueux de l\u2019environnement<\/strong> \ud83c\udf31, garantissant ainsi sa <strong>qualit\u00e9 et sa puret\u00e9<\/strong>. En le choisissant, vous avez la certitude de <strong>prendre soin de votre corps avec un produit sain et s\u00fbr<\/strong> \ud83e\ude7a.<\/p>\n<p>L\u2019<strong>\u00c9rythritol Bio de Castello since 1907<\/strong> est fabriqu\u00e9 \u00e0 partir de <strong>ma\u00efs 100 % certifi\u00e9 sans OGM<\/strong> \ud83c\udf3d, ce qui en fait une <strong>option saine et s\u00e9curis\u00e9e<\/strong> pour celles et ceux qui souhaitent <strong>maintenir une alimentation \u00e9quilibr\u00e9e<\/strong>. En tant que <strong>sucrant naturel et biologique<\/strong> issu de fruits et d\u2019aliments ferment\u00e9s, il repr\u00e9sente une <strong>alternative plus saine au sucre traditionnel<\/strong> \ud83c\udf6c. Sa <strong>certification sans OGM<\/strong> garantit l\u2019<strong>absence totale d\u2019organismes g\u00e9n\u00e9tiquement modifi\u00e9s<\/strong> dans le processus de production \ud83d\udd2c.<\/p>\n<p>Ce sucrant est <strong>id\u00e9al pour les r\u00e9gimes sp\u00e9cifiques<\/strong> comme le <strong>r\u00e9gime c\u00e9tog\u00e8ne, pal\u00e9olithique, ou encore pour les personnes diab\u00e9tiques, atteintes de candidose ou les sportifs<\/strong> \ud83c\udfcb\ufe0f\u200d\u2642\ufe0f\ud83e\udd51. Sa consommation <strong>n\u2019affecte ni la glyc\u00e9mie, ni l\u2019insuline, ni le cholest\u00e9rol, les triglyc\u00e9rides ou les \u00e9lectrolytes<\/strong> \ud83e\ude78. De plus, <strong>l\u2019\u00e9rythritol a un indice glyc\u00e9mique de 0<\/strong>, ce qui en fait une <strong>option s\u00fbre pour les personnes diab\u00e9tiques<\/strong> \u2705.<\/p>\n<p>L\u2019<strong>\u00c9rythritol Biologique de Castello since 1907<\/strong> contient <strong>0 calorie et 0 glucide assimilable<\/strong>, car <strong>les glucides ne sont pas m\u00e9tabolis\u00e9s par l\u2019organisme<\/strong>. C\u2019est une <strong>alternative parfaite pour r\u00e9duire la consommation de sucre et contr\u00f4ler l\u2019apport calorique<\/strong> \ud83d\udd25. Il se <strong>dissout facilement dans les liquides<\/strong>, ce qui le rend <strong>id\u00e9al aussi bien pour les boissons chaudes ou froides<\/strong>, que pour la <strong>p\u00e2tisserie et la boulangerie<\/strong> : g\u00e2teaux, meringues ou glaces \ud83c\udf70\ud83c\udf66.<\/p>\n<p>Un <strong>sachet de 5 grammes d\u2019\u00c9rythritol Bio et \u00c9cologique<\/strong> de Castello since 1907 <strong>\u00e9quivaut \u00e0 environ 4 grammes de sucre en pouvoir sucrant<\/strong> \ud83c\udf6d. Son <strong>go\u00fbt et sa texture sont tr\u00e8s proches du sucre<\/strong>, ce qui en fait un <strong>excellent choix pour savourer la douceur sans compromettre votre sant\u00e9<\/strong> \ud83d\udcaa. C\u2019est pourquoi <strong>l\u2019\u00e9rythritol conna\u00eet un succ\u00e8s croissant dans le monde entier<\/strong> \ud83c\udf0d en tant qu\u2019<strong>alternative saine et naturelle au sucre<\/strong>.<\/p>\n","protected":false},"featured_media":8638,"template":"","meta":{"_seopress_robots_primary_cat":"none","_seopress_titles_title":"","_seopress_titles_desc":"","_seopress_robots_index":"","inline_featured_image":false},"product_brand":[],"product_cat":[682,688,690,697],"product_tag":[],"class_list":{"0":"post-10323","1":"product","2":"type-product","3":"status-publish","4":"has-post-thumbnail","6":"product_cat-dolcificanti-stevia-eritritolo","7":"product_cat-eritritolo","8":"product_cat-eritritolo-biologico","9":"product_cat-prodotti","11":"first","12":"instock","13":"taxable","14":"shipping-taxable","15":"purchasable","16":"product-type-simple"},"_links":{"self":[{"href":"https:\/\/www.naturalcastello.com\/fr\/wp-json\/wp\/v2\/product\/10323","targetHints":{"allow":["GET"]}}],"collection":[{"href":"https:\/\/www.naturalcastello.com\/fr\/wp-json\/wp\/v2\/product"}],"about":[{"href":"https:\/\/www.naturalcastello.com\/fr\/wp-json\/wp\/v2\/types\/product"}],"wp:featuredmedia":[{"embeddable":true,"href":"https:\/\/www.naturalcastello.com\/fr\/wp-json\/wp\/v2\/media\/8638"}],"wp:attachment":[{"href":"https:\/\/www.naturalcastello.com\/fr\/wp-json\/wp\/v2\/media?parent=10323"}],"wp:term":[{"taxonomy":"product_brand","embeddable":true,"href":"https:\/\/www.naturalcastello.com\/fr\/wp-json\/wp\/v2\/product_brand?post=10323"},{"taxonomy":"product_cat","embeddable":true,"href":"https:\/\/www.naturalcastello.com\/fr\/wp-json\/wp\/v2\/product_cat?post=10323"},{"taxonomy":"product_tag","embeddable":true,"href":"https:\/\/www.naturalcastello.com\/fr\/wp-json\/wp\/v2\/product_tag?post=10323"}],"curies":[{"name":"wp","href":"https:\/\/api.w.org\/{rel}","templated":true}]}}