

{"id":10326,"date":"2022-06-01T17:19:05","date_gmt":"2025-06-06T16:45:37","guid":{"rendered":"https:\/\/www.naturalcastello.com\/?post_type=product&#038;p=10326"},"modified":"2025-06-12T12:39:20","modified_gmt":"2025-06-12T10:39:20","slug":"erythritol-granule-850g","status":"publish","type":"product","link":"https:\/\/www.naturalcastello.com\/fr\/product\/erythritol-granule-850g\/","title":{"rendered":"\u00c9rythritol Granul\u00e9"},"content":{"rendered":"","protected":false},"excerpt":{"rendered":"<p>D\u00e9couvrez <strong>l\u2019\u00e9rythritol de Castello since 1907<\/strong>, un <strong>\u00e9dulcorant 100\u202f% naturel<\/strong> pr\u00e9sent naturellement dans les fruits et les aliments ferment\u00e9s \ud83c\udf3f. Cet <strong>\u00e9dulcorant sain et sans calorie<\/strong> est parfait pour ceux qui souhaitent <strong>r\u00e9duire leur consommation de sucre sans renoncer au go\u00fbt<\/strong> \ud83d\udc9a. Gr\u00e2ce \u00e0 son <strong>origine naturelle<\/strong> et \u00e0 sa <strong>douceur agr\u00e9able<\/strong>, l\u2019\u00e9rythritol est devenu un <strong>choix populaire pour sucrer les boissons et les aliments<\/strong>. Profitez de son go\u00fbt <strong>sans culpabilit\u00e9 et sans souci de calories suppl\u00e9mentaires<\/strong> \u2705.<\/p>\n<p>L\u2019<strong>\u00e9rythritol de Castello since 1907<\/strong> est produit \u00e0 partir de <strong>ma\u00efs 100\u202f% certifi\u00e9 sans OGM<\/strong> \ud83c\udf3d, ce qui en fait un <strong>choix s\u00fbr et sain<\/strong> pour ceux qui souhaitent <strong>maintenir une alimentation \u00e9quilibr\u00e9e<\/strong>. En tant qu\u2019<strong>\u00e9dulcorant naturel<\/strong> issu de fruits et d\u2019aliments ferment\u00e9s, il offre une <strong>alternative plus saine au sucre traditionnel<\/strong> \ud83c\udf6c. De plus, sa <strong>certification sans OGM<\/strong> garantit l\u2019<strong>absence totale d\u2019organismes g\u00e9n\u00e9tiquement modifi\u00e9s<\/strong> \ud83d\udd2c.<\/p>\n<p>Cet \u00e9dulcorant est <strong>id\u00e9al pour les r\u00e9gimes sp\u00e9cifiques<\/strong> tels que le <strong>r\u00e9gime c\u00e9tog\u00e8ne, pal\u00e9o, ou encore pour les personnes diab\u00e9tiques, atteintes de candidose ou les sportifs<\/strong> \ud83c\udfcb\ufe0f\u200d\u2642\ufe0f\ud83e\udd51. Sa consommation <strong>n\u2019affecte ni la glyc\u00e9mie, ni l\u2019insuline, ni le cholest\u00e9rol, ni les triglyc\u00e9rides, ni les \u00e9lectrolytes<\/strong> \ud83e\ude7a. De plus, <strong>l\u2019\u00e9rythritol a un indice glyc\u00e9mique de 0<\/strong>, ce qui en fait une <strong>option s\u00fbre pour les personnes qui ne peuvent pas consommer de sucre<\/strong>.<\/p>\n<p>L\u2019<strong>\u00e9rythritol de Castello since 1907<\/strong> contient <strong>0 calorie et 0 glucide net<\/strong>, car <strong>les glucides ne sont pas m\u00e9tabolis\u00e9s par l\u2019organisme<\/strong>. Il repr\u00e9sente donc une <strong>alternative id\u00e9ale pour r\u00e9duire le sucre et contr\u00f4ler l\u2019apport calorique<\/strong> \ud83d\udd25. En outre, il <strong>se dissout facilement dans les liquides<\/strong>, ce qui le rend parfait aussi bien pour <strong>les boissons chaudes et froides<\/strong> que pour <strong>la p\u00e2tisserie et la confiserie<\/strong> \ud83c\udf70 \u2013 g\u00e2teaux, meringues ou glaces \ud83c\udf66.<\/p>\n<p><strong>10 grammes d\u2019\u00e9rythritol de Castello since 1907<\/strong> <strong>sucrent autant qu\u2019environ 7 grammes de sucre<\/strong> \ud83c\udf6d. Son <strong>go\u00fbt et sa texture sont tr\u00e8s proches de ceux du sucre<\/strong>, ce qui en fait un <strong>excellent choix pour savourer la douceur sans compromettre la sant\u00e9<\/strong> \ud83d\udcaa. Pour toutes ces raisons, <strong>l\u2019\u00e9rythritol est une alternative saine et naturelle au sucre<\/strong>, qui <strong>s\u00e9duit de plus en plus de personnes \u00e0 travers le monde<\/strong> \ud83c\udf0d.<\/p>\n","protected":false},"featured_media":8353,"template":"","meta":{"_seopress_robots_primary_cat":"none","_seopress_titles_title":"","_seopress_titles_desc":"","_seopress_robots_index":"","inline_featured_image":false},"product_brand":[],"product_cat":[238,628,236],"product_tag":[],"class_list":{"0":"post-10326","1":"product","2":"type-product","3":"status-publish","4":"has-post-thumbnail","6":"product_cat-stevia-eritritol","7":"product_cat-eritritol","8":"product_cat-productos","10":"first","11":"instock","12":"taxable","13":"shipping-taxable","14":"purchasable","15":"product-type-simple"},"_links":{"self":[{"href":"https:\/\/www.naturalcastello.com\/fr\/wp-json\/wp\/v2\/product\/10326","targetHints":{"allow":["GET"]}}],"collection":[{"href":"https:\/\/www.naturalcastello.com\/fr\/wp-json\/wp\/v2\/product"}],"about":[{"href":"https:\/\/www.naturalcastello.com\/fr\/wp-json\/wp\/v2\/types\/product"}],"wp:featuredmedia":[{"embeddable":true,"href":"https:\/\/www.naturalcastello.com\/fr\/wp-json\/wp\/v2\/media\/8353"}],"wp:attachment":[{"href":"https:\/\/www.naturalcastello.com\/fr\/wp-json\/wp\/v2\/media?parent=10326"}],"wp:term":[{"taxonomy":"product_brand","embeddable":true,"href":"https:\/\/www.naturalcastello.com\/fr\/wp-json\/wp\/v2\/product_brand?post=10326"},{"taxonomy":"product_cat","embeddable":true,"href":"https:\/\/www.naturalcastello.com\/fr\/wp-json\/wp\/v2\/product_cat?post=10326"},{"taxonomy":"product_tag","embeddable":true,"href":"https:\/\/www.naturalcastello.com\/fr\/wp-json\/wp\/v2\/product_tag?post=10326"}],"curies":[{"name":"wp","href":"https:\/\/api.w.org\/{rel}","templated":true}]}}