

{"id":10369,"date":"2019-10-01T09:14:52","date_gmt":"2025-06-06T17:01:36","guid":{"rendered":"https:\/\/www.naturalcastello.com\/?post_type=product&#038;p=10369"},"modified":"2025-06-12T20:09:59","modified_gmt":"2025-06-12T18:09:59","slug":"sel-allege-en-sodium-12x80g","status":"publish","type":"product","link":"https:\/\/www.naturalcastello.com\/fr\/product\/sel-allege-en-sodium-12x80g\/","title":{"rendered":"Sel all\u00e9g\u00e9 en sodium (\u201360\u202f%)"},"content":{"rendered":"","protected":false},"excerpt":{"rendered":"<p><strong>R\u00e9duisez le sodium sans renoncer au go\u00fbt.<\/strong> Le <strong>sel Castell\u00f3 avec 60\u202f% de sodium en moins<\/strong> est le substitut id\u00e9al pour celles et ceux qui souhaitent <strong>pr\u00e9server leur sant\u00e9 cardiovasculaire<\/strong> tout en continuant \u00e0 savourer le <strong>go\u00fbt authentique<\/strong> de leurs plats pr\u00e9f\u00e9r\u00e9s. \ud83e\uddc2\ud83d\udc9a<\/p>\n<p><strong>\u00c9labor\u00e9 \u00e0 partir d\u2019ingr\u00e9dients naturels et sans additifs nocifs.<\/strong> <strong>Sans gluten, sans phosphates, sans aluminium et sans OGM<\/strong>, cette alternative repr\u00e9sente un <strong>choix plus sain et plus conscient<\/strong> pour la cuisine du quotidien. \ud83c\udf3f<\/p>\n<p><strong>Id\u00e9al pour les r\u00e9gimes \u00e0 restriction mod\u00e9r\u00e9e en sodium.<\/strong> Parfait pour celles et ceux qui doivent <strong>contr\u00f4ler leur consommation de sel<\/strong> sans l\u2019\u00e9liminer compl\u00e8tement, tout en <strong>maintenant une alimentation \u00e9quilibr\u00e9e<\/strong>. \u2696\ufe0f<\/p>\n<p><strong>Haute qualit\u00e9 et s\u00e9curit\u00e9 alimentaire.<\/strong> Produit gr\u00e2ce \u00e0 une <strong>technologie de pointe<\/strong> et soumis \u00e0 un <strong>contr\u00f4le qualit\u00e9 rigoureux<\/strong>, ce sel est \u00e9galement <strong>certifi\u00e9 Casher<\/strong>, ce qui le rend adapt\u00e9 \u00e0 divers r\u00e9gimes alimentaires. \ud83c\udfc5<\/p>\n<p><strong>Un choix malin pour toute la famille.<\/strong> Avec un <strong>\u00e9quilibre entre sant\u00e9 et saveur<\/strong>, le sel Castell\u00f3 r\u00e9duit en sodium \u00e0 60\u202f% est une <strong>option pratique et r\u00e9fl\u00e9chie<\/strong> pour tous ceux qui veulent <strong>prendre soin de leur bien-\u00eatre<\/strong> sans compromis sur le go\u00fbt. \ud83d\udc68\u200d\ud83d\udc69\u200d\ud83d\udc67\u200d\ud83d\udc66\ud83c\udf7d\ufe0f<\/p>\n","protected":false},"featured_media":6363,"template":"","meta":{"_seopress_robots_primary_cat":"none","_seopress_titles_title":"","_seopress_titles_desc":"","_seopress_robots_index":"","inline_featured_image":false},"product_brand":[],"product_cat":[698,680],"product_tag":[],"class_list":{"0":"post-10369","1":"product","2":"type-product","3":"status-publish","4":"has-post-thumbnail","6":"product_cat-produits","7":"product_cat-substituts-de-sel","9":"first","10":"instock","11":"taxable","12":"shipping-taxable","13":"purchasable","14":"product-type-simple"},"_links":{"self":[{"href":"https:\/\/www.naturalcastello.com\/fr\/wp-json\/wp\/v2\/product\/10369","targetHints":{"allow":["GET"]}}],"collection":[{"href":"https:\/\/www.naturalcastello.com\/fr\/wp-json\/wp\/v2\/product"}],"about":[{"href":"https:\/\/www.naturalcastello.com\/fr\/wp-json\/wp\/v2\/types\/product"}],"wp:featuredmedia":[{"embeddable":true,"href":"https:\/\/www.naturalcastello.com\/fr\/wp-json\/wp\/v2\/media\/6363"}],"wp:attachment":[{"href":"https:\/\/www.naturalcastello.com\/fr\/wp-json\/wp\/v2\/media?parent=10369"}],"wp:term":[{"taxonomy":"product_brand","embeddable":true,"href":"https:\/\/www.naturalcastello.com\/fr\/wp-json\/wp\/v2\/product_brand?post=10369"},{"taxonomy":"product_cat","embeddable":true,"href":"https:\/\/www.naturalcastello.com\/fr\/wp-json\/wp\/v2\/product_cat?post=10369"},{"taxonomy":"product_tag","embeddable":true,"href":"https:\/\/www.naturalcastello.com\/fr\/wp-json\/wp\/v2\/product_tag?post=10369"}],"curies":[{"name":"wp","href":"https:\/\/api.w.org\/{rel}","templated":true}]}}