

{"id":10371,"date":"2019-10-01T09:08:08","date_gmt":"2025-06-06T17:01:44","guid":{"rendered":"https:\/\/www.naturalcastello.com\/?post_type=product&#038;p=10371"},"modified":"2025-06-13T17:06:29","modified_gmt":"2025-06-13T15:06:29","slug":"creme-de-tartre-12x60g","status":"publish","type":"product","link":"https:\/\/www.naturalcastello.com\/fr\/product\/creme-de-tartre-12x60g\/","title":{"rendered":"Cr\u00e8me de tartre"},"content":{"rendered":"","protected":false},"excerpt":{"rendered":"<p><strong>D\u00e9couvrez la Cr\u00e8me de Tartre Castello depuis 1907<\/strong>, la <strong>substitut naturel \u00e0 la levure chimique<\/strong> \ud83c\udf5e. Elle offre une <strong>alternative saine et sans additifs<\/strong>. Gr\u00e2ce \u00e0 sa <strong>composition 100 % naturelle<\/strong>, <strong>sans colorants ni conservateurs<\/strong>, elle est id\u00e9ale pour ceux qui recherchent une <strong>option plus naturelle en p\u00e2tisserie<\/strong>. <strong>Sublimez vos recettes<\/strong> avec ce choix sain et authentique \ud83e\uddc1.<\/p>\n<p>Saviez-vous que vous pouvez <strong>cr\u00e9er votre propre levure maison<\/strong> avec la Cr\u00e8me de Tartre Castello depuis 1907 ? Elle est <strong>100 % naturelle<\/strong>, <strong>non g\u00e9n\u00e9tiquement modifi\u00e9e (sans OGM)<\/strong> et <strong>exempte de gluten, phosphates, aluminium et allerg\u00e8nes<\/strong> \ud83d\udeab. Avec cette solution, r\u00e9galez-vous de <strong>pains et p\u00e2tisseries faits maison<\/strong> sans ingr\u00e9dients ind\u00e9sirables. <strong>Adoptez une p\u00e2tisserie saine et sereine<\/strong> \ud83c\udf70.<\/p>\n<p><strong>La Cr\u00e8me de Tartre Castello depuis 1907 agit comme un agent levant naturel<\/strong>, parfait pour r\u00e9ussir <strong>meringues, g\u00e2teaux, biscuits, macarons, chantilly, guimauves, souffl\u00e9s<\/strong> et bien plus encore \ud83c\udf65\ud83c\udf82. Sa capacit\u00e9 \u00e0 cr\u00e9er des <strong>textures a\u00e9riennes et l\u00e9g\u00e8res<\/strong> en fait un <strong>ingr\u00e9dient essentiel en p\u00e2tisserie<\/strong>. <strong>Rehaussez vos cr\u00e9ations sucr\u00e9es<\/strong> avec la Cr\u00e8me de Tartre Castello et savourez <strong>des douceurs parfaites et gourmandes<\/strong> \u2728.<\/p>\n<p>En plus de ses qualit\u00e9s culinaires, <strong>la Cr\u00e8me de Tartre Castello depuis 1907 est \u00e9galement recommand\u00e9e comme compl\u00e9ment naturel en potassium<\/strong> \ud83d\udc8a. Elle convient particuli\u00e8rement aux personnes suivant les r\u00e9gimes <strong>Keto, Pal\u00e9o et Candida<\/strong> \ud83e\udd51. \u00c9tant <strong>sans gluten<\/strong>, c\u2019est aussi une <strong>option s\u00fbre pour les personnes intol\u00e9rantes au gluten<\/strong> \ud83c\udf3e\u274c. <strong>Profitez des bienfaits pour la sant\u00e9<\/strong> de la Cr\u00e8me de Tartre Castello tout en enrichissant vos recettes et en respectant vos besoins alimentaires.<\/p>\n<p><strong>La Cr\u00e8me de Tartre Castello depuis 1907 a de nombreuses utilisations au-del\u00e0 de la cuisine<\/strong> \ud83e\uddfc. Elle peut \u00eatre utilis\u00e9e comme <strong>nettoyant pour m\u00e9taux et argent<\/strong>, ingr\u00e9dient dans la <strong>p\u00e2te \u00e0 modeler comestible maison<\/strong> (sans danger pour les enfants) \ud83e\uddf8, pour fabriquer des <strong>bombes de bain<\/strong>, comme <strong>nettoyant naturel<\/strong>, dans <strong>l\u2019entretien du linge<\/strong> et bien plus encore. Sa <strong>polyvalence<\/strong> en fait un <strong>atout pr\u00e9cieux du quotidien<\/strong>. <strong>D\u00e9couvrez les innombrables usages<\/strong> de la Cr\u00e8me de Tartre Castello et exploitez tout son potentiel pour <strong>am\u00e9liorer vos routines journali\u00e8res<\/strong> \ud83c\udfe1.<\/p>\n","protected":false},"featured_media":6354,"template":"","meta":{"_seopress_robots_primary_cat":"none","_seopress_titles_title":"","_seopress_titles_desc":"","_seopress_robots_index":"","inline_featured_image":false},"product_brand":[],"product_cat":[678,699],"product_tag":[],"class_list":{"0":"post-10371","1":"product","2":"type-product","3":"status-publish","4":"has-post-thumbnail","6":"product_cat-weinstein","7":"product_cat-produkte","9":"first","10":"instock","11":"taxable","12":"shipping-taxable","13":"purchasable","14":"product-type-simple"},"_links":{"self":[{"href":"https:\/\/www.naturalcastello.com\/fr\/wp-json\/wp\/v2\/product\/10371","targetHints":{"allow":["GET"]}}],"collection":[{"href":"https:\/\/www.naturalcastello.com\/fr\/wp-json\/wp\/v2\/product"}],"about":[{"href":"https:\/\/www.naturalcastello.com\/fr\/wp-json\/wp\/v2\/types\/product"}],"wp:featuredmedia":[{"embeddable":true,"href":"https:\/\/www.naturalcastello.com\/fr\/wp-json\/wp\/v2\/media\/6354"}],"wp:attachment":[{"href":"https:\/\/www.naturalcastello.com\/fr\/wp-json\/wp\/v2\/media?parent=10371"}],"wp:term":[{"taxonomy":"product_brand","embeddable":true,"href":"https:\/\/www.naturalcastello.com\/fr\/wp-json\/wp\/v2\/product_brand?post=10371"},{"taxonomy":"product_cat","embeddable":true,"href":"https:\/\/www.naturalcastello.com\/fr\/wp-json\/wp\/v2\/product_cat?post=10371"},{"taxonomy":"product_tag","embeddable":true,"href":"https:\/\/www.naturalcastello.com\/fr\/wp-json\/wp\/v2\/product_tag?post=10371"}],"curies":[{"name":"wp","href":"https:\/\/api.w.org\/{rel}","templated":true}]}}