

{"id":10394,"date":"2019-10-01T08:38:10","date_gmt":"2025-06-06T17:05:06","guid":{"rendered":"https:\/\/www.naturalcastello.com\/?post_type=product&#038;p=10394"},"modified":"2025-06-12T20:16:24","modified_gmt":"2025-06-12T18:16:24","slug":"alternative-sel-bonsalt-0-sodium-12x85g","status":"publish","type":"product","link":"https:\/\/www.naturalcastello.com\/fr\/product\/alternative-sel-bonsalt-0-sodium-12x85g\/","title":{"rendered":"Alternative au sel Bonsalt 0\u202f% de sodium"},"content":{"rendered":"","protected":false},"excerpt":{"rendered":"<p>Pour celles et ceux qui ne peuvent pas consommer de sel en raison de probl\u00e8mes de sant\u00e9 ou de restrictions alimentaires, notre substitut de sel <strong>Bonsalt 0 % Sodium<\/strong> est l\u2019une des <strong>meilleures alternatives au sel<\/strong> \ud83e\uddc2. En utilisant notre <strong>substitut de sel sans sodium<\/strong>, vous pouvez <strong>r\u00e9duire consid\u00e9rablement votre consommation quotidienne de sodium<\/strong> sans renoncer au go\u00fbt sal\u00e9 de vos plats pr\u00e9f\u00e9r\u00e9s. <strong>D\u00e9couvrez comment savourer des saveurs d\u00e9licieuses et saines sans compromettre votre bien-\u00eatre<\/strong> \ud83d\udc9a.<\/p>\n<p>De plus, le substitut de sel <strong>Bonsalt 0 % Sodium<\/strong> est <strong>faible en calories<\/strong>, ce qui en fait une <strong>option id\u00e9ale pour celles et ceux qui surveillent leur poids<\/strong> \u2696\ufe0f. Si vous cherchez un moyen de <strong>r\u00e9duire votre consommation de sel sans sacrifier le go\u00fbt<\/strong>, essayez <strong>Bonsalt 0 % Sodium<\/strong>.<\/p>\n<p><strong>Les aliments transform\u00e9s et en conserve contiennent souvent de grandes quantit\u00e9s de sodium<\/strong>, et l\u2019utilisation de sel classique peut rendre plus difficile l\u2019adoption d\u2019un <strong>r\u00e9gime pauvre en sodium<\/strong>. Gr\u00e2ce au substitut de sel <strong>Bonsalt 0 % Sodium<\/strong>, vous pouvez <strong>profiter des saveurs de vos repas<\/strong> sans augmenter votre apport en sodium. <strong>D\u00e9couvrez comment prendre soin de votre sant\u00e9<\/strong> tout en adoptant une <strong>alimentation \u00e9quilibr\u00e9e<\/strong> sans faire de compromis sur le go\u00fbt \ud83e\udd57.<\/p>\n<p>Avec <strong>0 % de sodium pour 100 g<\/strong>, le substitut de sel <strong>Bonsalt 0 % Sodium<\/strong> est une <strong>option plus saine \u00e0 base d\u2019ingr\u00e9dients naturels<\/strong> \ud83c\udf31. Il a \u00e9galement des <strong>effets b\u00e9n\u00e9fiques sur le traitement des fluides corporels<\/strong>, ce qui en fait un <strong>excellent choix<\/strong>. Si vous souhaitez retrouver le <strong>go\u00fbt du sel sans les effets n\u00e9fastes sur la sant\u00e9<\/strong>, essayez le substitut de sel <strong>Bonsalt 0 % Sodium<\/strong>.<\/p>\n<p>Le substitut de sel <strong>Bonsalt 0 % Sodium<\/strong> est <strong>parfait pour les personnes ayant des restrictions alimentaires<\/strong>, car il est <strong>sans gluten<\/strong> et <strong>convient aux personnes atteintes de la maladie c\u0153liaque<\/strong> \ud83c\udf3e\ud83d\udeab. C\u2019est aussi un <strong>excellent choix pour les v\u00e9ganes et v\u00e9g\u00e9tariens<\/strong>, car il ne contient <strong>aucun ingr\u00e9dient d\u2019origine animale<\/strong> \ud83e\udd6c. Par ailleurs, pour celles et ceux qui suivent des r\u00e9gimes alimentaires religieux, notre produit est <strong>certifi\u00e9 Casher et Halal<\/strong> \u2721\ufe0f\u262a\ufe0f. Ainsi, <strong>quelles que soient vos exigences alimentaires<\/strong>, vous pouvez <strong>consommer notre produit en toute confiance<\/strong> \u2705.<\/p>\n","protected":false},"featured_media":6332,"template":"","meta":{"_seopress_robots_primary_cat":"none","_seopress_titles_title":"","_seopress_titles_desc":"","_seopress_robots_index":"","inline_featured_image":false},"product_brand":[],"product_cat":[699,681],"product_tag":[],"class_list":{"0":"post-10394","1":"product","2":"type-product","3":"status-publish","4":"has-post-thumbnail","6":"product_cat-produkte","7":"product_cat-salzersatz","9":"first","10":"outofstock","11":"taxable","12":"shipping-taxable","13":"purchasable","14":"product-type-simple"},"_links":{"self":[{"href":"https:\/\/www.naturalcastello.com\/fr\/wp-json\/wp\/v2\/product\/10394","targetHints":{"allow":["GET"]}}],"collection":[{"href":"https:\/\/www.naturalcastello.com\/fr\/wp-json\/wp\/v2\/product"}],"about":[{"href":"https:\/\/www.naturalcastello.com\/fr\/wp-json\/wp\/v2\/types\/product"}],"wp:featuredmedia":[{"embeddable":true,"href":"https:\/\/www.naturalcastello.com\/fr\/wp-json\/wp\/v2\/media\/6332"}],"wp:attachment":[{"href":"https:\/\/www.naturalcastello.com\/fr\/wp-json\/wp\/v2\/media?parent=10394"}],"wp:term":[{"taxonomy":"product_brand","embeddable":true,"href":"https:\/\/www.naturalcastello.com\/fr\/wp-json\/wp\/v2\/product_brand?post=10394"},{"taxonomy":"product_cat","embeddable":true,"href":"https:\/\/www.naturalcastello.com\/fr\/wp-json\/wp\/v2\/product_cat?post=10394"},{"taxonomy":"product_tag","embeddable":true,"href":"https:\/\/www.naturalcastello.com\/fr\/wp-json\/wp\/v2\/product_tag?post=10394"}],"curies":[{"name":"wp","href":"https:\/\/api.w.org\/{rel}","templated":true}]}}