

{"id":10395,"date":"2019-09-17T12:42:09","date_gmt":"2025-06-06T17:05:09","guid":{"rendered":"https:\/\/www.naturalcastello.com\/?post_type=product&#038;p=10395"},"modified":"2025-06-11T18:50:00","modified_gmt":"2025-06-11T16:50:00","slug":"stevia-erythritol-18-250sachets","status":"publish","type":"product","link":"https:\/\/www.naturalcastello.com\/fr\/product\/stevia-erythritol-18-250sachets\/","title":{"rendered":"Stevia + Erythritol 1:8"},"content":{"rendered":"","protected":false},"excerpt":{"rendered":"<p>Vous cherchez un <strong>\u00e9dulcorant naturel<\/strong> pour remplacer le sucre ? <strong>Castello depuis 1907<\/strong> propose un <strong>\u00e9dulcorant 100% naturel \u00e0 base de st\u00e9via et d\u2019\u00e9rythritol<\/strong> \ud83c\udf3f. Cet \u00e9dulcorant est parfait pour ceux qui veulent <strong>remplacer le sucre sans sacrifier la douceur naturelle<\/strong> \ud83d\udc9a. Son <strong>proc\u00e9d\u00e9 de fabrication unique<\/strong> permet aux ingr\u00e9dients de <strong>cristalliser dans le m\u00eame cristal<\/strong>, garantissant \u00e0 chaque grain une <strong>douceur homog\u00e8ne<\/strong>. R\u00e9sultat : un <strong>go\u00fbt naturel sans aucun additif<\/strong> \u2728. Essayez d\u00e8s aujourd\u2019hui notre <strong>\u00e9dulcorant naturel \u00e0 base de st\u00e9via et d\u2019\u00e9rythritol<\/strong> !<\/p>\n<p>L\u2019<strong>\u00e9dulcorant Stevia + \u00c9rythritol 1:8 de Castello depuis 1907<\/strong> est le <strong>substitut de sucre id\u00e9al<\/strong> pour ceux qui veulent <strong>adopter un mode de vie sain<\/strong> \ud83c\udfc3\u200d\u2640\ufe0f. Il est <strong>100% naturel<\/strong> et contient <strong>z\u00e9ro calorie et z\u00e9ro glucide<\/strong> \ud83e\uddd8\u200d\u2642\ufe0f, ce qui le rend <strong>adapt\u00e9 \u00e0 tous les r\u00e9gimes alimentaires<\/strong>. Sa <strong>texture proche du sucre<\/strong> le rend facile \u00e0 dissoudre dans les boissons chaudes et froides, ainsi que pour <strong>la p\u00e2tisserie et la cuisine<\/strong> \ud83c\udf70. Cet \u00e9dulcorant convient \u00e0 <strong>toute la famille<\/strong>, aux <strong>v\u00e9g\u00e9taliens et v\u00e9g\u00e9tariens<\/strong>, et il est m\u00eame <strong>sans danger pour les animaux de compagnie<\/strong> \ud83d\udc36\ud83d\udc31.<\/p>\n<p>Notre <strong>\u00e9dulcorant Stevia + \u00c9rythritol<\/strong> est une <strong>alternative naturelle au sucre et aux \u00e9dulcorants artificiels<\/strong>. Contrairement \u00e0 d\u2019autres, il <strong>ne contient ni dextrose, ni ar\u00f4mes artificiels, ni \u00e9dulcorants comme l\u2019acesulfame-K<\/strong> \ud83d\udeab. Le <strong>produit cristallis\u00e9 de Castello depuis 1907<\/strong> est compos\u00e9 uniquement <strong>d\u2019\u00e9rythritol 100% naturel<\/strong>, issu de <strong>ma\u00efs non-OGM \u00e0 100%<\/strong> \ud83c\udf3d, et de <strong>glycosides de st\u00e9viol<\/strong>, un <strong>extrait pur de st\u00e9via 200 fois plus sucr\u00e9 que le sucre<\/strong> \ud83c\udf6c.<\/p>\n<p>L\u2019<strong>\u00e9dulcorant Stevia + \u00c9rythritol de Castello depuis 1907<\/strong> est une <strong>alternative saine et naturelle au sucre<\/strong> qui <strong>n\u2019affecte ni la glyc\u00e9mie, ni l\u2019insuline, ni le cholest\u00e9rol, ni les triglyc\u00e9rides, ni les \u00e9lectrolytes<\/strong> \ud83e\ude7a, gr\u00e2ce \u00e0 son <strong>indice glyc\u00e9mique nul<\/strong>. Les glucides qu\u2019il contient <strong>ne sont pas m\u00e9tabolis\u00e9s par l\u2019organisme<\/strong>, ce qui en fait un <strong>\u00e9dulcorant sans calorie ni glucide<\/strong>. Il est parfait pour les <strong>r\u00e9gimes sp\u00e9cifiques<\/strong> comme les r\u00e9gimes <strong>c\u00e9tog\u00e8ne, pal\u00e9o, anti-candida<\/strong> et les <strong>r\u00e9gimes sportifs<\/strong> \ud83e\udd51\ud83c\udfcb\ufe0f\u200d\u2642\ufe0f.<\/p>\n<p>Notre <strong>\u00e9dulcorant Stevia + \u00c9rythritol<\/strong> a un <strong>rapport 1:8 avec le sucre<\/strong>, ce qui signifie que <strong>1 gramme de produit = 8 grammes de sucre<\/strong>. Cet \u00e9dulcorant est une <strong>option saine et naturelle<\/strong> pour sucrer les boissons et les aliments sans perdre en douceur. <strong>Fabriqu\u00e9 en Espagne<\/strong> \ud83c\uddea\ud83c\uddf8 selon les <strong>normes de qualit\u00e9 les plus strictes (IFS Food)<\/strong>, ce produit est le <strong>choix parfait pour ceux qui souhaitent prendre soin de leur sant\u00e9 et maintenir une alimentation \u00e9quilibr\u00e9e<\/strong> \u2705.<\/p>\n","protected":false},"featured_media":6349,"template":"","meta":{"_seopress_robots_primary_cat":"none","_seopress_titles_title":"","_seopress_titles_desc":"","_seopress_robots_index":"","inline_featured_image":false},"product_brand":[],"product_cat":[246,235,446],"product_tag":[],"class_list":{"0":"post-10395","1":"product","2":"type-product","3":"status-publish","4":"has-post-thumbnail","6":"product_cat-stevia-erythritol","7":"product_cat-products","8":"product_cat-stevia-erythritol-1-8","10":"first","11":"outofstock","12":"taxable","13":"shipping-taxable","14":"purchasable","15":"product-type-simple"},"_links":{"self":[{"href":"https:\/\/www.naturalcastello.com\/fr\/wp-json\/wp\/v2\/product\/10395","targetHints":{"allow":["GET"]}}],"collection":[{"href":"https:\/\/www.naturalcastello.com\/fr\/wp-json\/wp\/v2\/product"}],"about":[{"href":"https:\/\/www.naturalcastello.com\/fr\/wp-json\/wp\/v2\/types\/product"}],"wp:featuredmedia":[{"embeddable":true,"href":"https:\/\/www.naturalcastello.com\/fr\/wp-json\/wp\/v2\/media\/6349"}],"wp:attachment":[{"href":"https:\/\/www.naturalcastello.com\/fr\/wp-json\/wp\/v2\/media?parent=10395"}],"wp:term":[{"taxonomy":"product_brand","embeddable":true,"href":"https:\/\/www.naturalcastello.com\/fr\/wp-json\/wp\/v2\/product_brand?post=10395"},{"taxonomy":"product_cat","embeddable":true,"href":"https:\/\/www.naturalcastello.com\/fr\/wp-json\/wp\/v2\/product_cat?post=10395"},{"taxonomy":"product_tag","embeddable":true,"href":"https:\/\/www.naturalcastello.com\/fr\/wp-json\/wp\/v2\/product_tag?post=10395"}],"curies":[{"name":"wp","href":"https:\/\/api.w.org\/{rel}","templated":true}]}}