

{"id":10059,"date":"2025-06-04T17:48:07","date_gmt":"2025-06-04T15:48:07","guid":{"rendered":"https:\/\/www.naturalcastello.com\/condizioni-di-consegna\/"},"modified":"2025-06-04T17:48:07","modified_gmt":"2025-06-04T15:48:07","slug":"condizioni-di-consegna","status":"publish","type":"page","link":"https:\/\/www.naturalcastello.com\/it\/condizioni-di-consegna\/","title":{"rendered":"Condizioni di consegna"},"content":{"rendered":"<h2>Tempi di spedizione e consegna<\/h2>\n<h3>1.- Tempi di consegna<\/h3>\n<p>Per tutti gli ordini effettuati prima delle 13:00, Natural Castell\u00f3 si impegna a far partire la merce dal nostro magazzino lo stesso giorno, con consegna prevista per il giorno lavorativo successivo. In alcuni casi, l\u2019ordine potrebbe subire un ritardo massimo di 3 giorni. Qualora, per motivi come la mancanza di stock in magazzino, i tempi di consegna dovessero superare le 72 ore, Natural Castell\u00f3 provveder\u00e0 a comunicarlo preventivamente, offrendo al cliente la possibilit\u00e0 di annullare l\u2019ordine o di modificare i prodotti acquistati.  <\/p>\n<h3>2.- Costi di spedizione<\/h3>\n<p>I costi di spedizione dipenderanno dall\u2019indirizzo di consegna e dall\u2019acquisto effettuato; verranno calcolati nella sezione del carrello.<\/p>\n","protected":false},"excerpt":{"rendered":"<p>Tempi di spedizione e consegna 1.- Tempi di consegna Per tutti gli ordini effettuati prima delle 13:00, Natural Castell\u00f3 si impegna a far partire la merce dal nostro magazzino lo stesso giorno, con consegna prevista per il giorno lavorativo successivo. In alcuni casi, l\u2019ordine potrebbe subire un ritardo massimo di 3 giorni. Qualora, per motivi [&hellip;]<\/p>\n","protected":false},"author":1,"featured_media":0,"parent":0,"menu_order":0,"comment_status":"closed","ping_status":"closed","template":"","meta":{"_seopress_robots_primary_cat":"","_seopress_titles_title":"","_seopress_titles_desc":"","_seopress_robots_index":"","inline_featured_image":false,"footnotes":""},"class_list":["post-10059","page","type-page","status-publish","hentry"],"_links":{"self":[{"href":"https:\/\/www.naturalcastello.com\/it\/wp-json\/wp\/v2\/pages\/10059","targetHints":{"allow":["GET"]}}],"collection":[{"href":"https:\/\/www.naturalcastello.com\/it\/wp-json\/wp\/v2\/pages"}],"about":[{"href":"https:\/\/www.naturalcastello.com\/it\/wp-json\/wp\/v2\/types\/page"}],"author":[{"embeddable":true,"href":"https:\/\/www.naturalcastello.com\/it\/wp-json\/wp\/v2\/users\/1"}],"replies":[{"embeddable":true,"href":"https:\/\/www.naturalcastello.com\/it\/wp-json\/wp\/v2\/comments?post=10059"}],"version-history":[{"count":0,"href":"https:\/\/www.naturalcastello.com\/it\/wp-json\/wp\/v2\/pages\/10059\/revisions"}],"wp:attachment":[{"href":"https:\/\/www.naturalcastello.com\/it\/wp-json\/wp\/v2\/media?parent=10059"}],"curies":[{"name":"wp","href":"https:\/\/api.w.org\/{rel}","templated":true}]}}