

{"id":10196,"date":"2025-06-05T15:37:19","date_gmt":"2025-06-05T13:37:19","guid":{"rendered":"https:\/\/www.naturalcastello.com\/?page_id=10196"},"modified":"2025-06-05T15:38:02","modified_gmt":"2025-06-05T13:38:02","slug":"informativa-sulla-privacy","status":"publish","type":"page","link":"https:\/\/www.naturalcastello.com\/it\/informativa-sulla-privacy\/","title":{"rendered":"Informativa sulla privacy"},"content":{"rendered":"<div class=\"wpb-content-wrapper\"><p>[vc_row][vc_column][vc_column_text css=&#8221;&#8221;]<\/p>\n<h1>Informativa sulla privacy<\/h1>\n<p>[\/vc_column_text][vc_column_text css=&#8221;&#8221;]La presente informativa sulla privacy stabilisce le modalit\u00e0 di trattamento dei dati personali su questo sito web. \u00c8 fondamentale leggerla e accettarla prima di continuare la navigazione.<br \/>\n<a href=\"https:\/\/www.naturalcastello.com\/it\/\">naturalcastello.com<\/a> \u00e8 un progetto di T\u00e1rtaros Gonzalo Castell\u00f3, la cui denominazione sociale \u00e8 T\u00e1rtaros Gonzalo Castell\u00f3, S.L.U. e il cui numero di partita IVA \u00e8 B03528916.<br \/>\nUno dei valori in cui crediamo \u00e8 la trasparenza, quindi vogliamo che tu sappia fin dall&#8217;inizio che la tua privacy \u00e8 molto importante per noi. Questa dichiarazione sulla privacy spiega quali informazioni personali raccogliamo dagli utenti e come le utilizziamo. Ti invitiamo a leggere attentamente questi termini prima di fornire i tuoi dati personali su questo sito web. I maggiori di tredici anni possono registrarsi su <a href=\"https:\/\/www.naturalcastello.com\/it\/\">naturalcastello.com<\/a> come utenti senza il previo consenso dei genitori o tutori.<br \/>\nPer i minori di tredici anni \u00e8 richiesto il consenso dei genitori o tutori per il trattamento dei dati personali.<\/p>\n<p>&nbsp;<\/p>\n<p>In nessun caso verranno raccolti dati relativi alla situazione professionale o economica o alla privacy degli altri membri della famiglia senza il loro consenso.<\/p>\n<p>&nbsp;<\/p>\n<p>Se hai meno di tredici anni e hai acceduto a questo sito senza informare i tuoi genitori, non devi registrarti come utente.<\/p>\n<p>&nbsp;<\/p>\n<p>Questo sito rispetta e protegge i dati personali degli utenti. Come utente devi sapere che i tuoi diritti sono garantiti.<\/p>\n<p>&nbsp;<\/p>\n<p>Abbiamo fatto uno sforzo per creare uno spazio sicuro e affidabile e per questo vogliamo condividere i nostri principi riguardo la tua privacy:<\/p>\n<ul>\n<li>Non chiediamo mai informazioni personali a meno che non siano realmente necessarie per fornirti i servizi richiesti.<\/li>\n<li>Non condividiamo mai le informazioni personali degli utenti con nessuno, salvo per adempiere alla legge o con il tuo esplicito consenso.<\/li>\n<li>Non utilizzeremo mai i tuoi dati personali per scopi diversi da quelli indicati in questa politica sulla privacy.<\/li>\n<\/ul>\n<p>Ti informiamo che questa Privacy Policy pu\u00f2 variare in base a requisiti legislativi o di autoregolamentazione, pertanto ti consigliamo di visitarla periodicamente. Sar\u00e0 applicabile nel caso in cui gli utenti decidano di compilare un modulo di contatto in cui vengono raccolti dati personali.<\/p>\n<p>&nbsp;<\/p>\n<p>T\u00e1rtaros Gonzalo Castell\u00f3 ha adeguato questo sito ai requisiti della Legge Organica 15\/1999, del 13 dicembre, sulla Protezione dei Dati Personali (LOPD), e al Regio Decreto 1720\/2007, del 21 dicembre, noto come Regolamento di Sviluppo della LOPD. \u00c8 conforme anche al Regolamento (UE) 2016\/679 del Parlamento Europeo e del Consiglio del 27 aprile 2016 sulla protezione delle persone fisiche (GDPR), nonch\u00e9 alla Legge 34\/2002, dell&#8217;11 luglio, sui Servizi della Societ\u00e0 dell&#8217;Informazione e sul Commercio Elettronico (LSSICE o LSSI).[\/vc_column_text][vc_column_text css=&#8221;&#8221;]<\/p>\n<h2>Responsabile del trattamento dei tuoi dati personali<\/h2>\n<p>[\/vc_column_text][vc_column_text css=&#8221;&#8221;]<\/p>\n<ul>\n<li><strong>Identit\u00e0 del responsabile:<\/strong> T\u00e1rtaros Gonzalo Castell\u00f3, S.L.U.<\/li>\n<li><strong>Nome commerciale:<\/strong> T\u00e1rtaros Gonzalo Castell\u00f3<\/li>\n<li><strong>Partita IVA:<\/strong> B03528916<\/li>\n<li><strong>Indirizzo:<\/strong> C\/ Concepci\u00f3n Arenal, 32, Novelda (Alicante) &#8211; Spagna<\/li>\n<li><strong>E-mail:<\/strong> <a href=\"mailto:itdepartment@tartaric.com\">itdepartment@tartaric.com<\/a><\/li>\n<li><strong>Attivit\u00e0:<\/strong> Produzione e commercializzazione di prodotti tartarici, lieviti chimici, dolcificanti e sali a basso contenuto o privi di sodio.<\/li>\n<li><strong>Iscritta al Registro delle Imprese<\/strong> di Alicante, Tomo 1202, Foglio 197 e Scheda n\u00ba A-2.188 &#8211; Iscrizione 1\u00aa.<\/li>\n<\/ul>\n<p>Ai sensi del Regolamento Generale sulla Protezione dei Dati, i dati personali che ci invii tramite i moduli del sito saranno trattati per la finalit\u00e0 di &#8220;Utenti del sito web e abbonati&#8221;.<\/p>\n<p>&nbsp;<\/p>\n<p>Per il trattamento dei dati degli utenti, adottiamo tutte le misure tecniche e organizzative di sicurezza previste dalla normativa vigente.[\/vc_column_text][vc_column_text css=&#8221;&#8221;]<\/p>\n<h2>Principi applicati ai dati personali<\/h2>\n<p>[\/vc_column_text][vc_column_text css=&#8221;&#8221;]Nel trattamento dei tuoi dati personali applicheremo i seguenti principi, conformemente al nuovo regolamento europeo sulla protezione dei dati:<\/p>\n<ul>\n<li><strong>Principio di liceit\u00e0, correttezza e trasparenza:<\/strong> richiederemo sempre il tuo consenso per il trattamento dei dati personali per una o pi\u00f9 finalit\u00e0 specifiche che ti comunicheremo in anticipo con assoluta trasparenza.<\/li>\n<li><strong>Principio di minimizzazione dei dati:<\/strong> raccoglieremo solo i dati strettamente necessari per le finalit\u00e0 richieste.<\/li>\n<li><strong>Principio di limitazione della conservazione:<\/strong> i dati saranno conservati per un periodo non superiore a quello necessario alle finalit\u00e0 del trattamento. Ti informeremo sul periodo di conservazione corrispondente e, nel caso di abbonamenti, revisioneremo periodicamente le nostre liste eliminando i registri inattivi da tempo considerevole.<\/li>\n<li><strong>Principio di integrit\u00e0 e riservatezza:<\/strong> i tuoi dati saranno trattati in modo da garantirne un\u2019adeguata sicurezza e riservatezza. Prendiamo tutte le precauzioni necessarie per prevenire accessi non autorizzati o usi impropri da parte di terzi.<\/li>\n<\/ul>\n<p>[\/vc_column_text][vc_column_text css=&#8221;&#8221;]<\/p>\n<h2>Come raccogliamo i tuoi dati?<\/h2>\n<p>[\/vc_column_text][vc_column_text css=&#8221;&#8221;]I dati personali che trattiamo presso T\u00e1rtaros Gonzalo Castell\u00f3 provengono da:<\/p>\n<ul>\n<li>Modulo di contatto<\/li>\n<li>Modulo di iscrizione<\/li>\n<li>Precedenti corrispondenze via e-mail<\/li>\n<\/ul>\n<p>[\/vc_column_text][vc_column_text css=&#8221;&#8221;]<\/p>\n<h2>Quali sono i tuoi diritti quando ci fornisci i tuoi dati?<\/h2>\n<p>[\/vc_column_text][vc_column_text css=&#8221;&#8221;]Chiunque ha il diritto di ottenere conferma che T\u00e1rtaros Gonzalo Castell\u00f3 stia trattando o meno dati personali che lo riguardano.<br \/>\nGli interessati hanno il diritto di:<\/p>\n<ul>\n<li>Richiedere l\u2019accesso ai dati personali<\/li>\n<li>Richiederne la rettifica o la cancellazione<\/li>\n<li>Richiedere la limitazione del trattamento<\/li>\n<li>Opporsi al trattamento<\/li>\n<li>Richiedere la portabilit\u00e0 dei dati<\/li>\n<\/ul>\n<p>Gli interessati possono <strong>accedere<\/strong> ai loro dati personali, richiedere la <strong>rettifica<\/strong> dei dati inesatti o chiederne la <strong>cancellazione<\/strong> quando, tra le altre ragioni, i dati non siano pi\u00f9 necessari rispetto alle finalit\u00e0 per le quali sono stati raccolti. In alcune circostanze, gli interessati possono richiedere la <strong>limitazione<\/strong> del trattamento dei dati, nel qual caso saranno conservati solo per l\u2019esercizio o la difesa di reclami.<\/p>\n<p>In determinate situazioni, gli interessati possono <strong>opporsi<\/strong> al trattamento dei propri dati. T\u00e1rtaros Gonzalo Castell\u00f3, S.L.U. interromper\u00e0 il trattamento salvo motivi legittimi impellenti o per l&#8217;esercizio o la difesa di eventuali reclami.<\/p>\n<p>Gli interessati hanno inoltre il diritto di ricevere in un formato strutturato, di uso comune e leggibile da dispositivo automatico i dati personali che li riguardano, e di trasmetterli a un altro responsabile del trattamento quando:<\/p>\n<ul>\n<li>Il trattamento si basi sul consenso<\/li>\n<li>I dati siano stati forniti dall\u2019interessato<\/li>\n<li>Il trattamento sia effettuato con mezzi automatizzati<\/li>\n<\/ul>\n<p>Esercitando il diritto alla portabilit\u00e0, gli interessati avranno il diritto che i dati siano trasmessi direttamente da un responsabile all\u2019altro, se tecnicamente possibile.<\/p>\n<p>Gli interessati hanno diritto alla tutela giudiziaria effettiva e a presentare reclamo all\u2019Autorit\u00e0 Garante per la protezione dei dati personali se ritengono che il trattamento dei dati violi il Regolamento.[\/vc_column_text][vc_column_text css=&#8221;&#8221;]<\/p>\n<h2>Per quale scopo trattiamo i tuoi dati personali?<\/h2>\n<p>[\/vc_column_text][vc_column_text css=&#8221;&#8221;]Quando un utente si connette a questo sito web, ad esempio per commentare un post, inviare un\u2019email al proprietario o iscriversi, fornisce informazioni personali di cui T\u00e1rtaros Gonzalo Castell\u00f3 \u00e8 responsabile. Tali informazioni possono includere dati personali come indirizzo IP, nome, indirizzo fisico, indirizzo e-mail, numero di telefono e altre informazioni. Fornendo queste informazioni, l\u2019utente acconsente alla raccolta, all\u2019uso, alla gestione e alla conservazione delle informazioni da parte di <a href=\"https:\/\/www.naturalcastello.com\/it\/\">naturalcastello.com<\/a> come descritto nell\u2019Avviso Legale e in questa Politica sulla Privacy.<br \/>\nIn conformit\u00e0 con il Regolamento Europeo sulla Protezione dei Dati (GDPR) 2016\/679, T\u00e1rtaros Gonzalo Castell\u00f3 S.L.U., con sede in C\/ Concepci\u00f3n Arenal, 32, 03660 Novelda (Alicante) &#8211; Spagna, sar\u00e0 il responsabile del trattamento dei dati relativi agli Utenti del sito web e agli abbonati.<\/p>\n<p>&nbsp;<\/p>\n<p>T\u00e1rtaros Gonzalo Castell\u00f3 non vende, affitta n\u00e9 cede dati personali che possano identificare l\u2019utente, n\u00e9 lo far\u00e0 in futuro, a terzi senza previo consenso.[\/vc_column_text][vc_column_text css=&#8221;&#8221;]<\/p>\n<h2>Remarketing<\/h2>\n<p>[\/vc_column_text][vc_column_text css=&#8221;&#8221;]La funzione di remarketing ci consente di raggiungere persone che hanno visitato <a href=\"https:\/\/www.naturalcastello.com\/it\/\">naturalcastello.com<\/a> o ci hanno contattato tramite email in passato, associando un pubblico specifico a un messaggio specifico. Il remarketing \u00e8 un metodo per far s\u00ec che gli utenti che hanno visitato il nostro sito tornino a visitarlo.[\/vc_column_text][vc_column_text css=&#8221;&#8221;]<\/p>\n<h2>Legittimit\u00e0 per il trattamento dei dati<\/h2>\n<p>[\/vc_column_text][vc_column_text css=&#8221;&#8221;]La base legale per il trattamento dei tuoi dati \u00e8 il consenso.<br \/>\nPer contattarci o commentare su questo sito \u00e8 necessario il consenso a questa politica sulla privacy.<\/p>\n<p>&nbsp;<\/p>\n<p>L\u2019offerta commerciale prospettica di prodotti e servizi si basa sul consenso richiesto, senza che in nessun caso la revoca di tale consenso condizioni l\u2019esecuzione del contratto di abbonamento.<\/p>\n<p>&nbsp;<\/p>\n<p><strong>Categoria dei dati trattati<\/strong><\/p>\n<p>Le categorie di dati trattati sono dati identificativi.<\/p>\n<p>&nbsp;<\/p>\n<p>Non vengono trattate categorie particolari di dati.[\/vc_column_text][vc_column_text css=&#8221;&#8221;]<\/p>\n<h2>Per quanto tempo conserveremo i tuoi dati?<\/h2>\n<p>[\/vc_column_text][vc_column_text css=&#8221;&#8221;]<strong>I dati personali forniti saranno conservati:<\/strong><\/p>\n<ul>\n<li>Fintanto che si mantiene il rapporto commerciale.<\/li>\n<li>Fino a quando non viene richiesta la cancellazione da parte dell\u2019interessato.<\/li>\n<li>Periodo dall\u2019ultima conferma di interesse: 1 anno.<\/li>\n<\/ul>\n<p>[\/vc_column_text][vc_column_text css=&#8221;&#8221;]<\/p>\n<h2>A quali destinatari saranno comunicati i tuoi dati?<\/h2>\n<p>[\/vc_column_text][vc_column_text css=&#8221;&#8221;]Molti strumenti che utilizziamo per gestire i tuoi dati sono forniti da terze parti.<br \/>\nPer fornire servizi strettamente necessari allo sviluppo dell\u2019attivit\u00e0, <a href=\"https:\/\/www.naturalcastello.com\/it\/\">naturalcastello.com<\/a> condivide dati con i seguenti fornitori sotto le loro rispettive condizioni di privacy:<\/p>\n<p>Questo sito utilizza <strong>Google Analytics<\/strong>, un servizio di analisi web fornito per l\u2019Area Economica Europea e la Svizzera da Google Ireland Limited, con sede in Irlanda. Google Analytics ci aiuta ad analizzare come gli utenti utilizzano il sito. Le informazioni raccolte possono essere trasferite e trattate da Google LLC negli Stati Uniti, la cui certificazione sotto l\u2019EU-U.S. Data Privacy Framework garantisce un adeguato livello di protezione dei dati trasferiti. Per maggiori dettagli su come Google gestisce i dati, puoi consultare la Privacy Policy di Google e i termini della sua certificazione del Data Privacy Framework.<\/p>\n<p><strong>Hosting:<\/strong> Raiola Networks, S.L., con sede in Spagna. Maggiori informazioni su: <a href=\"https:\/\/raiolanetworks.es\">https:\/\/raiolanetworks.es<\/a> (Raiola Networks, S.L.). Raiola Networks, S.L. gestisce i dati al fine di fornire servizi di hosting tramite Luz Soluciones TIC, S.L.<\/p>\n<p><strong>Email marketing:<\/strong> Mailjet SAS, con sede in Francia. Maggiori informazioni su: <a href=\"https:\/\/es.mailjet.com\/\">https:\/\/es.mailjet.com\/<\/a>. Mailjet SAS gestisce i dati per fornire servizi di email marketing a T\u00e1rtaros Gonzalo Castell\u00f3 S.L.U.[\/vc_column_text][vc_column_text css=&#8221;&#8221;]<\/p>\n<h2>Navigazione<\/h2>\n<p>[\/vc_column_text][vc_column_text css=&#8221;&#8221;]Navigando su <a href=\"https:\/\/www.naturalcastello.com\/it\/\">naturalcastello.com<\/a> possiamo raccogliere dati non identificabili, che possono includere, ma non si limitano a, indirizzi IP, localizzazione geografica (approssimativa), registri di come vengono utilizzati i servizi e i siti e altri dati che non possono essere utilizzati per identificarti. Tra i dati non identificabili rientrano anche quelli relativi alle tue abitudini di navigazione tramite servizi di terze parti. Questo sito utilizza i seguenti servizi di analisi di terze parti:<\/p>\n<ul>\n<li>Google Analytics<\/li>\n<\/ul>\n<p>Utilizziamo queste informazioni per analizzare le tendenze, amministrare il sito, monitorare i movimenti degli utenti sul sito e raccogliere informazioni demografiche sulla nostra base di utenti nel suo complesso.[\/vc_column_text][vc_column_text css=&#8221;&#8221;]<\/p>\n<h2>Riservatezza e sicurezza dei dati<\/h2>\n<p>[\/vc_column_text][vc_column_text css=&#8221;&#8221;]<a href=\"https:\/\/www.naturalcastello.com\/it\/\">Naturalcastello.com<\/a> si impegna a utilizzare e trattare i dati personali degli utenti rispettandone la riservatezza e ad usarli conformemente alle finalit\u00e0 dichiarate, nonch\u00e9 a rispettare l&#8217;obbligo di conservarli e ad adottare tutte le misure necessarie per evitare l&#8217;alterazione, la perdita, il trattamento o l&#8217;accesso non autorizzato, in conformit\u00e0 con le disposizioni della normativa vigente in materia di protezione dei dati.<br \/>\nQuesto sito include un certificato SSL. Si tratta di un protocollo di sicurezza che garantisce che i tuoi dati viaggino in modo sicuro e criptato: la trasmissione di dati tra un server e un utente web \u00e8 completamente cifrata.<\/p>\n<p><a href=\"https:\/\/www.naturalcastello.com\/it\/\">Naturalcastello.com<\/a> non pu\u00f2 garantire l\u2019assoluta inespugnabilit\u00e0 della rete Internet e pertanto non pu\u00f2 escludere una violazione dei dati mediante accesso fraudolento da parte di terzi.<\/p>\n<p>Per quanto riguarda la riservatezza del trattamento, T\u00e1rtaros Gonzalo Castell\u00f3 S.L.U. garantir\u00e0 che qualsiasi persona autorizzata da <a href=\"https:\/\/www.naturalcastello.com\/it\/\">naturalcastello.com<\/a> al trattamento dei dati dei clienti (personale, collaboratori e fornitori) sia soggetta a opportune obbligazioni di riservatezza (contrattuali o legali).<\/p>\n<p>&nbsp;<\/p>\n<p>Quando si verifica un incidente di sicurezza, <a href=\"https:\/\/www.naturalcastello.com\/it\/\">naturalcastello.com<\/a>, una volta venutane a conoscenza, notificher\u00e0 tempestivamente l&#8217;utente fornendo informazioni adeguate sull\u2019incidente di sicurezza man mano che divengano disponibili o su richiesta ragionevole dell\u2019utente.[\/vc_column_text][vc_column_text css=&#8221;&#8221;]<\/p>\n<h2>Veridicit\u00e0 dei dati<\/h2>\n<p>[\/vc_column_text][vc_column_text css=&#8221;&#8221;]In qualit\u00e0 di utente, sei l\u2019unico responsabile della veridicit\u00e0 e correttezza dei dati trasmessi a <a href=\"https:\/\/www.naturalcastello.com\/it\/\">naturalcastello.com<\/a>, sollevando T\u00e1rtaros Gonzalo Castell\u00f3 S.L.U. da qualsiasi responsabilit\u00e0 al riguardo. Gli utenti garantiscono e rispondono, in ogni caso, della precisione, validit\u00e0 e autenticit\u00e0 dei dati personali forniti e si impegnano a mantenerli debitamente aggiornati. L\u2019utente si impegna a fornire informazioni complete e corrette nei moduli di contatto o di iscrizione.[\/vc_column_text][vc_column_text css=&#8221;&#8221;]<\/p>\n<h2>Accettazione e consenso<\/h2>\n<p>[\/vc_column_text][vc_column_text css=&#8221;&#8221;]L\u2019utente dichiara di essere stato informato delle condizioni relative alla protezione dei dati personali, accettando e acconsentendo al trattamento degli stessi da parte di T\u00e1rtaros Gonzalo Castell\u00f3 S.L.U. nei modi e per le finalit\u00e0 indicate nella presente informativa sulla privacy.[\/vc_column_text][vc_column_text css=&#8221;&#8221;]<\/p>\n<h2>Revoca<\/h2>\n<p>[\/vc_column_text][vc_column_text css=&#8221;&#8221;]Il consenso prestato, sia per il trattamento che per la cessione dei dati degli interessati, \u00e8 revocabile in qualsiasi momento comunicandolo a T\u00e1rtaros Gonzalo Castell\u00f3 S.L.U. secondo i termini stabiliti nella presente Politica per l\u2019esercizio dei diritti ARCO. Tale revoca non avr\u00e0 in nessun caso effetto retroattivo.[\/vc_column_text][vc_column_text css=&#8221;&#8221;]<\/p>\n<h2>Modifiche alla politica sulla privacy<\/h2>\n<p>[\/vc_column_text][vc_column_text css=&#8221;&#8221;]T\u00e1rtaros Gonzalo Castell\u00f3 S.L.U. si riserva il diritto di modificare la presente politica per adeguarla a novit\u00e0 legislative o giurisprudenziali, nonch\u00e9 a prassi del settore. In tali casi, T\u00e1rtaros Gonzalo Castell\u00f3 S.L.U. annuncer\u00e0 su questa pagina le modifiche introdotte con ragionevole anticipo rispetto alla loro applicazione.[\/vc_column_text][vc_column_text css=&#8221;&#8221;]<\/p>\n<h2>Email commerciali<\/h2>\n<p>[\/vc_column_text][vc_column_text css=&#8221;&#8221;]In conformit\u00e0 con la LSSICE (Legge sui Servizi della Societ\u00e0 dell&#8217;Informazione e Commercio Elettronico spagnola), <a href=\"https:\/\/www.naturalcastello.com\/it\/\">naturalcastello.com<\/a> non adotta pratiche di SPAM, pertanto non invia email commerciali non preventivamente richieste o autorizzate dall\u2019utente. Di conseguenza, in ognuno dei moduli disponibili sul sito, l\u2019utente ha la possibilit\u00e0 di dare il proprio consenso esplicito alla ricezione della newsletter, indipendentemente dalle informazioni commerciali occasionalmente richieste.<br \/>\nIn conformit\u00e0 con quanto stabilito nella Legge 34\/2002 sui Servizi della Societ\u00e0 dell\u2019Informazione e Commercio Elettronico, <a href=\"https:\/\/www.naturalcastello.com\/it\/\">naturalcastello.com<\/a> si impegna a non inviare comunicazioni di carattere commerciale senza identificarle come tali.<\/p>\n<p>Documento revisionato il 24-05-2018.<\/p>\n<p>&nbsp;<\/p>\n<p>A nome del team di T\u00e1rtaros Gonzalo Castell\u00f3, ti ringraziamo per il tempo dedicato alla lettura di questa informativa sulla privacy.[\/vc_column_text][\/vc_column][\/vc_row]<\/p>\n<\/div>","protected":false},"excerpt":{"rendered":"<p>[vc_row][vc_column][vc_column_text css=&#8221;&#8221;] Informativa sulla privacy [\/vc_column_text][vc_column_text css=&#8221;&#8221;]La presente informativa sulla privacy stabilisce le modalit\u00e0 di trattamento dei dati personali su questo sito web. \u00c8 fondamentale leggerla e accettarla prima di continuare la navigazione. naturalcastello.com \u00e8 un progetto di T\u00e1rtaros Gonzalo Castell\u00f3, la cui denominazione sociale \u00e8 T\u00e1rtaros Gonzalo Castell\u00f3, S.L.U. e il cui numero di [&hellip;]<\/p>\n","protected":false},"author":1,"featured_media":0,"parent":0,"menu_order":0,"comment_status":"closed","ping_status":"closed","template":"","meta":{"_seopress_robots_primary_cat":"","_seopress_titles_title":"","_seopress_titles_desc":"","_seopress_robots_index":"","inline_featured_image":false,"footnotes":""},"class_list":["post-10196","page","type-page","status-publish","hentry"],"_links":{"self":[{"href":"https:\/\/www.naturalcastello.com\/it\/wp-json\/wp\/v2\/pages\/10196","targetHints":{"allow":["GET"]}}],"collection":[{"href":"https:\/\/www.naturalcastello.com\/it\/wp-json\/wp\/v2\/pages"}],"about":[{"href":"https:\/\/www.naturalcastello.com\/it\/wp-json\/wp\/v2\/types\/page"}],"author":[{"embeddable":true,"href":"https:\/\/www.naturalcastello.com\/it\/wp-json\/wp\/v2\/users\/1"}],"replies":[{"embeddable":true,"href":"https:\/\/www.naturalcastello.com\/it\/wp-json\/wp\/v2\/comments?post=10196"}],"version-history":[{"count":2,"href":"https:\/\/www.naturalcastello.com\/it\/wp-json\/wp\/v2\/pages\/10196\/revisions"}],"predecessor-version":[{"id":10203,"href":"https:\/\/www.naturalcastello.com\/it\/wp-json\/wp\/v2\/pages\/10196\/revisions\/10203"}],"wp:attachment":[{"href":"https:\/\/www.naturalcastello.com\/it\/wp-json\/wp\/v2\/media?parent=10196"}],"curies":[{"name":"wp","href":"https:\/\/api.w.org\/{rel}","templated":true}]}}