

{"id":11101,"date":"2025-06-18T11:37:34","date_gmt":"2025-06-18T09:37:34","guid":{"rendered":"https:\/\/www.naturalcastello.com\/?page_id=11101"},"modified":"2025-06-18T13:07:18","modified_gmt":"2025-06-18T11:07:18","slug":"pagamento-annullato","status":"publish","type":"page","link":"https:\/\/www.naturalcastello.com\/it\/pagamento-annullato\/","title":{"rendered":"Pagamento annullato"},"content":{"rendered":"<div class=\"wpb-content-wrapper\"><p>[vc_row][vc_column][vc_column_text css=&#8221;&#8221;]<\/p>\n<div class=\"woocommerce-message woocommerce-error\" style=\"border: 1px solid #f00; padding: 20px; background-color: #fff4f4; border-radius: 8px;\">\n<h2>Il tuo pagamento \u00e8 stato annullato<\/h2>\n<p>Siamo spiacenti, il pagamento non \u00e8 andato a buon fine. Potresti averlo annullato manualmente oppure si \u00e8 verificato un errore con il sistema di pagamento.<\/p>\n<ul>\n<li>\u2714\ufe0f Nessun addebito \u00e8 stato effettuato sulla tua carta.<\/li>\n<li>\u2714\ufe0f Il tuo ordine non \u00e8 stato elaborato.<\/li>\n<\/ul>\n<p>Puoi riprovare cliccando sul pulsante qui sotto.<\/p>\n<p style=\"margin-top: 20px;\"><a class=\"button\" style=\"background-color: #0073aa; color: #fff; padding: 10px 20px; border-radius: 5px; text-decoration: none;\" href=\"\/it\/cassa\"><br \/>\nTorna al checkout<br \/>\n<\/a><\/p>\n<\/div>\n<p>[\/vc_column_text][\/vc_column][\/vc_row]<\/p>\n<\/div>","protected":false},"excerpt":{"rendered":"<p>[vc_row][vc_column][vc_column_text css=&#8221;&#8221;] Il tuo pagamento \u00e8 stato annullato Siamo spiacenti, il pagamento non \u00e8 andato a buon fine. Potresti averlo annullato manualmente oppure si \u00e8 verificato un errore con il sistema di pagamento. \u2714\ufe0f Nessun addebito \u00e8 stato effettuato sulla tua carta. \u2714\ufe0f Il tuo ordine non \u00e8 stato elaborato. Puoi riprovare cliccando sul pulsante [&hellip;]<\/p>\n","protected":false},"author":1,"featured_media":0,"parent":0,"menu_order":0,"comment_status":"closed","ping_status":"closed","template":"","meta":{"_seopress_robots_primary_cat":"","_seopress_titles_title":"","_seopress_titles_desc":"","_seopress_robots_index":"","inline_featured_image":false,"footnotes":""},"class_list":["post-11101","page","type-page","status-publish","hentry"],"_links":{"self":[{"href":"https:\/\/www.naturalcastello.com\/it\/wp-json\/wp\/v2\/pages\/11101","targetHints":{"allow":["GET"]}}],"collection":[{"href":"https:\/\/www.naturalcastello.com\/it\/wp-json\/wp\/v2\/pages"}],"about":[{"href":"https:\/\/www.naturalcastello.com\/it\/wp-json\/wp\/v2\/types\/page"}],"author":[{"embeddable":true,"href":"https:\/\/www.naturalcastello.com\/it\/wp-json\/wp\/v2\/users\/1"}],"replies":[{"embeddable":true,"href":"https:\/\/www.naturalcastello.com\/it\/wp-json\/wp\/v2\/comments?post=11101"}],"version-history":[{"count":2,"href":"https:\/\/www.naturalcastello.com\/it\/wp-json\/wp\/v2\/pages\/11101\/revisions"}],"predecessor-version":[{"id":11113,"href":"https:\/\/www.naturalcastello.com\/it\/wp-json\/wp\/v2\/pages\/11101\/revisions\/11113"}],"wp:attachment":[{"href":"https:\/\/www.naturalcastello.com\/it\/wp-json\/wp\/v2\/media?parent=11101"}],"curies":[{"name":"wp","href":"https:\/\/api.w.org\/{rel}","templated":true}]}}