

{"id":10464,"date":"2019-10-01T09:20:16","date_gmt":"2025-06-06T17:16:24","guid":{"rendered":"https:\/\/www.naturalcastello.com\/?post_type=product&#038;p=10464"},"modified":"2025-06-12T17:56:52","modified_gmt":"2025-06-12T15:56:52","slug":"bonsweet-con-ciclammato-500bustine","status":"publish","type":"product","link":"https:\/\/www.naturalcastello.com\/it\/product\/bonsweet-con-ciclammato-500bustine\/","title":{"rendered":"BonSweet con ciclammato"},"content":{"rendered":"","protected":false},"excerpt":{"rendered":"<p>\u2728 Scopri il nostro <strong>dolcificante con saccarina sodica e ciclammato<\/strong> in comode <strong>bustine monodose<\/strong>. Una formula bilanciata che combina <strong>saccarina sodica e ciclammato<\/strong> per offrire un <strong>gusto dolce e piacevole, simile allo zucchero<\/strong>.<\/p>\n<p>\ud83c\udf43 <strong>Meno di 3 kcal per bustina<\/strong>. Un\u2019alternativa leggera e salutare per chi desidera ridurre l\u2019apporto calorico senza rinunciare alla dolcezza. <strong>Senza glutine, senza lattosio e senza aromi artificiali<\/strong>.<\/p>\n<p>\ud83c\udf31 Adatto a <strong>vegani e vegetariani<\/strong>. Certificato <strong>KOSHER e HALAL<\/strong>, e <strong>prodotto in Spagna<\/strong> secondo i pi\u00f9 alti standard di qualit\u00e0.<\/p>\n<p>\u2615 <strong>Si scioglie facilmente<\/strong> sia in bevande calde che fredde, senza grumi n\u00e9 residui. Perfetto per caff\u00e8, t\u00e8, infusi, frullati e molto altro.<\/p>\n<p>\ud83d\udccf Ogni bustina ha <strong>lo stesso potere dolcificante di 8 g di zucchero<\/strong>, aiutandoti a <strong>controllare il consumo<\/strong> senza rinunciare al gusto.<\/p>\n","protected":false},"featured_media":6370,"template":"","meta":{"_seopress_robots_primary_cat":"none","_seopress_titles_title":"","_seopress_titles_desc":"","_seopress_robots_index":"","inline_featured_image":false},"product_brand":[],"product_cat":[346,235],"product_tag":[],"class_list":{"0":"post-10464","1":"product","2":"type-product","3":"status-publish","4":"has-post-thumbnail","6":"product_cat-saccharin-based-sweeteners","7":"product_cat-products","9":"first","10":"instock","11":"taxable","12":"shipping-taxable","13":"purchasable","14":"product-type-simple"},"_links":{"self":[{"href":"https:\/\/www.naturalcastello.com\/it\/wp-json\/wp\/v2\/product\/10464","targetHints":{"allow":["GET"]}}],"collection":[{"href":"https:\/\/www.naturalcastello.com\/it\/wp-json\/wp\/v2\/product"}],"about":[{"href":"https:\/\/www.naturalcastello.com\/it\/wp-json\/wp\/v2\/types\/product"}],"wp:featuredmedia":[{"embeddable":true,"href":"https:\/\/www.naturalcastello.com\/it\/wp-json\/wp\/v2\/media\/6370"}],"wp:attachment":[{"href":"https:\/\/www.naturalcastello.com\/it\/wp-json\/wp\/v2\/media?parent=10464"}],"wp:term":[{"taxonomy":"product_brand","embeddable":true,"href":"https:\/\/www.naturalcastello.com\/it\/wp-json\/wp\/v2\/product_brand?post=10464"},{"taxonomy":"product_cat","embeddable":true,"href":"https:\/\/www.naturalcastello.com\/it\/wp-json\/wp\/v2\/product_cat?post=10464"},{"taxonomy":"product_tag","embeddable":true,"href":"https:\/\/www.naturalcastello.com\/it\/wp-json\/wp\/v2\/product_tag?post=10464"}],"curies":[{"name":"wp","href":"https:\/\/api.w.org\/{rel}","templated":true}]}}